{"id":99617,"date":"2020-07-29T10:13:05","date_gmt":"2020-07-29T08:13:05","guid":{"rendered":"https:\/\/www.daliform.com\/?page_id=99617"},"modified":"2022-01-27T13:06:30","modified_gmt":"2022-01-27T12:06:30","slug":"ikea-yagmursuyu-dagilim-tanki","status":"publish","type":"page","link":"https:\/\/www.daliform.com\/tr\/referanslar\/ikea-yagmursuyu-dagilim-tanki\/","title":{"rendered":"IKEA, Ya\u011fmursuyu da\u011f\u0131l\u0131m tank\u0131"},"content":{"rendered":"","protected":false},"excerpt":{"rendered":"","protected":false},"author":1,"featured_media":0,"parent":84080,"menu_order":275,"comment_status":"closed","ping_status":"closed","template":"template-reference.php","meta":[],"acf":[],"aioseo_notices":[],"_links":{"self":[{"href":"https:\/\/www.daliform.com\/tr\/wp-json\/wp\/v2\/pages\/99617"}],"collection":[{"href":"https:\/\/www.daliform.com\/tr\/wp-json\/wp\/v2\/pages"}],"about":[{"href":"https:\/\/www.daliform.com\/tr\/wp-json\/wp\/v2\/types\/page"}],"author":[{"embeddable":true,"href":"https:\/\/www.daliform.com\/tr\/wp-json\/wp\/v2\/users\/1"}],"replies":[{"embeddable":true,"href":"https:\/\/www.daliform.com\/tr\/wp-json\/wp\/v2\/comments?post=99617"}],"version-history":[{"count":0,"href":"https:\/\/www.daliform.com\/tr\/wp-json\/wp\/v2\/pages\/99617\/revisions"}],"up":[{"embeddable":true,"href":"https:\/\/www.daliform.com\/tr\/wp-json\/wp\/v2\/pages\/84080"}],"wp:attachment":[{"href":"https:\/\/www.daliform.com\/tr\/wp-json\/wp\/v2\/media?parent=99617"}],"curies":[{"name":"wp","href":"https:\/\/api.w.org\/{rel}","templated":true}]}}