{"id":74364,"date":"2016-05-10T16:02:52","date_gmt":"2016-05-10T14:02:52","guid":{"rendered":"https:\/\/www.daliform.com\/?page_id=74364"},"modified":"2022-04-08T15:51:29","modified_gmt":"2022-04-08T13:51:29","slug":"download-area-iglu-green-roof","status":"publish","type":"page","link":"https:\/\/www.daliform.com\/tr\/cati-bahceleri-icin-sistemler\/download-area-iglu-green-roof\/","title":{"rendered":"Iglu&#8217;\u00ae Green Roof download area"},"content":{"rendered":"<p>[vc_row][vc_column]\n\t<div class=\"custom-heading wpb_content_element  heading-medium\">\n\t\t<h2 class=\"heading-title\" >BROWSE THROUGH OUR CATALOG<\/h2>\n\t\t<span class=\"heading-line primary\"><\/span>\n\t<\/div>[vc_row_inner][vc_column_inner width=&#8221;1\/4&#8243;][vc_column_text]<div class=\"_df_thumb \" id=\"df_105939\"  data-title=\"view-iglu-green-roof\" _slug=\"iglu-catalogo-italiano-3-2-2-3-2-2-3-2-3-2-2-2-2\" wpoptions=\"true\" thumb=\"https:\/\/www.daliform.com\/wp-content\/uploads\/2022\/04\/GREENROOF-cover.jpg\" thumbtype=\"bg\" >View IGLU&#8217;\u00ae GREEN ROOF<\/div><script class=\"df-shortcode-script\" type=\"application\/javascript\">window.option_df_105939 = {\"outline\":[],\"backgroundColor\":\"#f2f2f2\",\"hard\":\"cover\",\"forceFit\":\"true\",\"autoEnableOutline\":\"false\",\"autoEnableThumbnail\":\"false\",\"overwritePDFOutline\":\"false\",\"enableDownload\":\"false\",\"direction\":\"1\",\"pageSize\":\"0\",\"pageMode\":\"0\",\"singlePageMode\":\"0\",\"controlsPosition\":\"bottom\",\"soundEnable\":\"false\",\"source\":\"https:\\\/\\\/www.daliform.com\\\/wp-content\\\/uploads\\\/2022\\\/04\\\/Green-Roof_TR.pdf\",\"wpOptions\":\"true\"}; if(window.DFLIP && window.DFLIP.parseBooks){window.DFLIP.parseBooks();}<\/script>[\/vc_column_text][\/vc_column_inner][vc_column_inner width=&#8221;1\/4&#8243;][\/vc_column_inner][vc_column_inner width=&#8221;1\/4&#8243;][\/vc_column_inner][vc_column_inner width=&#8221;1\/4&#8243;][\/vc_column_inner][\/vc_row_inner][\/vc_column][\/vc_row][vc_row][vc_column]\n\t<div class=\"custom-heading wpb_content_element  heading-medium\">\n\t\t<h2 class=\"heading-title\" >DOWNLOAD AREA<\/h2>\n\t\t<span class=\"heading-line primary\"><\/span>\n\t<\/div>[vc_column_text]<div class='w3eden'><div class='row'><div class='col-md-3 col-sm-6 col-xs-12'><!-- WPDM Link Template: Default Template w\/Icon -->\n\n\n\n<div class=\"wpdm-link-tpl link-btn [color]\" data-durl=\"https:\/\/www.daliform.com\/tr\/download\/katalog-50\/?wpdmdl=78242\" style=\"margin-bottom:10px; margin-top:15px;\" >\n    <div class=\"media\"> \n        <div class=\"pull-left\" style=\" width:50px;\"><img class=\"wpdm_icon\" alt=\"Icon\" src=\"https:\/\/www.daliform.com\/wp-content\/plugins\/download-manager\/assets\/file-type-icons\/pdf.png\" onError='this.src=\"https:\/\/www.daliform.com\/wp-content\/plugins\/download-manager\/assets\/file-type-icons\/_blank.png\";' \/><\/div>\n        <div class=\"media-body\">\n        <div class=\"pull-left\"><p style=\"font-size:11px; text-align:left; font-weight:bold;  color:#000000;  line-height:10px;\">Katalog <\/p>\n            <div style=\"font-size:11px; line-height:10px; margin-top:-5px;\"><a class='wpdm-download-link wpdm-download-locked [btnclass]' rel='nofollow' href='#' onclick=\"location.href='https:\/\/www.daliform.com\/tr\/download\/katalog-50\/?wpdmdl=78242';return false;\">Download<\/a><\/div>\n        <\/div>\n        <\/div>\n    <\/div>\n<\/div>\n<div style=\"clear: both\"><\/div><\/div><div class='col-md-3 col-sm-6 col-xs-12'><!-- WPDM Link Template: Default Template w\/Icon -->\n\n\n\n<div class=\"wpdm-link-tpl link-btn [color]\" data-durl=\"https:\/\/www.daliform.com\/tr\/download\/teknik-ozellikler-12\/?wpdmdl=78243\" style=\"margin-bottom:10px; margin-top:15px;\" >\n    <div class=\"media\"> \n        <div class=\"pull-left\" style=\" width:50px;\"><img class=\"wpdm_icon\" alt=\"Icon\" src=\"https:\/\/www.daliform.com\/wp-content\/plugins\/download-manager\/assets\/file-type-icons\/doc.png\" onError='this.src=\"https:\/\/www.daliform.com\/wp-content\/plugins\/download-manager\/assets\/file-type-icons\/_blank.png\";' \/><\/div>\n        <div class=\"media-body\">\n        <div class=\"pull-left\"><p style=\"font-size:11px; text-align:left; font-weight:bold;  color:#000000;  line-height:10px;\">Teknik \u00d6zellikler <\/p>\n            <div style=\"font-size:11px; line-height:10px; margin-top:-5px;\"><a class='wpdm-download-link wpdm-download-locked [btnclass]' rel='nofollow' href='#' onclick=\"location.href='https:\/\/www.daliform.com\/tr\/download\/teknik-ozellikler-12\/?wpdmdl=78243';return false;\">Download<\/a><\/div>\n        <\/div>\n        <\/div>\n    <\/div>\n<\/div>\n<div style=\"clear: both\"><\/div><\/div><\/div><div style='clear:both'><\/div><div class='text-center'><ul  class=\"pagination pagination-centered\"><\/ul><\/div>\n<div style='clear:both'><\/div><div style='clear:both'><\/div><\/div>[\/vc_column_text][vc_text_separator title=&#8221;Teknik bilgiler&#8221; title_align=&#8221;separator_align_left&#8221;][vc_column_text]<div class='w3eden'><div class='row'><div class='col-md-3 col-sm-6 col-xs-12'><!-- WPDM Link Template: Default Template w\/Icon -->\n\n\n\n<div class=\"wpdm-link-tpl link-btn [color]\" data-durl=\"https:\/\/www.daliform.com\/tr\/download\/h-04-cm-tank\/?wpdmdl=78270\" style=\"margin-bottom:10px; margin-top:15px;\" >\n    <div class=\"media\"> \n        <div class=\"pull-left\" style=\" width:50px;\"><img class=\"wpdm_icon\" alt=\"Icon\" src=\"https:\/\/www.daliform.com\/wp-content\/plugins\/download-manager\/assets\/file-type-icons\/pdf.png\" onError='this.src=\"https:\/\/www.daliform.com\/wp-content\/plugins\/download-manager\/assets\/file-type-icons\/_blank.png\";' \/><\/div>\n        <div class=\"media-body\">\n        <div class=\"pull-left\"><p style=\"font-size:11px; text-align:left; font-weight:bold;  color:#000000;  line-height:10px;\">H 04 cm - tank <\/p>\n            <div style=\"font-size:11px; line-height:10px; margin-top:-5px;\"><a class='wpdm-download-link wpdm-download-locked [btnclass]' rel='nofollow' href='#' onclick=\"location.href='https:\/\/www.daliform.com\/tr\/download\/h-04-cm-tank\/?wpdmdl=78270';return false;\">Download<\/a><\/div>\n        <\/div>\n        <\/div>\n    <\/div>\n<\/div>\n<div style=\"clear: both\"><\/div><\/div><div class='col-md-3 col-sm-6 col-xs-12'><!-- WPDM Link Template: Default Template w\/Icon -->\n\n\n\n<div class=\"wpdm-link-tpl link-btn [color]\" data-durl=\"https:\/\/www.daliform.com\/tr\/download\/h-05-cm-tank-and-dispersion\/?wpdmdl=78274\" style=\"margin-bottom:10px; margin-top:15px;\" >\n    <div class=\"media\"> \n        <div class=\"pull-left\" style=\" width:50px;\"><img class=\"wpdm_icon\" alt=\"Icon\" src=\"https:\/\/www.daliform.com\/wp-content\/plugins\/download-manager\/assets\/file-type-icons\/pdf.png\" onError='this.src=\"https:\/\/www.daliform.com\/wp-content\/plugins\/download-manager\/assets\/file-type-icons\/_blank.png\";' \/><\/div>\n        <div class=\"media-body\">\n        <div class=\"pull-left\"><p style=\"font-size:11px; text-align:left; font-weight:bold;  color:#000000;  line-height:10px;\">H 05 cm - tank and dispersion <\/p>\n            <div style=\"font-size:11px; line-height:10px; margin-top:-5px;\"><a class='wpdm-download-link wpdm-download-locked [btnclass]' rel='nofollow' href='#' onclick=\"location.href='https:\/\/www.daliform.com\/tr\/download\/h-05-cm-tank-and-dispersion\/?wpdmdl=78274';return false;\">Download<\/a><\/div>\n        <\/div>\n        <\/div>\n    <\/div>\n<\/div>\n<div style=\"clear: both\"><\/div><\/div><div class='col-md-3 col-sm-6 col-xs-12'><!-- WPDM Link Template: Default Template w\/Icon -->\n\n\n\n<div class=\"wpdm-link-tpl link-btn [color]\" data-durl=\"https:\/\/www.daliform.com\/tr\/download\/h-09-cm-tank-and-dispersion\/?wpdmdl=78277\" style=\"margin-bottom:10px; margin-top:15px;\" >\n    <div class=\"media\"> \n        <div class=\"pull-left\" style=\" width:50px;\"><img class=\"wpdm_icon\" alt=\"Icon\" src=\"https:\/\/www.daliform.com\/wp-content\/plugins\/download-manager\/assets\/file-type-icons\/pdf.png\" onError='this.src=\"https:\/\/www.daliform.com\/wp-content\/plugins\/download-manager\/assets\/file-type-icons\/_blank.png\";' \/><\/div>\n        <div class=\"media-body\">\n        <div class=\"pull-left\"><p style=\"font-size:11px; text-align:left; font-weight:bold;  color:#000000;  line-height:10px;\">H 09 cm - tank and dispersion <\/p>\n            <div style=\"font-size:11px; line-height:10px; margin-top:-5px;\"><a class='wpdm-download-link wpdm-download-locked [btnclass]' rel='nofollow' href='#' onclick=\"location.href='https:\/\/www.daliform.com\/tr\/download\/h-09-cm-tank-and-dispersion\/?wpdmdl=78277';return false;\">Download<\/a><\/div>\n        <\/div>\n        <\/div>\n    <\/div>\n<\/div>\n<div style=\"clear: both\"><\/div><\/div><\/div><div style='clear:both'><\/div><div class='text-center'><ul  class=\"pagination pagination-centered\"><\/ul><\/div>\n<div style='clear:both'><\/div><div style='clear:both'><\/div><\/div>[\/vc_column_text][vc_text_separator title=&#8221;\u00c7izim bilgileri&#8221; title_align=&#8221;separator_align_left&#8221;][vc_column_text]<div class='w3eden'><div class='row'><div class='col-md-3 col-sm-6 col-xs-12'><!-- WPDM Link Template: Default Template w\/Icon -->\n\n\n\n<div class=\"wpdm-link-tpl link-btn [color]\" data-durl=\"https:\/\/www.daliform.com\/tr\/download\/genis-alanli-cati-ustu-bahceleri\/?wpdmdl=78416\" style=\"margin-bottom:10px; margin-top:15px;\" >\n    <div class=\"media\"> \n        <div class=\"pull-left\" style=\" width:50px;\"><img class=\"wpdm_icon\" alt=\"Icon\" src=\"https:\/\/www.daliform.com\/wp-content\/plugins\/download-manager\/assets\/file-type-icons\/dwg.png\" onError='this.src=\"https:\/\/www.daliform.com\/wp-content\/plugins\/download-manager\/assets\/file-type-icons\/_blank.png\";' \/><\/div>\n        <div class=\"media-body\">\n        <div class=\"pull-left\"><p style=\"font-size:11px; text-align:left; font-weight:bold;  color:#000000;  line-height:10px;\">Geni\u015f alanl\u0131 \u00e7at\u0131 \u00fcst\u00fc bah\u00e7eleri <\/p>\n            <div style=\"font-size:11px; line-height:10px; margin-top:-5px;\"><a class='wpdm-download-link wpdm-download-locked [btnclass]' rel='nofollow' href='#' onclick=\"location.href='https:\/\/www.daliform.com\/tr\/download\/genis-alanli-cati-ustu-bahceleri\/?wpdmdl=78416';return false;\">Download<\/a><\/div>\n        <\/div>\n        <\/div>\n    <\/div>\n<\/div>\n<div style=\"clear: both\"><\/div><\/div><div class='col-md-3 col-sm-6 col-xs-12'><!-- WPDM Link Template: Default Template w\/Icon -->\n\n\n\n<div class=\"wpdm-link-tpl link-btn [color]\" data-durl=\"https:\/\/www.daliform.com\/tr\/download\/genis-alanli-cati-ustu-bahceleri-2\/?wpdmdl=78412\" style=\"margin-bottom:10px; margin-top:15px;\" >\n    <div class=\"media\"> \n        <div class=\"pull-left\" style=\" width:50px;\"><img class=\"wpdm_icon\" alt=\"Icon\" src=\"https:\/\/www.daliform.com\/wp-content\/plugins\/download-manager\/assets\/file-type-icons\/dwg.png\" onError='this.src=\"https:\/\/www.daliform.com\/wp-content\/plugins\/download-manager\/assets\/file-type-icons\/_blank.png\";' \/><\/div>\n        <div class=\"media-body\">\n        <div class=\"pull-left\"><p style=\"font-size:11px; text-align:left; font-weight:bold;  color:#000000;  line-height:10px;\">Geni\u015f alanl\u0131 \u00e7at\u0131 \u00fcst\u00fc bah\u00e7eleri 2 <\/p>\n            <div style=\"font-size:11px; line-height:10px; margin-top:-5px;\"><a class='wpdm-download-link wpdm-download-locked [btnclass]' rel='nofollow' href='#' onclick=\"location.href='https:\/\/www.daliform.com\/tr\/download\/genis-alanli-cati-ustu-bahceleri-2\/?wpdmdl=78412';return false;\">Download<\/a><\/div>\n        <\/div>\n        <\/div>\n    <\/div>\n<\/div>\n<div style=\"clear: both\"><\/div><\/div><div class='col-md-3 col-sm-6 col-xs-12'><!-- WPDM Link Template: Default Template w\/Icon -->\n\n\n\n<div class=\"wpdm-link-tpl link-btn [color]\" data-durl=\"https:\/\/www.daliform.com\/tr\/download\/sekilde-tasarlanmasi\/?wpdmdl=78417\" style=\"margin-bottom:10px; margin-top:15px;\" >\n    <div class=\"media\"> \n        <div class=\"pull-left\" style=\" width:50px;\"><img class=\"wpdm_icon\" alt=\"Icon\" src=\"https:\/\/www.daliform.com\/wp-content\/plugins\/download-manager\/assets\/file-type-icons\/dwg.png\" onError='this.src=\"https:\/\/www.daliform.com\/wp-content\/plugins\/download-manager\/assets\/file-type-icons\/_blank.png\";' \/><\/div>\n        <div class=\"media-body\">\n        <div class=\"pull-left\"><p style=\"font-size:11px; text-align:left; font-weight:bold;  color:#000000;  line-height:10px;\">\u015fekilde tasarlanmas\u0131 <\/p>\n            <div style=\"font-size:11px; line-height:10px; margin-top:-5px;\"><a class='wpdm-download-link wpdm-download-locked [btnclass]' rel='nofollow' href='#' onclick=\"location.href='https:\/\/www.daliform.com\/tr\/download\/sekilde-tasarlanmasi\/?wpdmdl=78417';return false;\">Download<\/a><\/div>\n        <\/div>\n        <\/div>\n    <\/div>\n<\/div>\n<div style=\"clear: both\"><\/div><\/div><div class='col-md-3 col-sm-6 col-xs-12'><!-- WPDM Link Template: Default Template w\/Icon -->\n\n\n\n<div class=\"wpdm-link-tpl link-btn [color]\" data-durl=\"https:\/\/www.daliform.com\/tr\/download\/yogun-yesil-cati\/?wpdmdl=78418\" style=\"margin-bottom:10px; margin-top:15px;\" >\n    <div class=\"media\"> \n        <div class=\"pull-left\" style=\" width:50px;\"><img class=\"wpdm_icon\" alt=\"Icon\" src=\"https:\/\/www.daliform.com\/wp-content\/plugins\/download-manager\/assets\/file-type-icons\/dwg.png\" onError='this.src=\"https:\/\/www.daliform.com\/wp-content\/plugins\/download-manager\/assets\/file-type-icons\/_blank.png\";' \/><\/div>\n        <div class=\"media-body\">\n        <div class=\"pull-left\"><p style=\"font-size:11px; text-align:left; font-weight:bold;  color:#000000;  line-height:10px;\">Yo\u011fun ye\u015fil \u00e7at\u0131 <\/p>\n            <div style=\"font-size:11px; line-height:10px; margin-top:-5px;\"><a class='wpdm-download-link wpdm-download-locked [btnclass]' rel='nofollow' href='#' onclick=\"location.href='https:\/\/www.daliform.com\/tr\/download\/yogun-yesil-cati\/?wpdmdl=78418';return false;\">Download<\/a><\/div>\n        <\/div>\n        <\/div>\n    <\/div>\n<\/div>\n<div style=\"clear: both\"><\/div><\/div><div class='col-md-3 col-sm-6 col-xs-12'><!-- WPDM Link Template: Default Template w\/Icon -->\n\n\n\n<div class=\"wpdm-link-tpl link-btn [color]\" data-durl=\"https:\/\/www.daliform.com\/tr\/download\/yogun-yesil-cati-1\/?wpdmdl=78415\" style=\"margin-bottom:10px; margin-top:15px;\" >\n    <div class=\"media\"> \n        <div class=\"pull-left\" style=\" width:50px;\"><img class=\"wpdm_icon\" alt=\"Icon\" src=\"https:\/\/www.daliform.com\/wp-content\/plugins\/download-manager\/assets\/file-type-icons\/dwg.png\" onError='this.src=\"https:\/\/www.daliform.com\/wp-content\/plugins\/download-manager\/assets\/file-type-icons\/_blank.png\";' \/><\/div>\n        <div class=\"media-body\">\n        <div class=\"pull-left\"><p style=\"font-size:11px; text-align:left; font-weight:bold;  color:#000000;  line-height:10px;\">Yo\u011fun ye\u015fil \u00e7at\u0131 1 <\/p>\n            <div style=\"font-size:11px; line-height:10px; margin-top:-5px;\"><a class='wpdm-download-link wpdm-download-locked [btnclass]' rel='nofollow' href='#' onclick=\"location.href='https:\/\/www.daliform.com\/tr\/download\/yogun-yesil-cati-1\/?wpdmdl=78415';return false;\">Download<\/a><\/div>\n        <\/div>\n        <\/div>\n    <\/div>\n<\/div>\n<div style=\"clear: both\"><\/div><\/div><div class='col-md-3 col-sm-6 col-xs-12'><!-- WPDM Link Template: Default Template w\/Icon -->\n\n\n\n<div class=\"wpdm-link-tpl link-btn [color]\" data-durl=\"https:\/\/www.daliform.com\/tr\/download\/yogun-yesil-cati-2\/?wpdmdl=78414\" style=\"margin-bottom:10px; margin-top:15px;\" >\n    <div class=\"media\"> \n        <div class=\"pull-left\" style=\" width:50px;\"><img class=\"wpdm_icon\" alt=\"Icon\" src=\"https:\/\/www.daliform.com\/wp-content\/plugins\/download-manager\/assets\/file-type-icons\/dwg.png\" onError='this.src=\"https:\/\/www.daliform.com\/wp-content\/plugins\/download-manager\/assets\/file-type-icons\/_blank.png\";' \/><\/div>\n        <div class=\"media-body\">\n        <div class=\"pull-left\"><p style=\"font-size:11px; text-align:left; font-weight:bold;  color:#000000;  line-height:10px;\">Yo\u011fun ye\u015fil \u00e7at\u0131 2 <\/p>\n            <div style=\"font-size:11px; line-height:10px; margin-top:-5px;\"><a class='wpdm-download-link wpdm-download-locked [btnclass]' rel='nofollow' href='#' onclick=\"location.href='https:\/\/www.daliform.com\/tr\/download\/yogun-yesil-cati-2\/?wpdmdl=78414';return false;\">Download<\/a><\/div>\n        <\/div>\n        <\/div>\n    <\/div>\n<\/div>\n<div style=\"clear: both\"><\/div><\/div><\/div><div style='clear:both'><\/div><div class='text-center'><ul  class=\"pagination pagination-centered\"><\/ul><\/div>\n<div style='clear:both'><\/div><div style='clear:both'><\/div><\/div>[\/vc_column_text][\/vc_column][\/vc_row]<\/p>\n","protected":false},"excerpt":{"rendered":"<p>Iglu&#8217;\u00ae Green Roof Daliform Group download area: kataloglar, belgeler, kullan\u0131m talimatlar\u0131, teknik sayfalar, \u00e7izim detaylar\u0131 ve referanslar.<\/p>\n","protected":false},"author":1,"featured_media":0,"parent":69752,"menu_order":4,"comment_status":"closed","ping_status":"closed","template":"","meta":[],"acf":[],"aioseo_notices":[],"_links":{"self":[{"href":"https:\/\/www.daliform.com\/tr\/wp-json\/wp\/v2\/pages\/74364"}],"collection":[{"href":"https:\/\/www.daliform.com\/tr\/wp-json\/wp\/v2\/pages"}],"about":[{"href":"https:\/\/www.daliform.com\/tr\/wp-json\/wp\/v2\/types\/page"}],"author":[{"embeddable":true,"href":"https:\/\/www.daliform.com\/tr\/wp-json\/wp\/v2\/users\/1"}],"replies":[{"embeddable":true,"href":"https:\/\/www.daliform.com\/tr\/wp-json\/wp\/v2\/comments?post=74364"}],"version-history":[{"count":0,"href":"https:\/\/www.daliform.com\/tr\/wp-json\/wp\/v2\/pages\/74364\/revisions"}],"up":[{"embeddable":true,"href":"https:\/\/www.daliform.com\/tr\/wp-json\/wp\/v2\/pages\/69752"}],"wp:attachment":[{"href":"https:\/\/www.daliform.com\/tr\/wp-json\/wp\/v2\/media?parent=74364"}],"curies":[{"name":"wp","href":"https:\/\/api.w.org\/{rel}","templated":true}]}}