{"id":73602,"date":"2016-05-11T16:35:52","date_gmt":"2016-05-11T14:35:52","guid":{"rendered":"https:\/\/www.daliform.com\/?page_id=73602"},"modified":"2022-04-08T14:02:31","modified_gmt":"2022-04-08T12:02:31","slug":"download-area-salvaprato-erby","status":"publish","type":"page","link":"https:\/\/www.daliform.com\/tr\/salvaprato-erby-son-kat-cimenlikli-arac-garaj-yollari-icin-izgara\/download-area-salvaprato-erby\/","title":{"rendered":"Salvaprato Erby download area"},"content":{"rendered":"<p>[vc_row][vc_column]\n\t<div class=\"custom-heading wpb_content_element  heading-medium\">\n\t\t<h2 class=\"heading-title\" >BROWSE THROUGH OUR CATALOG<\/h2>\n\t\t<span class=\"heading-line primary\"><\/span>\n\t<\/div>[vc_row_inner][vc_column_inner width=&#8221;1\/4&#8243;][vc_column_text]<span data-sheets-value=\"{&quot;1&quot;:2,&quot;2&quot;:&quot;&lt;div class=&quot;_df_book df-lite&quot; id=&quot;&quot;105991&quot;&quot;  data-title=&quot;&quot; _slug=&quot;&quot; wpoptions=&quot;true&quot; thumbtype=&quot;bg&quot; &gt;&lt;p class=&quot;df-raw-loading&quot;&gt;Please wait while flipbook is loading. For more related info, FAQs and issues please refer to  documentation.&lt;\/p&gt;&lt;\/div&gt;&quot;}\" data-sheets-userformat=\"{&quot;2&quot;:573,&quot;3&quot;:{&quot;1&quot;:0},&quot;5&quot;:{&quot;1&quot;:[{&quot;1&quot;:2,&quot;2&quot;:0,&quot;5&quot;:{&quot;1&quot;:2,&quot;2&quot;:0}},{&quot;1&quot;:0,&quot;2&quot;:0,&quot;3&quot;:3},{&quot;1&quot;:1,&quot;2&quot;:0,&quot;4&quot;:1}]},&quot;6&quot;:{&quot;1&quot;:[{&quot;1&quot;:2,&quot;2&quot;:0,&quot;5&quot;:{&quot;1&quot;:2,&quot;2&quot;:0}},{&quot;1&quot;:0,&quot;2&quot;:0,&quot;3&quot;:3},{&quot;1&quot;:1,&quot;2&quot;:0,&quot;4&quot;:1}]},&quot;7&quot;:{&quot;1&quot;:[{&quot;1&quot;:2,&quot;2&quot;:0,&quot;5&quot;:{&quot;1&quot;:2,&quot;2&quot;:0}},{&quot;1&quot;:0,&quot;2&quot;:0,&quot;3&quot;:3},{&quot;1&quot;:1,&quot;2&quot;:0,&quot;4&quot;:1}]},&quot;8&quot;:{&quot;1&quot;:[{&quot;1&quot;:2,&quot;2&quot;:0,&quot;5&quot;:{&quot;1&quot;:2,&quot;2&quot;:0}},{&quot;1&quot;:0,&quot;2&quot;:0,&quot;3&quot;:3},{&quot;1&quot;:1,&quot;2&quot;:0,&quot;4&quot;:1}]},&quot;12&quot;:0}\"><div class=\"_df_thumb \" id=\"df_105991\"  data-title=\"view-salvaprato-erby\" _slug=\"iglu-catalogo-italiano-3-2-2-3-2-2-2-2-2-2-2-3-2-3-2-2-2-2\" wpoptions=\"true\" thumb=\"https:\/\/www.daliform.com\/wp-content\/uploads\/2022\/04\/ERBY-cover.jpg\" thumbtype=\"bg\" >View SALVAPRATO ERBY<\/div><script class=\"df-shortcode-script\" type=\"application\/javascript\">window.option_df_105991 = {\"outline\":[],\"backgroundColor\":\"#f2f2f2\",\"hard\":\"cover\",\"forceFit\":\"true\",\"autoEnableOutline\":\"false\",\"autoEnableThumbnail\":\"false\",\"overwritePDFOutline\":\"false\",\"enableDownload\":\"false\",\"direction\":\"1\",\"pageSize\":\"0\",\"pageMode\":\"0\",\"singlePageMode\":\"0\",\"controlsPosition\":\"bottom\",\"soundEnable\":\"false\",\"source\":\"https:\\\/\\\/www.daliform.com\\\/wp-content\\\/uploads\\\/2022\\\/04\\\/SALVAPRATO_Erby_TR.pdf\",\"wpOptions\":\"true\"}; if(window.DFLIP && window.DFLIP.parseBooks){window.DFLIP.parseBooks();}<\/script><\/span>[\/vc_column_text][\/vc_column_inner][vc_column_inner width=&#8221;1\/4&#8243;][\/vc_column_inner][vc_column_inner width=&#8221;1\/4&#8243;][\/vc_column_inner][vc_column_inner width=&#8221;1\/4&#8243;][\/vc_column_inner][\/vc_row_inner][\/vc_column][\/vc_row][vc_row][vc_column]\n\t<div class=\"custom-heading wpb_content_element  heading-medium\">\n\t\t<h2 class=\"heading-title\" >DOWNLOAD AREA<\/h2>\n\t\t<span class=\"heading-line primary\"><\/span>\n\t<\/div>[vc_column_text]<div class='w3eden'><div class='row'><div class='col-md-3 col-sm-6 col-xs-12'><!-- WPDM Link Template: Default Template w\/Icon -->\n\n\n\n<div class=\"wpdm-link-tpl link-btn [color]\" data-durl=\"https:\/\/www.daliform.com\/tr\/download\/teknik-ozellikler-9\/?wpdmdl=77844\" style=\"margin-bottom:10px; margin-top:15px;\" >\n    <div class=\"media\"> \n        <div class=\"pull-left\" style=\" width:50px;\"><img class=\"wpdm_icon\" alt=\"Icon\" src=\"https:\/\/www.daliform.com\/wp-content\/plugins\/download-manager\/assets\/file-type-icons\/doc.png\" onError='this.src=\"https:\/\/www.daliform.com\/wp-content\/plugins\/download-manager\/assets\/file-type-icons\/_blank.png\";' \/><\/div>\n        <div class=\"media-body\">\n        <div class=\"pull-left\"><p style=\"font-size:11px; text-align:left; font-weight:bold;  color:#000000;  line-height:10px;\">Teknik \u00d6zellikler <\/p>\n            <div style=\"font-size:11px; line-height:10px; margin-top:-5px;\"><a class='wpdm-download-link wpdm-download-locked [btnclass]' rel='nofollow' href='#' onclick=\"location.href='https:\/\/www.daliform.com\/tr\/download\/teknik-ozellikler-9\/?wpdmdl=77844';return false;\">Download<\/a><\/div>\n        <\/div>\n        <\/div>\n    <\/div>\n<\/div>\n<div style=\"clear: both\"><\/div><\/div><div class='col-md-3 col-sm-6 col-xs-12'><!-- WPDM Link Template: Default Template w\/Icon -->\n\n\n\n<div class=\"wpdm-link-tpl link-btn [color]\" data-durl=\"https:\/\/www.daliform.com\/tr\/download\/katalog-36\/?wpdmdl=77845\" style=\"margin-bottom:10px; margin-top:15px;\" >\n    <div class=\"media\"> \n        <div class=\"pull-left\" style=\" width:50px;\"><img class=\"wpdm_icon\" alt=\"Icon\" src=\"https:\/\/www.daliform.com\/wp-content\/plugins\/download-manager\/assets\/file-type-icons\/pdf.png\" onError='this.src=\"https:\/\/www.daliform.com\/wp-content\/plugins\/download-manager\/assets\/file-type-icons\/_blank.png\";' \/><\/div>\n        <div class=\"media-body\">\n        <div class=\"pull-left\"><p style=\"font-size:11px; text-align:left; font-weight:bold;  color:#000000;  line-height:10px;\">Katalog <\/p>\n            <div style=\"font-size:11px; line-height:10px; margin-top:-5px;\"><a class='wpdm-download-link wpdm-download-locked [btnclass]' rel='nofollow' href='#' onclick=\"location.href='https:\/\/www.daliform.com\/tr\/download\/katalog-36\/?wpdmdl=77845';return false;\">Download<\/a><\/div>\n        <\/div>\n        <\/div>\n    <\/div>\n<\/div>\n<div style=\"clear: both\"><\/div><\/div><\/div><div style='clear:both'><\/div><div class='text-center'><ul  class=\"pagination pagination-centered\"><\/ul><\/div>\n<div style='clear:both'><\/div><div style='clear:both'><\/div><\/div>[\/vc_column_text][vc_text_separator title=&#8221;Teknik bilgiler&#8221; title_align=&#8221;separator_align_left&#8221;][vc_column_text]<div class='w3eden'><div class='row'><div class='col-md-3 col-sm-6 col-xs-12'><!-- WPDM Link Template: Default Template w\/Icon -->\n\n\n\n<div class=\"wpdm-link-tpl link-btn [color]\" data-durl=\"https:\/\/www.daliform.com\/tr\/download\/teknik-bilgiler-4\/?wpdmdl=77855\" style=\"margin-bottom:10px; margin-top:15px;\" >\n    <div class=\"media\"> \n        <div class=\"pull-left\" style=\" width:50px;\"><img class=\"wpdm_icon\" alt=\"Icon\" src=\"https:\/\/www.daliform.com\/wp-content\/plugins\/download-manager\/assets\/file-type-icons\/pdf.png\" onError='this.src=\"https:\/\/www.daliform.com\/wp-content\/plugins\/download-manager\/assets\/file-type-icons\/_blank.png\";' \/><\/div>\n        <div class=\"media-body\">\n        <div class=\"pull-left\"><p style=\"font-size:11px; text-align:left; font-weight:bold;  color:#000000;  line-height:10px;\">Teknik bilgiler <\/p>\n            <div style=\"font-size:11px; line-height:10px; margin-top:-5px;\"><a class='wpdm-download-link wpdm-download-locked [btnclass]' rel='nofollow' href='#' onclick=\"location.href='https:\/\/www.daliform.com\/tr\/download\/teknik-bilgiler-4\/?wpdmdl=77855';return false;\">Download<\/a><\/div>\n        <\/div>\n        <\/div>\n    <\/div>\n<\/div>\n<div style=\"clear: both\"><\/div><\/div><\/div><div style='clear:both'><\/div><div class='text-center'><ul  class=\"pagination pagination-centered\"><\/ul><\/div>\n<div style='clear:both'><\/div><div style='clear:both'><\/div><\/div>[\/vc_column_text][\/vc_column][\/vc_row]<\/p>\n","protected":false},"excerpt":{"rendered":"<p>Salvaprato ERBY Daliform Group download area: kataloglar, belgeler, kullan\u0131m talimatlar\u0131, teknik sayfalar, \u00e7izim detaylar\u0131 ve referanslar.<\/p>\n","protected":false},"author":1,"featured_media":0,"parent":68690,"menu_order":3,"comment_status":"closed","ping_status":"closed","template":"","meta":[],"acf":[],"aioseo_notices":[],"_links":{"self":[{"href":"https:\/\/www.daliform.com\/tr\/wp-json\/wp\/v2\/pages\/73602"}],"collection":[{"href":"https:\/\/www.daliform.com\/tr\/wp-json\/wp\/v2\/pages"}],"about":[{"href":"https:\/\/www.daliform.com\/tr\/wp-json\/wp\/v2\/types\/page"}],"author":[{"embeddable":true,"href":"https:\/\/www.daliform.com\/tr\/wp-json\/wp\/v2\/users\/1"}],"replies":[{"embeddable":true,"href":"https:\/\/www.daliform.com\/tr\/wp-json\/wp\/v2\/comments?post=73602"}],"version-history":[{"count":0,"href":"https:\/\/www.daliform.com\/tr\/wp-json\/wp\/v2\/pages\/73602\/revisions"}],"up":[{"embeddable":true,"href":"https:\/\/www.daliform.com\/tr\/wp-json\/wp\/v2\/pages\/68690"}],"wp:attachment":[{"href":"https:\/\/www.daliform.com\/tr\/wp-json\/wp\/v2\/media?parent=73602"}],"curies":[{"name":"wp","href":"https:\/\/api.w.org\/{rel}","templated":true}]}}