{"id":70851,"date":"2016-04-06T15:18:46","date_gmt":"2016-04-06T13:18:46","guid":{"rendered":"https:\/\/www.daliform.com\/?page_id=70851"},"modified":"2022-05-13T15:08:54","modified_gmt":"2022-05-13T13:08:54","slug":"muhendislik","status":"publish","type":"page","link":"https:\/\/www.daliform.com\/tr\/muhendislik\/","title":{"rendered":"M\u00fchendi\u0307sli\u0307k"},"content":{"rendered":"<p>[vc_row row_type=&#8221;row_full_center_content&#8221;][vc_column][vc_row_inner][vc_column_inner width=&#8221;1\/3&#8243;][vc_single_image image=&#8221;107417&#8243; img_size=&#8221;large&#8221; style=&#8221;vc_box_border&#8221;][\/vc_column_inner][vc_column_inner width=&#8221;2\/3&#8243;][vc_column_text]<\/p>\n<p style=\"text-align: justify;\"><span style=\"color: #000000;\"><strong>Daliform Grup m\u00fchendislik hizmeti<\/strong>, m\u00fc\u015fterilerimizin (tasar\u0131mc\u0131lar, \u015firketler, sat\u0131c\u0131lar, hizmete alma i\u015fletmeleri) planlama, yard\u0131mc\u0131 planlama, fizibilite \u00e7al\u0131\u015fmalar\u0131, kar\u015f\u0131la\u015ft\u0131r\u0131c\u0131 ve maliyet analizleri i\u00e7in her zaman a\u00e7\u0131kt\u0131r. Boyutland\u0131rma, ge\u00e7ilen testler ve verilen sertifikalar. \u00dcr\u00fcnlerimize dair \u00f6l\u00e7\u00fcmler, hesaplamalar ve planlar. Site \u00fczerinden yard\u0131m.<\/span><\/p>\n<p><span style=\"color: #000000;\">Teknik ofisimiz, uzman m\u00fchendis ekibimiz sayesinde, \u00f6n ve planlama a\u015famas\u0131ndan in\u015faat sahas\u0131 yard\u0131m\u0131na kadar gerekli t\u00fcm deste\u011fi sa\u011flayabilir.<\/span><br \/>\n<span style=\"color: #000000;\">Daliform Group \u00fcr\u00fcnleri <strong>BIM files<\/strong> bulunur ve nesnelerle ili\u015fkili derinlik \u00f6zellikleri sayesinde projeye kolayca sokulabilir.<\/span>[\/vc_column_text][vc_button title=&#8221;BIM &#8211; Download&#8221; color=&#8221;primary&#8221; margin_top=&#8221;-20px&#8221; link=&#8221;url:https%3A%2F%2Fwww.daliform.com%2Ftr%2Fbim-kitapliklar-daliform%2F|title:BIM&#8221;][\/vc_column_inner][\/vc_row_inner][\/vc_column][\/vc_row]<\/p>\n","protected":false},"excerpt":{"rendered":"<p>M\u00fchendislik hizmeti, m\u00fc\u015fterilerimizin planlama, yard\u0131mc\u0131 planlama, fizibilite \u00e7al\u0131\u015fmalar\u0131, kar\u015f\u0131la\u015ft\u0131r\u0131c\u0131 ve maliyet analizleri i\u00e7in her zaman a\u00e7\u0131kt\u0131r.<\/p>\n","protected":false},"author":1,"featured_media":0,"parent":0,"menu_order":37,"comment_status":"closed","ping_status":"closed","template":"template-product.php","meta":[],"acf":[],"aioseo_notices":[],"_links":{"self":[{"href":"https:\/\/www.daliform.com\/tr\/wp-json\/wp\/v2\/pages\/70851"}],"collection":[{"href":"https:\/\/www.daliform.com\/tr\/wp-json\/wp\/v2\/pages"}],"about":[{"href":"https:\/\/www.daliform.com\/tr\/wp-json\/wp\/v2\/types\/page"}],"author":[{"embeddable":true,"href":"https:\/\/www.daliform.com\/tr\/wp-json\/wp\/v2\/users\/1"}],"replies":[{"embeddable":true,"href":"https:\/\/www.daliform.com\/tr\/wp-json\/wp\/v2\/comments?post=70851"}],"version-history":[{"count":2,"href":"https:\/\/www.daliform.com\/tr\/wp-json\/wp\/v2\/pages\/70851\/revisions"}],"predecessor-version":[{"id":107628,"href":"https:\/\/www.daliform.com\/tr\/wp-json\/wp\/v2\/pages\/70851\/revisions\/107628"}],"wp:attachment":[{"href":"https:\/\/www.daliform.com\/tr\/wp-json\/wp\/v2\/media?parent=70851"}],"curies":[{"name":"wp","href":"https:\/\/api.w.org\/{rel}","templated":true}]}}