{"id":69752,"date":"2016-05-10T15:44:52","date_gmt":"2016-05-10T13:44:52","guid":{"rendered":"https:\/\/www.daliform.com\/?page_id=69752"},"modified":"2021-10-14T11:23:50","modified_gmt":"2021-10-14T09:23:50","slug":"cati-bahceleri-icin-sistemler","status":"publish","type":"page","link":"https:\/\/www.daliform.com\/tr\/cati-bahceleri-icin-sistemler\/","title":{"rendered":"Iglu&#8217;\u00ae Green Roof"},"content":{"rendered":"<p>[vc_row][vc_column width=&#8221;1\/4&#8243;][vc_single_image image=&#8221;64540&#8243; img_size=&#8221;large&#8221;][\/vc_column][vc_column width=&#8221;3\/4&#8243;][vc_column_text]<\/p>\n<h5><strong>Iglu&#8217;\u00ae ye\u015fil \u00e7at\u0131, \u015fehirlerimizin gitgide artan a\u015f\u0131r\u0131 binala\u015fmas\u0131na kar\u015f\u0131, su ge\u00e7irmezli\u011fi koruyan ve garantili ya\u015fam\u0131 olan bah\u00e7eler ama\u00e7l\u0131 olarak \u00e7at\u0131 bah\u00e7elerinin ve ye\u015fil \u00e7at\u0131lar\u0131n in\u015fa edilmesi i\u00e7in m\u00fckemmel \u00e7evresel \u00f6nemdeki bir sistemdir.<\/strong><\/h5>\n<p>Ye\u015fil \u00e7at\u0131lar\u0131n ana problemi, suyun a\u015f\u0131r\u0131 dura\u011fanl\u0131\u011f\u0131 sebebiyle bitki \u00f6rt\u00fcs\u00fcn\u00fcn \u00f6lmesini engellemek i\u00e7in drenaj\u0131 ayarlamakt\u0131.<br \/>\nG\u00fcn\u00fcm\u00fczde ise, y\u00fczey b\u00f6lgesi yeterli su depolamaya ve ayn\u0131 zamanda fazla suyun \u201cta\u015fma\u201d delikleri \u00fczerinden akmas\u0131na izin veren Iglu&#8217;\u00ae Ye\u015fil \u00c7at\u0131lar\u0131 sayesinde \u00e7at\u0131 bah\u00e7elerinin drenaj\u0131n\u0131 ayarlamak m\u00fcmk\u00fcnd\u00fcr.[\/vc_column_text][\/vc_column][\/vc_row][vc_row padding_top=&#8221;0&#8243; padding_bottom=&#8221;0&#8243;][vc_column][vc_empty_space height=&#8221;20px&#8221;][vc_column_text]Iglu&#8217;\u00ae Ye\u015fil \u00c7at\u0131 sistemiyle bir \u00e7at\u0131 bah\u00e7esi olu\u015fturmak, kamu y\u00f6neticilerinin; bina parametreleri, enerji tasarrufu ve kanalizasyon sistemine giden suyu azaltma ve suyun sal\u0131verilmesini hafifletme a\u00e7\u0131s\u0131ndan gereksinimlerini kar\u015f\u0131layabilir.[\/vc_column_text][\/vc_column][\/vc_row]<\/p>\n","protected":false},"excerpt":{"rendered":"<p>Igl\u00f9\u00ae ye\u015fil \u00e7at\u0131, bah\u00e7e i\u00e7in \u00e7ok gerekli olan konulardan; su ge\u00e7irmezli\u011fe zarar vermeden, sistemlerin ge\u00e7i\u015fi sorununu \u00e7\u00f6zerek ve ye\u015fil alanlar\u0131n drenaj\u0131 ve havaland\u0131rmas\u0131.<\/p>\n","protected":false},"author":1,"featured_media":64526,"parent":0,"menu_order":35,"comment_status":"closed","ping_status":"closed","template":"template-product.php","meta":[],"acf":[],"aioseo_notices":[],"_links":{"self":[{"href":"https:\/\/www.daliform.com\/tr\/wp-json\/wp\/v2\/pages\/69752"}],"collection":[{"href":"https:\/\/www.daliform.com\/tr\/wp-json\/wp\/v2\/pages"}],"about":[{"href":"https:\/\/www.daliform.com\/tr\/wp-json\/wp\/v2\/types\/page"}],"author":[{"embeddable":true,"href":"https:\/\/www.daliform.com\/tr\/wp-json\/wp\/v2\/users\/1"}],"replies":[{"embeddable":true,"href":"https:\/\/www.daliform.com\/tr\/wp-json\/wp\/v2\/comments?post=69752"}],"version-history":[{"count":0,"href":"https:\/\/www.daliform.com\/tr\/wp-json\/wp\/v2\/pages\/69752\/revisions"}],"wp:featuredmedia":[{"embeddable":true,"href":"https:\/\/www.daliform.com\/tr\/wp-json\/wp\/v2\/media\/64526"}],"wp:attachment":[{"href":"https:\/\/www.daliform.com\/tr\/wp-json\/wp\/v2\/media?parent=69752"}],"curies":[{"name":"wp","href":"https:\/\/api.w.org\/{rel}","templated":true}]}}