{"id":69732,"date":"2016-05-10T14:42:52","date_gmt":"2016-05-10T12:42:52","guid":{"rendered":"https:\/\/www.daliform.com\/?page_id=69732"},"modified":"2021-10-14T11:20:40","modified_gmt":"2021-10-14T09:20:40","slug":"binicilik-temellerinin-katilastirilmasi-icin-kafes-izgara","status":"publish","type":"page","link":"https:\/\/www.daliform.com\/tr\/binicilik-temellerinin-katilastirilmasi-icin-kafes-izgara\/","title":{"rendered":"Easy Ride"},"content":{"rendered":"<p>[vc_row][vc_column width=&#8221;1\/4&#8243;][vc_single_image image=&#8221;63808&#8243; img_size=&#8221;large&#8221;][\/vc_column][vc_column width=&#8221;3\/4&#8243;][vc_column_text]<\/p>\n<h5 style=\"text-align: justify;\">Easy Ride ekolojiyle uyumlu ve \u00fczerinden ufak ve b\u00fcy\u00fck hayvanlar\u0131n ge\u00e7i\u015fi durumlar\u0131nda devingenli\u011fi koruyarak ve ya\u015fam ortam\u0131n\u0131n genel hijyeni himaye ederek y\u00fczeyi sa\u011flamla\u015ft\u0131ran Ultraviyole \u0131\u015f\u0131klarla sa\u011flamla\u015ft\u0131r\u0131lm\u0131\u015f geri d\u00f6n\u00fc\u015f\u00fcml\u00fc plastikten mam\u00fcl bir mazgal \u0131zgarad\u0131r.<\/h5>\n<p>[\/vc_column_text][vc_column_text]<strong>Easy Ride<\/strong>, elastikli\u011fi ve denge sa\u011flaml\u0131\u011f\u0131 sayesinde at binme sahalar\u0131na \u00f6zellikle daha uygundur, \u00e7\u00fcnk\u00fc zemine daha b\u00fcy\u00fck yap\u0131\u015fma sa\u011flayarak bu y\u00fczden daha dinamik ve geli\u015ftirilmi\u015f bir denge sunarak, at\u0131 bu zemin \u00fczerinde \u00f6zellikle atlama veya y\u00fcksek bir h\u0131zda ger\u00e7ekle\u015febilecek olas\u0131 eklem yaralanmalar\u0131ndan korur.[\/vc_column_text][\/vc_column][\/vc_row]<\/p>\n","protected":false},"excerpt":{"rendered":"<p>Easy Ride ekolojiyle uyumlu veya \u00fczerinden ufak ve b\u00fcy\u00fck hayvanlar\u0131n ge\u00e7i\u015fi durumlar\u0131nda devingenli\u011fi koruyarak ve ya\u015fam ortam\u0131n\u0131n genel hijyeni himaye.<\/p>\n","protected":false},"author":1,"featured_media":63796,"parent":0,"menu_order":33,"comment_status":"closed","ping_status":"closed","template":"template-product.php","meta":[],"acf":[],"aioseo_notices":[],"_links":{"self":[{"href":"https:\/\/www.daliform.com\/tr\/wp-json\/wp\/v2\/pages\/69732"}],"collection":[{"href":"https:\/\/www.daliform.com\/tr\/wp-json\/wp\/v2\/pages"}],"about":[{"href":"https:\/\/www.daliform.com\/tr\/wp-json\/wp\/v2\/types\/page"}],"author":[{"embeddable":true,"href":"https:\/\/www.daliform.com\/tr\/wp-json\/wp\/v2\/users\/1"}],"replies":[{"embeddable":true,"href":"https:\/\/www.daliform.com\/tr\/wp-json\/wp\/v2\/comments?post=69732"}],"version-history":[{"count":0,"href":"https:\/\/www.daliform.com\/tr\/wp-json\/wp\/v2\/pages\/69732\/revisions"}],"wp:featuredmedia":[{"embeddable":true,"href":"https:\/\/www.daliform.com\/tr\/wp-json\/wp\/v2\/media\/63796"}],"wp:attachment":[{"href":"https:\/\/www.daliform.com\/tr\/wp-json\/wp\/v2\/media?parent=69732"}],"curies":[{"name":"wp","href":"https:\/\/api.w.org\/{rel}","templated":true}]}}