{"id":69035,"date":"2016-05-10T16:29:52","date_gmt":"2016-05-10T14:29:52","guid":{"rendered":"https:\/\/www.daliform.com\/?page_id=69035"},"modified":"2021-10-13T15:52:33","modified_gmt":"2021-10-13T13:52:33","slug":"halihazirda-kurulmus-cimenlik-icin-koruyucu-izgara","status":"publish","type":"page","link":"https:\/\/www.daliform.com\/tr\/halihazirda-kurulmus-cimenlik-icin-koruyucu-izgara\/","title":{"rendered":"Easy Park"},"content":{"rendered":"<p>[vc_row][vc_column width=&#8221;1\/4&#8243;][vc_single_image image=&#8221;63659&#8243; img_size=&#8221;large&#8221;][\/vc_column][vc_column width=&#8221;3\/4&#8243;][vc_column_text]<\/p>\n<h5><strong>Easy Park\u00ae \u00e7evre ile uyumlu ve UV \u0131\u015f\u0131nlar\u0131na kar\u015f\u0131 sabitlenmi\u015f termoplastik re\u00e7ineden yap\u0131lan, do\u011fal y\u00fczeyleri d\u00f6\u015femek i\u00e7in kullan\u0131lan y\u00fcksek d\u00fczeyde teknik bir \u0131zgara d\u00f6\u015femedir.<\/strong><\/h5>\n<p><strong>Farkl\u0131 ihtiya\u00e7lara g\u00f6re kal\u0131c\u0131 (veya ge\u00e7ici) olarak y\u00fcr\u00fcy\u00fc\u015f parkurlar\u0131, park yerleri, adalar veya y\u00fcr\u00fcme yollar\u0131 yaratmak i\u00e7in ideal \u00e7\u00f6z\u00fcmd\u00fcr. \u00a0<\/strong><br \/>\nHafif, yerle\u015ftirilmesi kolay ve i\u00e7g\u00fcd\u00fclere dayal\u0131 olan Easy Park\u00ae \u00f6zellikle halihaz\u0131rda otlarla kaplanm\u0131\u015f ve \u00fczerine \u0131zgaralar\u0131n kolayca uyguland\u0131\u011f\u0131 \u00e7imli y\u00fczeyler i\u00e7in kullan\u0131lmaktad\u0131r.[\/vc_column_text][\/vc_column][vc_column][vc_empty_space height=&#8221;15px&#8221;][vc_column_text]<\/p>\n<p style=\"text-align: justify;\">\u00d6zel yap\u0131s\u0131 ile <strong>Easy Park\u00ae<\/strong>, her t\u00fcrl\u00fc hava ko\u015fulunda, ayn\u0131 zamanda do\u011fal olarak b\u00fcy\u00fcmeyi ve k\u00f6k salmay\u0131 destekleyecek \u015fekilde, ot \u00f6rt\u00fcs\u00fcn\u00fc \u00fczerinde y\u00fcr\u00fcnmesi ve ara\u00e7lar\u0131n park etmesi sonucunda meydana gelen ezilmeye kar\u015f\u0131 korumaktad\u0131r.<br \/>\nAyr\u0131ca, kum, s\u0131k\u0131\u015ft\u0131r\u0131lm\u0131\u015f toprak, y\u00fck ta\u015f\u0131ma kapasitesi d\u00fc\u015f\u00fck toprak gibi y\u00fczeyler i\u00e7in de kullan\u0131labilir.<br \/>\nMod\u00fcler geli\u015fim ve basit erkek\/di\u015fi ba\u011flant\u0131 sistemi sayesinde, b\u00fcy\u00fck y\u00fczeylerin k\u0131sa s\u00fcrede haz\u0131rlanmas\u0131na imkan tan\u0131maktad\u0131r. Gerekli olmas\u0131 halinde, kolayca ve h\u0131zl\u0131ca s\u00f6k\u00fclebilir ve her zaman yeniden kullan\u0131lmaya haz\u0131rd\u0131r.<br \/>\nEasy Park\u00ae\u2019\u0131n ye\u015fil ve koyu gri renkleri mevcuttur.<\/p>\n<p>[\/vc_column_text][\/vc_column][\/vc_row]<\/p>\n","protected":false},"excerpt":{"rendered":"<p>Easy Park Farkl\u0131 ihtiya\u00e7lara g\u00f6re kal\u0131c\u0131 (veya ge\u00e7ici) olarak y\u00fcr\u00fcy\u00fc\u015f parkurlar\u0131, park yerleri, adalar veya y\u00fcr\u00fcme yollar\u0131 yaratmak i\u00e7in ideal \u00e7\u00f6z\u00fcmd\u00fcr.  <\/p>\n","protected":false},"author":1,"featured_media":63648,"parent":0,"menu_order":32,"comment_status":"closed","ping_status":"closed","template":"template-product.php","meta":[],"acf":[],"aioseo_notices":[],"_links":{"self":[{"href":"https:\/\/www.daliform.com\/tr\/wp-json\/wp\/v2\/pages\/69035"}],"collection":[{"href":"https:\/\/www.daliform.com\/tr\/wp-json\/wp\/v2\/pages"}],"about":[{"href":"https:\/\/www.daliform.com\/tr\/wp-json\/wp\/v2\/types\/page"}],"author":[{"embeddable":true,"href":"https:\/\/www.daliform.com\/tr\/wp-json\/wp\/v2\/users\/1"}],"replies":[{"embeddable":true,"href":"https:\/\/www.daliform.com\/tr\/wp-json\/wp\/v2\/comments?post=69035"}],"version-history":[{"count":0,"href":"https:\/\/www.daliform.com\/tr\/wp-json\/wp\/v2\/pages\/69035\/revisions"}],"wp:featuredmedia":[{"embeddable":true,"href":"https:\/\/www.daliform.com\/tr\/wp-json\/wp\/v2\/media\/63648"}],"wp:attachment":[{"href":"https:\/\/www.daliform.com\/tr\/wp-json\/wp\/v2\/media?parent=69035"}],"curies":[{"name":"wp","href":"https:\/\/api.w.org\/{rel}","templated":true}]}}