{"id":68690,"date":"2016-05-10T17:14:52","date_gmt":"2016-05-10T15:14:52","guid":{"rendered":"https:\/\/www.daliform.com\/?page_id=68690"},"modified":"2021-10-12T11:58:30","modified_gmt":"2021-10-12T09:58:30","slug":"salvaprato-erby-son-kat-cimenlikli-arac-garaj-yollari-icin-izgara","status":"publish","type":"page","link":"https:\/\/www.daliform.com\/tr\/salvaprato-erby-son-kat-cimenlikli-arac-garaj-yollari-icin-izgara\/","title":{"rendered":"Salvaprato Erby"},"content":{"rendered":"<p>[vc_row][vc_column width=&#8221;1\/4&#8243;][vc_single_image image=&#8221;62789&#8243; img_size=&#8221;large&#8221;][\/vc_column][vc_column width=&#8221;3\/4&#8243;][vc_column_text]<\/p>\n<h5 style=\"text-align: justify;\"><strong>Salvaprato ERBY \u00e7imenlikle kaplanm\u0131\u015f, harika esteti\u011fe sahip, fonksiyonel, ekolojik ve ekonomik avantajlara sahip ara\u00e7 garaj yollar\u0131 olu\u015fturmaya olanak sa\u011flayan d\u0131\u015f ortamlar i\u00e7in mod\u00fcler bir plastik \u0131zgarad\u0131r.<\/strong><\/h5>\n<p>Salvaprato ERBY \u00f6zel yap\u0131s\u0131yla her t\u00fcrl\u00fc hava ko\u015fulu alt\u0131nda \u00e7imleri motorlu ara\u00e7lar\u0131n ge\u00e7i\u015fi ve park edilmesinden kaynaklanan bask\u0131dan korur, ayn\u0131 zamanda do\u011fal \u00e7imin b\u00fcy\u00fcmesini ve k\u00f6k yapmas\u0131n\u0131 artt\u0131r\u0131r.[\/vc_column_text][\/vc_column][vc_column][vc_empty_space height=&#8221;15px&#8221;][vc_column_text]Prensip, topra\u011f\u0131n \u00e7imle kapl\u0131 do\u011fal y\u00fczeyini, sa\u011flanan \u00e7ok dayan\u0131kl\u0131 h\u00fccresel bir yap\u0131 ile g\u00fc\u00e7lendirmektir, \u00e7imin zeminin alt\u0131nda kalan birka\u00e7 milimetrelik k\u0131sm\u0131 da daima ezilmekten korunacakt\u0131r.<br \/>\nErkek-di\u015fi birbirine kilitleme kanca sistemi sayesinde kurulumu kolay ve sezgiseldir, bu da geni\u015f b\u00f6lgeleri h\u0131zla haz\u0131rlamaya olanak sa\u011flar.<br \/>\nSalvaprato ERBY ye\u015fil renkte sat\u0131lmaktad\u0131r.[\/vc_column_text][\/vc_column][\/vc_row]<\/p>\n","protected":false},"excerpt":{"rendered":"<p>Salvaprato ERBY ekolojik ve ekonomik avantajlara sahip ara\u00e7 garaj yollar\u0131 olu\u015fturmaya olanak sa\u011flayan d\u0131\u015f ortamlar i\u00e7in mod\u00fcler bil plastik \u0131zgaralar.<\/p>\n","protected":false},"author":1,"featured_media":62767,"parent":0,"menu_order":31,"comment_status":"closed","ping_status":"closed","template":"template-product.php","meta":[],"acf":[],"aioseo_notices":[],"_links":{"self":[{"href":"https:\/\/www.daliform.com\/tr\/wp-json\/wp\/v2\/pages\/68690"}],"collection":[{"href":"https:\/\/www.daliform.com\/tr\/wp-json\/wp\/v2\/pages"}],"about":[{"href":"https:\/\/www.daliform.com\/tr\/wp-json\/wp\/v2\/types\/page"}],"author":[{"embeddable":true,"href":"https:\/\/www.daliform.com\/tr\/wp-json\/wp\/v2\/users\/1"}],"replies":[{"embeddable":true,"href":"https:\/\/www.daliform.com\/tr\/wp-json\/wp\/v2\/comments?post=68690"}],"version-history":[{"count":0,"href":"https:\/\/www.daliform.com\/tr\/wp-json\/wp\/v2\/pages\/68690\/revisions"}],"wp:featuredmedia":[{"embeddable":true,"href":"https:\/\/www.daliform.com\/tr\/wp-json\/wp\/v2\/media\/62767"}],"wp:attachment":[{"href":"https:\/\/www.daliform.com\/tr\/wp-json\/wp\/v2\/media?parent=68690"}],"curies":[{"name":"wp","href":"https:\/\/api.w.org\/{rel}","templated":true}]}}