{"id":68279,"date":"2016-05-10T08:58:52","date_gmt":"2016-05-10T06:58:52","guid":{"rendered":"https:\/\/www.daliform.com\/?page_id=68279"},"modified":"2022-02-17T17:06:33","modified_gmt":"2022-02-17T16:06:33","slug":"dikey-tirmanan-yesillik-icin-izgara","status":"publish","type":"page","link":"https:\/\/www.daliform.com\/tr\/dikey-tirmanan-yesillik-icin-izgara\/","title":{"rendered":"V-Green\u00ae"},"content":{"rendered":"<p>[vc_row][vc_column width=&#8221;1\/4&#8243;][vc_single_image image=&#8221;64172&#8243; img_size=&#8221;large&#8221; alignment=&#8221;center&#8221;][\/vc_column][vc_column width=&#8221;3\/4&#8243;][vc_column_text]<\/p>\n<h5><strong>V-Green\u00ae (Vertical Green) Systemet \u00e4r ett tillf\u00e4lle att ge liv och gr\u00f6nska i de gr\u00e5 st\u00e4derna.<\/strong><\/h5>\n<p>V-Green\u00ae \u00e4r ett st\u00f6d f\u00f6r kl\u00e4tterv\u00e4xter att anv\u00e4nda f\u00f6r de vegetabiliska t\u00e4cken av omkretsv\u00e4ggarna hos en byggnad. V-Green\u00ae erbjuder enkel och prisv\u00e4rd realisering av sanna vertikala tr\u00e4dg\u00e5rdar som producerar effekter av ers\u00e4ttning, begr\u00e4nsning och f\u00f6rb\u00e4ttring, inte bara p\u00e5 byggnaden, men ocks\u00e5 p\u00e5 den omgivande milj\u00f6n, tack vare den renande effekten av absorptionen av CO<sub>2<\/sub> och fint damm, samt en v\u00e4lg\u00f6rande estetiskt psykologi.[\/vc_column_text][\/vc_column][\/vc_row]<\/p>\n","protected":false},"excerpt":{"rendered":"<p>V-Green\u00ae erbjuder enkel och prisv\u00e4rd realisering av sanna vertikala tr\u00e4dg\u00e5rdar som producerar effekter av ers\u00e4ttning.<\/p>\n","protected":false},"author":1,"featured_media":64161,"parent":0,"menu_order":34,"comment_status":"closed","ping_status":"closed","template":"template-product.php","meta":[],"acf":[],"aioseo_notices":[],"_links":{"self":[{"href":"https:\/\/www.daliform.com\/tr\/wp-json\/wp\/v2\/pages\/68279"}],"collection":[{"href":"https:\/\/www.daliform.com\/tr\/wp-json\/wp\/v2\/pages"}],"about":[{"href":"https:\/\/www.daliform.com\/tr\/wp-json\/wp\/v2\/types\/page"}],"author":[{"embeddable":true,"href":"https:\/\/www.daliform.com\/tr\/wp-json\/wp\/v2\/users\/1"}],"replies":[{"embeddable":true,"href":"https:\/\/www.daliform.com\/tr\/wp-json\/wp\/v2\/comments?post=68279"}],"version-history":[{"count":0,"href":"https:\/\/www.daliform.com\/tr\/wp-json\/wp\/v2\/pages\/68279\/revisions"}],"wp:featuredmedia":[{"embeddable":true,"href":"https:\/\/www.daliform.com\/tr\/wp-json\/wp\/v2\/media\/64161"}],"wp:attachment":[{"href":"https:\/\/www.daliform.com\/tr\/wp-json\/wp\/v2\/media?parent=68279"}],"curies":[{"name":"wp","href":"https:\/\/api.w.org\/{rel}","templated":true}]}}