{"id":68142,"date":"2020-11-06T10:53:52","date_gmt":"2020-11-06T09:53:52","guid":{"rendered":"https:\/\/www.daliform.com\/?page_id=68142"},"modified":"2021-10-14T10:54:29","modified_gmt":"2021-10-14T08:54:29","slug":"green-park-kaplanmis-arac-garaj-yollari-icin-izgara","status":"publish","type":"page","link":"https:\/\/www.daliform.com\/tr\/green-park-kaplanmis-arac-garaj-yollari-icin-izgara\/","title":{"rendered":"Green Park"},"content":{"rendered":"<p>[vc_row][vc_column width=&#8221;1\/4&#8243;][vc_single_image image=&#8221;62800&#8243; img_size=&#8221;large&#8221;][\/vc_column][vc_column width=&#8221;3\/4&#8243;][vc_column_text]<\/p>\n<h5><strong>Green Park is a modular product made of environmentally friendly, recyclable thermoplastic resin. It makes grassy areas suitable for vehicular traffic by protecting the surface from damage caused by the transit and parking of wheeled vehicles, including heavy equipment.<\/strong><\/h5>\n<p>It is distinguished by its ornamental effect, easy to install, maintenance-free, and withstands the stresses of use under extreme environmental conditions over time.[\/vc_column_text][\/vc_column][vc_column][vc_empty_space height=&#8221;15px&#8221;][vc_column_text]The different contouring on the two opposite sides make Green Park extremely versatile, in that it can be installed with either side facing upwards; when it is installed with the thinnest ribs facing upwards, this creates drive-over areas and paving with grassy or gravel finishes, and installation with the thinnest ribs facing downwards creates temporary green areas for pedestrian use.<\/p>\n<p>It is available in green and white to harmonise with any finish, even with gravel while preventing its dispersion, among other things.[\/vc_column_text][\/vc_column][\/vc_row]<\/p>\n","protected":false},"excerpt":{"rendered":"<p>Green Park, \u00e7evre dostu, geri d\u00f6n\u00fc\u015ft\u00fcr\u00fclebilir termoplastik re\u00e7ineden yap\u0131lm\u0131\u015f mod\u00fcler bir \u00fcr\u00fcnd\u00fcr. Ye\u015fil ve beyaz renklerde mevcuttur.<\/p>\n","protected":false},"author":1,"featured_media":62679,"parent":0,"menu_order":30,"comment_status":"closed","ping_status":"closed","template":"template-product.php","meta":[],"acf":[],"aioseo_notices":[],"_links":{"self":[{"href":"https:\/\/www.daliform.com\/tr\/wp-json\/wp\/v2\/pages\/68142"}],"collection":[{"href":"https:\/\/www.daliform.com\/tr\/wp-json\/wp\/v2\/pages"}],"about":[{"href":"https:\/\/www.daliform.com\/tr\/wp-json\/wp\/v2\/types\/page"}],"author":[{"embeddable":true,"href":"https:\/\/www.daliform.com\/tr\/wp-json\/wp\/v2\/users\/1"}],"replies":[{"embeddable":true,"href":"https:\/\/www.daliform.com\/tr\/wp-json\/wp\/v2\/comments?post=68142"}],"version-history":[{"count":0,"href":"https:\/\/www.daliform.com\/tr\/wp-json\/wp\/v2\/pages\/68142\/revisions"}],"wp:featuredmedia":[{"embeddable":true,"href":"https:\/\/www.daliform.com\/tr\/wp-json\/wp\/v2\/media\/62679"}],"wp:attachment":[{"href":"https:\/\/www.daliform.com\/tr\/wp-json\/wp\/v2\/media?parent=68142"}],"curies":[{"name":"wp","href":"https:\/\/api.w.org\/{rel}","templated":true}]}}