{"id":67875,"date":"2016-05-13T09:04:52","date_gmt":"2016-05-13T07:04:52","guid":{"rendered":"https:\/\/www.daliform.com\/?page_id=67875"},"modified":"2021-10-11T09:06:35","modified_gmt":"2021-10-11T07:06:35","slug":"eco-kaplanmis-arac-garaj-yollari-icin-izgara","status":"publish","type":"page","link":"https:\/\/www.daliform.com\/tr\/eco-kaplanmis-arac-garaj-yollari-icin-izgara\/","title":{"rendered":"E.C.O. di Pratopratico\u00ae"},"content":{"rendered":"<p>[vc_row][vc_column width=&#8221;1\/4&#8243;][vc_single_image image=&#8221;67813&#8243; img_size=&#8221;large&#8221;][\/vc_column][vc_column width=&#8221;3\/4&#8243;][vc_column_text]<\/p>\n<h5 style=\"text-align: justify;\"><strong>E.C.O. di PRATOPRATICO\u00ae Ara\u00e7lara uygun, \u00e7imenli ara\u00e7 garaj yollar\u0131 veya patikalar\u0131n ve donan\u0131m\u0131ml\u0131 b\u00f6lgelerin olu\u015fturulmas\u0131na olanak sa\u011flayan, topra\u011f\u0131 s\u0131k\u0131 tutan ve \u00e7imi \u00f6zellikle s\u0131k kullan\u0131lan b\u00f6lgelerde ezilmekten koruyan bir s\u00fcsleyici par\u00e7ad\u0131r.<\/strong><\/h5>\n<p style=\"text-align: justify;\">E.C.O. di PRATOPRATICO\u00ae m\u00fckemmel kalite\/fiyat oran\u0131 verebilen \u00f6zel bir t\u00fcr plastik maddeden (y\u00fcksek teknik ve mekanik performansa sahip yar\u0131 yar\u0131ya saf ve yar\u0131 yar\u0131ya geri d\u00f6n\u00fc\u015ft\u00fcr\u00fclm\u00fc\u015f) yap\u0131lm\u0131\u015ft\u0131r. E.C.O. zemin sistemi, \u00e7e\u015fitli \u0131zgaralar\u0131n erkek\/di\u015fi kancalama sisteminin birle\u015fimi yoluyla h\u0131zla ve ekonomik \u015fekilde geli\u015ftirilir.<\/p>\n<p>[\/vc_column_text][\/vc_column][vc_column][vc_empty_space height=&#8221;15px&#8221;][vc_column_text]<span lang=\"tr\">Geri d\u00f6n\u00fc\u015ft\u00fcr\u00fclm\u00fc\u015f malzemenin kullan\u0131m\u0131, ekolojik a\u00e7\u0131dan \u00f6vg\u00fcye de\u011fer bir giri\u015fimi temsil etmesine ra\u011fmen, her zaman kontrendikasyon i\u00e7ermez. Geri d\u00f6n\u00fc\u015ft\u00fcr\u00fclm\u00fc\u015f bir bile\u015fik, \u00fcr\u00fcn\u00fcn kalitesi ve dayan\u0131kl\u0131l\u0131\u011f\u0131 pahas\u0131na kesinlikle fiyat\u0131 olumlu y\u00f6nde etkiler. Tam da bu nedenle E.C.O. di PRATOPRATICO\u00ae, \u00fcr\u00fcn\u00fcn maliyet etkinli\u011fini ve kalitesini uygun bir \u015fekilde birle\u015ftirmek i\u00e7in% 50 bakire malzemeden yap\u0131lm\u0131\u015ft\u0131r.<\/span>[\/vc_column_text][\/vc_column][\/vc_row]<\/p>\n","protected":false},"excerpt":{"rendered":"<p>E.C.O. by Pratopratico ekolojik ve ekonomik avantajlara sahip ara\u00e7 garaj yollar\u0131 olu\u015fturmaya olanak sa\u011flayan d\u0131\u015f ortamlar i\u00e7in mod\u00fcler bil plastik \u0131zgaralar.<\/p>\n","protected":false},"author":1,"featured_media":62421,"parent":0,"menu_order":29,"comment_status":"closed","ping_status":"closed","template":"template-product.php","meta":[],"acf":[],"aioseo_notices":[],"_links":{"self":[{"href":"https:\/\/www.daliform.com\/tr\/wp-json\/wp\/v2\/pages\/67875"}],"collection":[{"href":"https:\/\/www.daliform.com\/tr\/wp-json\/wp\/v2\/pages"}],"about":[{"href":"https:\/\/www.daliform.com\/tr\/wp-json\/wp\/v2\/types\/page"}],"author":[{"embeddable":true,"href":"https:\/\/www.daliform.com\/tr\/wp-json\/wp\/v2\/users\/1"}],"replies":[{"embeddable":true,"href":"https:\/\/www.daliform.com\/tr\/wp-json\/wp\/v2\/comments?post=67875"}],"version-history":[{"count":0,"href":"https:\/\/www.daliform.com\/tr\/wp-json\/wp\/v2\/pages\/67875\/revisions"}],"wp:featuredmedia":[{"embeddable":true,"href":"https:\/\/www.daliform.com\/tr\/wp-json\/wp\/v2\/media\/62421"}],"wp:attachment":[{"href":"https:\/\/www.daliform.com\/tr\/wp-json\/wp\/v2\/media?parent=67875"}],"curies":[{"name":"wp","href":"https:\/\/api.w.org\/{rel}","templated":true}]}}