{"id":67788,"date":"2016-05-25T10:21:49","date_gmt":"2016-05-25T08:21:49","guid":{"rendered":"https:\/\/www.daliform.com\/?page_id=67788"},"modified":"2022-03-02T10:30:29","modified_gmt":"2022-03-02T09:30:29","slug":"su-dagitma-depolari","status":"publish","type":"page","link":"https:\/\/www.daliform.com\/tr\/yeralti-su-depolama-sistemi\/atlantis-tank-sistema-atlantis\/su-dagitma-depolari\/","title":{"rendered":"Su da\u011f\u0131tma depolar\u0131"},"content":{"rendered":"<p>[vc_row padding_top=&#8221;0&#8243; padding_bottom=&#8221;0&#8243;][vc_column]\n\t<div class=\"custom-heading wpb_content_element  heading-medium\">\n\t\t<h2 class=\"heading-title\" >Uygulanan depo, do\u011frudan beton tabaka \u00fczerine y\u00fcklenebilir veya yer alt\u0131nda asfalt\u0131 bir park alan\u0131 veya y\u00fczeyde bir ye\u015fil b\u00f6lge olu\u015fturmak i\u00e7in yer alt\u0131na yerle\u015ftirilebilir.<\/h2>\n\t\t<span class=\"heading-line primary\"><\/span>\n\t<\/div>[\/vc_column][\/vc_row][vc_row][vc_column width=&#8221;1\/2&#8243;][vc_single_image image=&#8221;61273&#8243; img_size=&#8221;full&#8221;][\/vc_column][vc_column width=&#8221;1\/2&#8243;][vc_column_text]<\/p>\n<h5 style=\"text-align: justify;\"><strong>Toplama depolar\u0131yla kar\u015f\u0131la\u015ft\u0131r\u0131ld\u0131\u011f\u0131nda, da\u011f\u0131tma depolar\u0131, m\u00fckemmel derecede su ge\u00e7irmez de\u011fildir, ama ya\u011fmur suyunun yava\u015f\u00e7a su yata\u011f\u0131na duvarlar\u0131ndaki yar\u0131klar veya alttaki drenajlar \u00fczerinden yava\u015f\u00e7a b\u0131rak\u0131lmas\u0131na izin verir.<\/strong><\/h5>\n<p style=\"text-align: justify;\">Da\u011f\u0131t\u0131m depolar\u0131, topra\u011f\u0131n do\u011fal su emicili\u011fini ciddi \u00f6l\u00e7\u00fcde azaltm\u0131\u015f olan \u00e7imentola\u015fma sebebiyle azalm\u0131\u015f olan yeralt\u0131 sular\u0131n\u0131 tekrar dengelemenin bir metodudur. Daha \u00f6nce g\u00f6sterildi\u011fi gibi, bir nehir yata\u011f\u0131 seviyesinde da\u011f\u0131t\u0131m depolar\u0131, planlama, dolay\u0131s\u0131yla azalan hidrojeolojik risk i\u00e7in bir ara\u00e7 olabilir.<\/p>\n<p><strong>Kamu seviyesinde, nehir havza seviyesinde, bir \u00e7ok faydas\u0131 mevcuttur:<\/strong><br \/>\n\u2022 a\u011f\u0131r ya\u011fmur durumlar\u0131nda kanalizasyon sistemini hafifletme, ve bunun sonucu olarak safla\u015ft\u0131r\u0131c\u0131ya ve nihai hedefe (nehirler, g\u00f6ller, deniz, vs.) g\u00f6nderilen kapasitede azaltma;<br \/>\n\u2022 yerel hidrolojik denge korunur.[\/vc_column_text][\/vc_column][vc_column][vc_column_text]<\/p>\n<div>\n<p style=\"text-align: justify;\"><strong>Uygulanan depo, do\u011frudan beton tabaka \u00fczerine y\u00fcklenebilir veya yer alt\u0131nda asfalt\u0131 bir park alan\u0131 veya y\u00fczeyde bir ye\u015fil b\u00f6lge olu\u015fturmak i\u00e7in yer alt\u0131na yerle\u015ftirilebilir.<\/strong><\/p>\n<p style=\"text-align: justify;\">Daha ahlaki bir boyutta de\u011ferlendirerek, di\u011fer kullan\u0131m alanlar\u0131 kanalizasyon sistemi (ak\u0131\u015fkan kanalizasyon ve kar\u0131\u015f\u0131k) olarak tan\u0131mlanabilir. Ayr\u0131ca ya\u011fmurdan etkilenir ve normalde kentsel b\u00f6lge geni\u015fledik\u00e7e daha b\u00fcy\u00fck olarak yap\u0131lmal\u0131d\u0131r. Da\u011f\u0131t\u0131m depolar\u0131n\u0131n kullan\u0131m\u0131, ayr\u0131ca; de\u011fi\u015fik b\u00f6lgelerden toplanan ya\u011fmurun y\u00f6nlendirildi\u011fi arazinin \u00e7e\u015fitli noktalar\u0131nda konsantre olan su da bir \u00e7ok ufak boylu havuzcuk olu\u015fturmakla ilgili maliyetleri azaltmak ve kanalizasyon kapasitesinde bir art\u0131\u015fa izin vermeye dair ortak maliyetleri d\u00fc\u015f\u00fcrmek m\u00fcmk\u00fcnd\u00fcr. Dikkatlice yap\u0131lm\u0131\u015f bir fayda-maliyet analizi, su dengesini koruyarak, toplay\u0131c\u0131 sistem y\u00f6netim maliyetlerini azaltarak, yerel yer alt\u0131 sular\u0131n\u0131 destekleyerek, ve daha s\u00fcrd\u00fcr\u00fclebilir bir b\u00fcy\u00fcmeyi sunarak, yerel yetkililerin ya\u011fmur suyunu yerel olarak da\u011f\u0131tmaya y\u00f6nelik \u015fehir planlama zorunluluklar\u0131n\u0131 uygulamaya koymas\u0131na yol a\u00e7abilir.<\/p>\n<p><strong>Kamu seviyesinde, topum \u00f6l\u00e7e\u011findeki faydalar\u0131:<\/strong><br \/>\n\u2022 Kamu toplama a\u011flar\u0131n\u0131n geni\u015fletilmesine gerek olmayacakt\u0131r, \u00e7\u00fcnk\u00fc kentsel seviyede zemin taraf\u0131ndan emilmeyen fazla ya\u011fmur suyu, gitgide artan \u00e7imentola\u015fma y\u00fcz\u00fcnden, tutulur veya yerel olarak da\u011f\u0131t\u0131l\u0131r;<br \/>\n\u2022 kanalizasyon sisteminin doygunla\u015fma riskini azalt\u0131r<br \/>\n\u2022 yerel yer alt\u0131 sular\u0131n\u0131 destekler<\/p>\n<\/div>\n<p>[\/vc_column_text][\/vc_column][\/vc_row][vc_row][vc_column][vc_separator][vc_column_text css=&#8221;.vc_custom_1633696789267{margin-bottom: 15px !important;}&#8221;]<strong><span lang=\"tr\">\u00d6NER\u0130LEN \u00dcR\u00dcNLER<\/span>:<\/strong>[\/vc_column_text][vc_empty_space height=&#8221;10px&#8221;][\/vc_column][vc_column][vc_masonry_grid post_type=&#8221;ids&#8221; element_width=&#8221;3&#8243; grid_id=&#8221;vc_gid:1633696738494-beb8b40b-947d-2&#8243; include=&#8221;4620&#8243; el_class=&#8221;text-size-p&#8221;][\/vc_column][\/vc_row]<\/p>\n","protected":false},"excerpt":{"rendered":"<p>Atlantis Tank ile yap\u0131lan da\u011f\u0131t\u0131m depolar\u0131 ola\u011fan\u00fcst\u00fc hava ko\u015fullar\u0131n\u0131n  yol a\u00e7t\u0131\u011f\u0131 su ta\u015fmalar\u0131n\u0131n etkilerini azaltma ama\u00e7l\u0131d\u0131r. <\/p>\n","protected":false},"author":1,"featured_media":61263,"parent":67010,"menu_order":2,"comment_status":"closed","ping_status":"closed","template":"","meta":[],"acf":[],"aioseo_notices":[],"_links":{"self":[{"href":"https:\/\/www.daliform.com\/tr\/wp-json\/wp\/v2\/pages\/67788"}],"collection":[{"href":"https:\/\/www.daliform.com\/tr\/wp-json\/wp\/v2\/pages"}],"about":[{"href":"https:\/\/www.daliform.com\/tr\/wp-json\/wp\/v2\/types\/page"}],"author":[{"embeddable":true,"href":"https:\/\/www.daliform.com\/tr\/wp-json\/wp\/v2\/users\/1"}],"replies":[{"embeddable":true,"href":"https:\/\/www.daliform.com\/tr\/wp-json\/wp\/v2\/comments?post=67788"}],"version-history":[{"count":0,"href":"https:\/\/www.daliform.com\/tr\/wp-json\/wp\/v2\/pages\/67788\/revisions"}],"up":[{"embeddable":true,"href":"https:\/\/www.daliform.com\/tr\/wp-json\/wp\/v2\/pages\/67010"}],"wp:featuredmedia":[{"embeddable":true,"href":"https:\/\/www.daliform.com\/tr\/wp-json\/wp\/v2\/media\/61263"}],"wp:attachment":[{"href":"https:\/\/www.daliform.com\/tr\/wp-json\/wp\/v2\/media?parent=67788"}],"curies":[{"name":"wp","href":"https:\/\/api.w.org\/{rel}","templated":true}]}}