{"id":67736,"date":"2016-05-25T10:18:32","date_gmt":"2016-05-25T08:18:32","guid":{"rendered":"https:\/\/www.daliform.com\/?page_id=67736"},"modified":"2022-03-02T10:35:18","modified_gmt":"2022-03-02T09:35:18","slug":"su-toplama-depolari","status":"publish","type":"page","link":"https:\/\/www.daliform.com\/tr\/yeralti-su-depolama-sistemi\/atlantis-tank-sistema-atlantis\/su-toplama-depolari\/","title":{"rendered":"Su toplama depolar\u0131"},"content":{"rendered":"<p>[vc_row padding_top=&#8221;0&#8243; padding_bottom=&#8221;0&#8243;][vc_column]\n\t<div class=\"custom-heading wpb_content_element  heading-medium\">\n\t\t<h2 class=\"heading-title\" >Mod\u00fclerli\u011fi, manevra edebilirli\u011fi, kolay kurulumu ve b\u00fcy\u00fck dikey toplama kapasitesi sayesinde; Atlantis, son derece d\u00fc\u015f\u00fck maliyetlerle b\u00fcy\u00fck hacimli depolar olu\u015fturmak i\u00e7in ideal \u00e7\u00f6z\u00fcmd\u00fcr.<\/h2>\n\t\t<span class=\"heading-line primary\"><\/span>\n\t<\/div>[\/vc_column][\/vc_row][vc_row][vc_column width=&#8221;1\/2&#8243;][vc_single_image image=&#8221;61237&#8243; img_size=&#8221;full&#8221;][\/vc_column][vc_column width=&#8221;1\/2&#8243;][vc_column_text]Yuvarlak kubbeli yap\u0131s\u0131, daha az kal\u0131nl\u0131kla \u00f6nemli \u00f6l\u00e7\u00fcde dayan\u0131kl\u0131l\u0131\u011fa sahip beton d\u00f6k\u00fcm\u00fc sa\u011flar, b\u00f6ylece deponun d\u0131\u015f\u0131 park alan\u0131 i\u00e7in bir y\u00fczey olarak kullan\u0131labilir<br \/>\n(\u00f6rn.: IKEA Amsterdam&#8217;daki park etme alan\u0131) veya spor tesisleri (\u00f6rn.: tenis kortlar\u0131, futbol sahalar\u0131, vs.). Ayn\u0131 prensip, hem ki\u015fisel evler; hem de parselleme durumlar\u0131nda mesken evlerine de uygulanabilir.<\/p>\n<p><strong>Asl\u0131nda Atlantis<\/strong> kal\u0131plar\u0131yla kaplanarak, daha sonra binan\u0131n ya\u011fmur suyu drenaj sisteminden toplanan ya\u011fmur sular\u0131yla doldurulacak uygun hacimler i\u00e7in haz\u0131rl\u0131k yapmak m\u00fcmk\u00fcnd\u00fcr,\u00a0 Toplanan su hacmi, i\u00e7ilebilir su gerektirmeyen \u00f6rne\u011fin tuvalette siforn \u00e7ekmek, bah\u00e7eyi sulama, yang\u0131n s\u00f6nd\u00fcrme pompalar\u0131 v.b. gibi her uygulamada kullan\u0131labilir. Depo su ge\u00e7irmez olarak yap\u0131lm\u0131\u015f olmal\u0131 ve bir ta\u015fma engelleme vanas\u0131 kullan\u0131lmal\u0131d\u0131r.[\/vc_column_text][\/vc_column][\/vc_row][vc_row][vc_column][vc_column_text]<\/p>\n<div>\n<div>\n<div>\n<p style=\"text-align: justify;\"><strong>Depo bak\u0131m\u0131, Atlantis Sistemi&#8217;nin &#8216;Beton Up&#8217; aksesuar\u0131yla birle\u015fik \u015fekilde kullan\u0131m\u0131 \u00fczerinden olu\u015fturulan deponun i\u00e7indeki geni\u015f ve \u00fczerinde y\u00fcr\u00fcnebilir bo\u015fluklar \u00fczerinden yap\u0131labilir.<\/strong><br \/>\nAtlantis 100% kullan\u0131m\u0131 ile kolonlar aras\u0131nda b\u00fcy\u00fck bir mesafe elde edilebilir.<\/p>\n<p style=\"text-align: justify;\"><strong>\u00d6zel sekt\u00f6rde, g\u00fcnl\u00fck su ihtiyac\u0131m\u0131z\u0131n %50&#8217;si ya\u011fmur sular\u0131yla de\u011fi\u015ftirilebilir:<\/strong><br \/>\n\u2022 sulama i\u00e7in (optimum mineral emilimini artt\u0131r\u0131r);<br \/>\n\u2022 \u00e7ama\u015f\u0131r makinesi ve ev temizli\u011fi i\u00e7in (ya\u011fmur kire\u00e7 kal\u0131nt\u0131s\u0131 olu\u015fumunu artt\u0131rmaz);<br \/>\n\u2022 tuvalette sifonu \u00e7ekmek i\u00e7in;<br \/>\n\u2022 arabay\u0131 y\u0131kamak i\u00e7in<br \/>\ntabii ki kullan\u0131m\u0131 i\u00e7in hi\u00e7bir bedel \u00f6demeksizin.<br \/>\nYa\u011fmur suyu ayr\u0131ca end\u00fcstriyel sekt\u00f6rde (fabrikalar, ofisler), etkin \u015fekilde so\u011futma, y\u0131kama, \u00f6n \u00e7alkalama &#8211; durulama i\u015flemlerinde ve her t\u00fcrl\u00fc di\u011fer g\u0131da-d\u0131\u015f\u0131 i\u015flemde, ilaveten toplama depolar\u0131 kullanan yang\u0131n s\u00f6nd\u00fcrme sistemleri i\u00e7in dahi kullan\u0131labilir.<\/p>\n<\/div>\n<\/div>\n<\/div>\n<p>[\/vc_column_text][\/vc_column][\/vc_row][vc_row][vc_column][vc_separator][vc_column_text css=&#8221;.vc_custom_1633694985250{margin-bottom: 15px !important;}&#8221;]<strong><span lang=\"tr\">\u00d6NER\u0130LEN \u00dcR\u00dcNLER<\/span>:<\/strong>[\/vc_column_text][vc_empty_space height=&#8221;10px&#8221;][\/vc_column][vc_column][vc_masonry_grid post_type=&#8221;ids&#8221; element_width=&#8221;3&#8243; grid_id=&#8221;vc_gid:1633694928077-baa9e9f0-398c-7&#8243; include=&#8221;4620&#8243; el_class=&#8221;text-size-p&#8221;][\/vc_column][\/vc_row]<\/p>\n","protected":false},"excerpt":{"rendered":"<p>Atlantis Tank, son derece d\u00fc\u015f\u00fck maliyetlerle b\u00fcy\u00fck hacimli depolar olu\u015fturmak i\u00e7in ideal \u00e7\u00f6z\u00fcmd\u00fcr.<\/p>\n","protected":false},"author":1,"featured_media":61111,"parent":67010,"menu_order":1,"comment_status":"closed","ping_status":"closed","template":"","meta":[],"acf":[],"aioseo_notices":[],"_links":{"self":[{"href":"https:\/\/www.daliform.com\/tr\/wp-json\/wp\/v2\/pages\/67736"}],"collection":[{"href":"https:\/\/www.daliform.com\/tr\/wp-json\/wp\/v2\/pages"}],"about":[{"href":"https:\/\/www.daliform.com\/tr\/wp-json\/wp\/v2\/types\/page"}],"author":[{"embeddable":true,"href":"https:\/\/www.daliform.com\/tr\/wp-json\/wp\/v2\/users\/1"}],"replies":[{"embeddable":true,"href":"https:\/\/www.daliform.com\/tr\/wp-json\/wp\/v2\/comments?post=67736"}],"version-history":[{"count":0,"href":"https:\/\/www.daliform.com\/tr\/wp-json\/wp\/v2\/pages\/67736\/revisions"}],"up":[{"embeddable":true,"href":"https:\/\/www.daliform.com\/tr\/wp-json\/wp\/v2\/pages\/67010"}],"wp:featuredmedia":[{"embeddable":true,"href":"https:\/\/www.daliform.com\/tr\/wp-json\/wp\/v2\/media\/61111"}],"wp:attachment":[{"href":"https:\/\/www.daliform.com\/tr\/wp-json\/wp\/v2\/media?parent=67736"}],"curies":[{"name":"wp","href":"https:\/\/api.w.org\/{rel}","templated":true}]}}