{"id":67684,"date":"2016-05-25T10:13:36","date_gmt":"2016-05-25T08:13:36","guid":{"rendered":"https:\/\/www.daliform.com\/?page_id=67684"},"modified":"2022-03-02T10:33:14","modified_gmt":"2022-03-02T09:33:14","slug":"havuz-restorasyonu","status":"publish","type":"page","link":"https:\/\/www.daliform.com\/tr\/yeralti-su-depolama-sistemi\/atlantis-tank-sistema-atlantis\/havuz-restorasyonu\/","title":{"rendered":"Havuz restorasyonu"},"content":{"rendered":"<p>[vc_row padding_top=&#8221;0&#8243; padding_bottom=&#8221;0&#8243;][vc_column]\n\t<div class=\"custom-heading wpb_content_element  heading-medium\">\n\t\t<h2 class=\"heading-title\" >Atlantis halka a\u00e7\u0131k havuzlar\u0131n, \u00f6zel havuzlar\u0131n, tatil k\u00f6ylerindeki ve g\u00fczellik merkezlerindeki havuzlar\u0131n restorasyonu veya \u00f6nceden mevcut olan\u0131n i\u00e7ine yeni bir havuz in\u015fa edilmesi i\u00e7in ideal bir \u00e7\u00f6z\u00fcmd\u00fcr.<\/h2>\n\t\t<span class=\"heading-line primary\"><\/span>\n\t<\/div>[\/vc_column][\/vc_row][vc_row][vc_column width=&#8221;1\/2&#8243;][vc_masonry_media_grid element_width=&#8221;6&#8243; grid_id=&#8221;vc_gid:1633688916297-6cbc27d5-451d-7&#8243; include=&#8221;38274,61200,61210,61220&#8243;][\/vc_column][vc_column width=&#8221;1\/2&#8243;][vc_column_text]<\/p>\n<p style=\"text-align: justify;\">Estetik veya i\u015flevsel ama\u00e7lar do\u011frultusundabir havuz yenileme ihtiyac\u0131kar\u015f\u0131s\u0131nda<\/p>\n<h5 style=\"text-align: justify;\"><strong>Atlantis kal\u0131nl\u0131\u011f\u0131n ve d\u00fczenlemenin y\u00fckseltildi\u011fi e\u011fimli veya \u00e7ok katl\u0131 y\u00fczeyler yaratmak i\u00e7inideal bir sistem olu\u015fturmaktad\u0131r.<\/strong><\/h5>\n<p>M\u00fc\u015fteriye \u00f6zel tedarik edilebilen y\u00fckseltici t\u00fcpler sayesinde, 300 cm&#8217;e e\u015fit bir maksimum y\u00fcksekli\u011fe kadar e\u011fimli y\u00fczeylerin olu\u015fturulmas\u0131na izin vermektedir. Y\u00fckseltici t\u00fcp y\u00fcksekli\u011finin santimetre cinsinden ayarlanabilmesi, ayr\u0131ca,zaman ve giri\u015fim maliyetlerinde belirgin bir tasarruf ile \u00e7e\u015fitli derecelerde e\u011fimli olarak son kat at\u0131lan y\u00fczeylere ve dibe sahip olan yap\u0131larda e\u011fimin kolayl\u0131kla olu\u015fturulmas\u0131na izin vermektedir.<br \/>\nSistem ayr\u0131ca teraslama yap\u0131lmas\u0131 i\u00e7in de kullan\u0131labilir.[\/vc_column_text][\/vc_column][\/vc_row][vc_row][vc_column][vc_separator][vc_column_text css=&#8221;.vc_custom_1633688978366{margin-bottom: 15px !important;}&#8221;]<strong><span lang=\"tr\">\u00d6NER\u0130LEN \u00dcR\u00dcNLER<\/span>:<br \/>\n<\/strong>[\/vc_column_text][vc_empty_space height=&#8221;10px&#8221;][\/vc_column][vc_column][vc_masonry_grid post_type=&#8221;ids&#8221; element_width=&#8221;3&#8243; grid_id=&#8221;vc_gid:1633688916298-43f39f74-d2d1-1&#8243; include=&#8221;4620&#8243; el_class=&#8221;text-size-p&#8221;][\/vc_column][\/vc_row]<\/p>\n","protected":false},"excerpt":{"rendered":"<p>Atlantis halka a\u00e7\u0131k havuzlar\u0131n, \u00f6zel havuzlar\u0131n, tatil k\u00f6ylerindeki ve g\u00fczellik merkezlerindeki havuzlar\u0131n restorasyonu veya \u00f6nceden mevcut olan\u0131n.<\/p>\n","protected":false},"author":1,"featured_media":61190,"parent":67010,"menu_order":0,"comment_status":"closed","ping_status":"closed","template":"","meta":[],"acf":[],"aioseo_notices":[],"_links":{"self":[{"href":"https:\/\/www.daliform.com\/tr\/wp-json\/wp\/v2\/pages\/67684"}],"collection":[{"href":"https:\/\/www.daliform.com\/tr\/wp-json\/wp\/v2\/pages"}],"about":[{"href":"https:\/\/www.daliform.com\/tr\/wp-json\/wp\/v2\/types\/page"}],"author":[{"embeddable":true,"href":"https:\/\/www.daliform.com\/tr\/wp-json\/wp\/v2\/users\/1"}],"replies":[{"embeddable":true,"href":"https:\/\/www.daliform.com\/tr\/wp-json\/wp\/v2\/comments?post=67684"}],"version-history":[{"count":0,"href":"https:\/\/www.daliform.com\/tr\/wp-json\/wp\/v2\/pages\/67684\/revisions"}],"up":[{"embeddable":true,"href":"https:\/\/www.daliform.com\/tr\/wp-json\/wp\/v2\/pages\/67010"}],"wp:featuredmedia":[{"embeddable":true,"href":"https:\/\/www.daliform.com\/tr\/wp-json\/wp\/v2\/media\/61190"}],"wp:attachment":[{"href":"https:\/\/www.daliform.com\/tr\/wp-json\/wp\/v2\/media?parent=67684"}],"curies":[{"name":"wp","href":"https:\/\/api.w.org\/{rel}","templated":true}]}}