{"id":66726,"date":"2016-05-19T16:01:52","date_gmt":"2016-05-19T14:01:52","guid":{"rendered":"https:\/\/www.daliform.com\/?page_id=66726"},"modified":"2021-12-13T17:38:03","modified_gmt":"2021-12-13T16:38:03","slug":"yeralti-su-depolama-sistemi","status":"publish","type":"page","link":"https:\/\/www.daliform.com\/tr\/yeralti-su-depolama-sistemi\/","title":{"rendered":"Atlantis Tank"},"content":{"rendered":"<p>[vc_row][vc_column width=&#8221;1\/4&#8243;][vc_single_image image=&#8221;66732&#8243; img_size=&#8221;large&#8221;][\/vc_column][vc_column width=&#8221;3\/4&#8243;][vc_column_text]<\/p>\n<h5><strong>Atlantis Tank b\u00fcy\u00fck hacimdeki suyun ufak bir alanta toplanmas\u0131 veya da\u011f\u0131t\u0131lmas\u0131 amac\u0131yla \u015fantiye i\u00e7inde d\u00f6k\u00fcm\u00fc yap\u0131lan depolar olu\u015fturmak i\u00e7in patentli bir sistemdir.<\/strong><\/h5>\n<p>Atlantis Tank sistemi \u00fczerinden elde edilebilen sa\u011flamla\u015ft\u0131r\u0131lm\u0131\u015f beton yap\u0131; bir plakadan, \u00e7eper duvarlar\u0131ndan ve ufak s\u00fctunlar taraf\u0131ndan desteklenen bir ba\u015fka plakadan olu\u015fur. Bunlarla olu\u015fturulan bir yap\u0131, hem kal\u0131c\u0131 olarak hem de kazara olu\u015fabilecek a\u015f\u0131r\u0131 y\u00fcklemeye y\u00fcksek dayan\u0131kl\u0131l\u0131\u011f\u0131 garanti eder.[\/vc_column_text][vc_column_text]Atlantis Tank ile olu\u015fturulan depo, tepede ye\u015fil alan olu\u015fturmak i\u00e7in zemin alt\u0131na serilebilir, veya do\u011frudan ara\u00e7lar\u0131n ge\u00e7i\u015fi i\u00e7in y\u00fck ta\u015f\u0131yabilir, a\u011f\u0131r ara\u00e7lar\u0131n bile.<br \/>\nAtlantis Tank depo sisteminin ana \u00f6zellikleri h\u0131z, basitlik ve maliyet performans\u0131d\u0131r.[\/vc_column_text][\/vc_column][\/vc_row]<\/p>\n","protected":false},"excerpt":{"rendered":"<p>Atlantis Tank ya\u011fmur ve sel sular\u0131n\u0131n yeralt\u0131nda betonarme bir havuz (yeralt\u0131 su sarn\u0131c\u0131) i\u00e7erisinde biriktirilmesi amac\u0131 ile olu\u015fturulan bir sistemdir.<\/p>\n","protected":false},"author":1,"featured_media":61111,"parent":0,"menu_order":27,"comment_status":"closed","ping_status":"closed","template":"template-product.php","meta":[],"acf":[],"aioseo_notices":[],"_links":{"self":[{"href":"https:\/\/www.daliform.com\/tr\/wp-json\/wp\/v2\/pages\/66726"}],"collection":[{"href":"https:\/\/www.daliform.com\/tr\/wp-json\/wp\/v2\/pages"}],"about":[{"href":"https:\/\/www.daliform.com\/tr\/wp-json\/wp\/v2\/types\/page"}],"author":[{"embeddable":true,"href":"https:\/\/www.daliform.com\/tr\/wp-json\/wp\/v2\/users\/1"}],"replies":[{"embeddable":true,"href":"https:\/\/www.daliform.com\/tr\/wp-json\/wp\/v2\/comments?post=66726"}],"version-history":[{"count":0,"href":"https:\/\/www.daliform.com\/tr\/wp-json\/wp\/v2\/pages\/66726\/revisions"}],"wp:featuredmedia":[{"embeddable":true,"href":"https:\/\/www.daliform.com\/tr\/wp-json\/wp\/v2\/media\/61111"}],"wp:attachment":[{"href":"https:\/\/www.daliform.com\/tr\/wp-json\/wp\/v2\/media?parent=66726"}],"curies":[{"name":"wp","href":"https:\/\/api.w.org\/{rel}","templated":true}]}}