{"id":66508,"date":"2016-05-14T09:38:52","date_gmt":"2016-05-14T07:38:52","guid":{"rendered":"https:\/\/www.daliform.com\/?page_id=66508"},"modified":"2021-10-07T08:44:44","modified_gmt":"2021-10-07T06:44:44","slug":"pratopratico-kaplanmis-arac-garaj-yollari-icin-izgara","status":"publish","type":"page","link":"https:\/\/www.daliform.com\/tr\/pratopratico-kaplanmis-arac-garaj-yollari-icin-izgara\/","title":{"rendered":"Pratopratico\u00ae"},"content":{"rendered":"<p>[vc_row][vc_column width=&#8221;1\/4&#8243;][vc_single_image image=&#8221;66527&#8243; img_size=&#8221;large&#8221;][\/vc_column][vc_column width=&#8221;3\/4&#8243;][vc_column_text]<\/p>\n<h5 style=\"text-align: justify;\"><strong>Pratopratico\u00ae her t\u00fcrl\u00fc hava ko\u015fulu alt\u0131nda ara\u00e7lar\u0131n ge\u00e7i\u015fi ve park etmesinden kaynaklanabilecek zarardan koruyarak, rahatl\u0131kla ayakla gezilebilir bir \u00e7im alan yapmak i\u00e7in dahiyane bir sistemi temsil eder.<\/strong><\/h5>\n<p style=\"text-align: justify;\">Pratopratico\u00ae&#8217;nun niteli\u011fi \u00e7ok basittir:do\u011fal toprak y\u00fczeyini; \u00e7imenin zemin duvarlar\u0131n\u0131n \u00fcst s\u0131n\u0131r\u0131ndan birka\u00e7 milimetre a\u015fa\u011f\u0131da kald\u0131\u011f\u0131, ve ezilmekten veya bask\u0131ya kar\u015f\u0131 korundu\u011fu y\u00fcksek derecede sa\u011flam h\u00fccresel yap\u0131l\u0131 bir \u0131zgaradan ibaret mod\u00fcler zemin yap\u0131s\u0131yla, \u201cte\u00e7hizatland\u0131rma\u201d meselesidir.<\/p>\n<p>[\/vc_column_text][\/vc_column][vc_column][vc_empty_space height=&#8221;15px&#8221;][vc_column_text]Izgara y\u00fcksek kalitede teknik\/mekanik \u00f6zelliklerle, zehirli olmayan ve atmosferden gelen ve kimyasal maddelerden etkilenmeyen \u00f6zel plastik maddeden \u00fcretilmi\u015ftir. Pratopratico\u00ae zemin sistemi, \u00e7e\u015fitli \u0131zgaralar\u0131n erkek\/di\u015fi kancalama sisteminin birle\u015fimi yoluyla h\u0131zla ve ekonomik \u015fekilde geli\u015ftirilir.. Bu yenilik\u00e7i zeminin sa\u011flad\u0131\u011f\u0131 estetik, fonksiyonel ve ekolojik avantajlar kan\u0131tt\u0131r: \u00e7imenlik bir y\u00fczey, sitenin hidrojeolojik dengesini koruyarak, topra\u011f\u0131n meteorolojik olaylar sonucu edinilen suyu do\u011fal olarak filtreler. \u0130laveten, yaz d\u00f6nemi boyunca do\u011fal son katl\u0131 y\u00fczeyin a\u015f\u0131r\u0131 \u0131s\u0131nmas\u0131ndan kaynaklanan arzu edilmeyen \u0131s\u0131l etkileri \u00fcretmez.[\/vc_column_text][\/vc_column][\/vc_row]<\/p>\n","protected":false},"excerpt":{"rendered":"<p>Pratopratico\u00ae f\u00f6r att g\u00f6ra en gr\u00e4smatta betr\u00e4dningsbar, skydda den fr\u00e5n skador orsakade av transitering och parkering.<\/p>\n","protected":false},"author":1,"featured_media":61404,"parent":0,"menu_order":28,"comment_status":"closed","ping_status":"closed","template":"template-product.php","meta":[],"acf":[],"aioseo_notices":[],"_links":{"self":[{"href":"https:\/\/www.daliform.com\/tr\/wp-json\/wp\/v2\/pages\/66508"}],"collection":[{"href":"https:\/\/www.daliform.com\/tr\/wp-json\/wp\/v2\/pages"}],"about":[{"href":"https:\/\/www.daliform.com\/tr\/wp-json\/wp\/v2\/types\/page"}],"author":[{"embeddable":true,"href":"https:\/\/www.daliform.com\/tr\/wp-json\/wp\/v2\/users\/1"}],"replies":[{"embeddable":true,"href":"https:\/\/www.daliform.com\/tr\/wp-json\/wp\/v2\/comments?post=66508"}],"version-history":[{"count":0,"href":"https:\/\/www.daliform.com\/tr\/wp-json\/wp\/v2\/pages\/66508\/revisions"}],"wp:featuredmedia":[{"embeddable":true,"href":"https:\/\/www.daliform.com\/tr\/wp-json\/wp\/v2\/media\/61404"}],"wp:attachment":[{"href":"https:\/\/www.daliform.com\/tr\/wp-json\/wp\/v2\/media?parent=66508"}],"curies":[{"name":"wp","href":"https:\/\/api.w.org\/{rel}","templated":true}]}}