{"id":65993,"date":"2016-05-04T15:56:01","date_gmt":"2016-05-04T13:56:01","guid":{"rendered":"https:\/\/www.daliform.com\/?page_id=65993"},"modified":"2021-10-05T10:17:01","modified_gmt":"2021-10-05T08:17:01","slug":"biyo-filtreleme-eolo","status":"publish","type":"page","link":"https:\/\/www.daliform.com\/tr\/gubreleme-ve-biyo-filtreleme-sistemler\/eolo-uygulamalar\/biyo-filtreleme-eolo\/","title":{"rendered":"Biyo-filtreleme"},"content":{"rendered":"<p>[vc_row padding_top=&#8221;0&#8243; padding_bottom=&#8221;0&#8243;][vc_column]\n\t<div class=\"custom-heading wpb_content_element  heading-medium\">\n\t\t<h2 class=\"heading-title\" >Hava biofiltrasyonu, end\u00fcstriyel veya at\u0131k ar\u0131tma tesislerinden \u00e7\u0131kan kokular\u0131 azaltman\u0131za izin veren bir i\u015flemdir.<\/h2>\n\t\t<span class=\"heading-line primary\"><\/span>\n\t<\/div>[\/vc_column][\/vc_row][vc_row][vc_column][vc_single_image image=&#8221;66014&#8243; img_size=&#8221;full&#8221; alignment=&#8221;center&#8221;][vc_column_text]<\/p>\n<p style=\"text-align: justify;\">Biyo-filtreleme biyolojik oksitlenmeyi kullanan zehirleyici maddeleri azaltmam i\u00e7in yap\u0131lan bir i\u015flemdir: zehirleyici i\u00e7eren hava, zehirli maddeleri bir besin kayna\u011f\u0131 olarak kullan\u0131p \u00e7\u00fcr\u00fctebilen mikro organizmalar\u0131 i\u00e7eren bir metoda tabi b\u0131rak\u0131l\u0131r.<br \/>\nTemelde sistem, yanma i\u015flemi ile ayn\u0131 sonu\u00e7lar\u0131 elde etmeye olanak sa\u011flar, bir tek istisna ile; o da karbondioksitli u\u00e7ucu\/buharla\u015ft\u0131r\u0131c\u0131 organik kar\u0131\u015f\u0131mlar, \u0131s\u0131l olarak de\u011fil biyolojik olarak yap\u0131l\u0131r; e\u011fer kar\u0131\u015f\u0131m s\u00fclf\u00fcr, nitrojen veya klorin i\u00e7erirse, o zaman oksitle\u015fmenin alt-\u00fcr\u00fcnleri mineral tuzlar\u0131d\u0131r. Bu uygulamalar, hem yap\u0131sal olarak hem de bak\u0131m olarak yakma temelli sistemlerden daha avantajl\u0131d\u0131r, ancak optimum faydal\u0131l\u0131k g\u00f6sterebilmek i\u00e7in \u00e7ok iyi birer tasar\u0131ma ihtiya\u00e7 duyarlar.<\/p>\n<p><strong>Eolo ile, havan\u0131n d\u00fczenli ve tek \u015fekilde da\u011f\u0131t\u0131m\u0131na olanak sa\u011flayan a\u011f\u0131zl\u0131klar\u0131 sayesinde, delikli zeminler olu\u015fturmak m\u00fcmk\u00fcnd\u00fcr. Eolo ve onun a\u011f\u0131zl\u0131klar\u0131 taraf\u0131ndan olu\u015fturulan hava bo\u015fluklar\u0131 i\u00e7inden, t\u00fcm filtreleme yata\u011f\u0131 \u00fczerinden hava da\u011f\u0131t\u0131m\u0131 tek \u015fekillidir.<\/strong>[\/vc_column_text][\/vc_column][\/vc_row][vc_row][vc_column][vc_separator][vc_column_text css=&#8221;.vc_custom_1633421801376{margin-bottom: 15px !important;}&#8221;]<strong><span lang=\"tr\">\u00d6NER\u0130LEN \u00dcR\u00dcNLER<\/span>:<\/strong>[\/vc_column_text][vc_empty_space height=&#8221;10px&#8221;][\/vc_column][vc_column][vc_masonry_grid post_type=&#8221;ids&#8221; element_width=&#8221;3&#8243; grid_id=&#8221;vc_gid:1633421635605-bba973bd-563b-3&#8243; include=&#8221;3291&#8243; el_class=&#8221;text-size-p&#8221;][\/vc_column][\/vc_row]<\/p>\n","protected":false},"excerpt":{"rendered":"<p>Biyo-filtreleme biyolojik oksitlenmeyi kullanan zehirleyici maddeleri azaltmam i\u00e7in yap\u0131lan bir i\u015flemdir.<\/p>\n","protected":false},"author":1,"featured_media":60974,"parent":65455,"menu_order":1,"comment_status":"closed","ping_status":"closed","template":"","meta":[],"acf":[],"aioseo_notices":[],"_links":{"self":[{"href":"https:\/\/www.daliform.com\/tr\/wp-json\/wp\/v2\/pages\/65993"}],"collection":[{"href":"https:\/\/www.daliform.com\/tr\/wp-json\/wp\/v2\/pages"}],"about":[{"href":"https:\/\/www.daliform.com\/tr\/wp-json\/wp\/v2\/types\/page"}],"author":[{"embeddable":true,"href":"https:\/\/www.daliform.com\/tr\/wp-json\/wp\/v2\/users\/1"}],"replies":[{"embeddable":true,"href":"https:\/\/www.daliform.com\/tr\/wp-json\/wp\/v2\/comments?post=65993"}],"version-history":[{"count":0,"href":"https:\/\/www.daliform.com\/tr\/wp-json\/wp\/v2\/pages\/65993\/revisions"}],"up":[{"embeddable":true,"href":"https:\/\/www.daliform.com\/tr\/wp-json\/wp\/v2\/pages\/65455"}],"wp:featuredmedia":[{"embeddable":true,"href":"https:\/\/www.daliform.com\/tr\/wp-json\/wp\/v2\/media\/60974"}],"wp:attachment":[{"href":"https:\/\/www.daliform.com\/tr\/wp-json\/wp\/v2\/media?parent=65993"}],"curies":[{"name":"wp","href":"https:\/\/api.w.org\/{rel}","templated":true}]}}