{"id":65694,"date":"2016-05-04T15:25:03","date_gmt":"2016-05-04T13:25:03","guid":{"rendered":"https:\/\/www.daliform.com\/?page_id=65694"},"modified":"2021-10-04T17:56:53","modified_gmt":"2021-10-04T15:56:53","slug":"gubreleme-eolo","status":"publish","type":"page","link":"https:\/\/www.daliform.com\/tr\/gubreleme-ve-biyo-filtreleme-sistemler\/eolo-uygulamalar\/gubreleme-eolo\/","title":{"rendered":"G\u00fcbreleme"},"content":{"rendered":"<p>[vc_row padding_top=&#8221;0&#8243; padding_bottom=&#8221;0&#8243;][vc_column]\n\t<div class=\"custom-heading wpb_content_element  heading-medium\">\n\t\t<h2 class=\"heading-title\" >Biyo-stabilizasyon (ve kompostla\u015ft\u0131rma), istenmeyen fraksiyonlar\u0131n \u00e7\u0131kar\u0131ld\u0131\u011f\u0131 ve \u00e7evre i\u00e7in daha az tehlikeli hale getirildi\u011fi bir at\u0131k ar\u0131tma i\u015flemidir.<\/h2>\n\t\t<span class=\"heading-line primary\"><\/span>\n\t<\/div>[\/vc_column][\/vc_row][vc_row][vc_column][vc_single_image image=&#8221;65715&#8243; img_size=&#8221;full&#8221; alignment=&#8221;center&#8221;][vc_column_text]<\/p>\n<p style=\"text-align: justify;\">G\u00fcbrele\u015ftirme, herhangi bir organik maddenin do\u011fal \u00e7evrede bulunan mikrobik floran\u0131n etkileri sebebiyle olu\u015fan do\u011fal s\u00fcre\u00e7lerini kontrol etmeye, h\u0131zland\u0131rmaya ve geli\u015ftirmeye dair bir tekniktir Aktif mikrobik florada ve mikro elemanlarda bulunan y\u00fcksek orandaki bitkisel \u00e7\u00fcr\u00fckl\u00fc toprak (humus) konsantrasyonu g\u00fcbreyi bah\u00e7eye kullan\u0131mdan a\u00e7\u0131k tarla yeti\u015ftiricili\u011fine kadar \u00e7e\u015fitli tar\u0131msal kullan\u0131mlara uyumlu bir \u00fcr\u00fcn yapar.<\/p>\n<p>G\u00fcbrele\u015ftirme temelde iki fazdan olu\u015fur:<br \/>\n\u2022 <strong>Biyo-oksitle\u015ftirme<\/strong>, k\u00fctlenin hijyenle\u015ftirilmesini i\u00e7erir: bu aktif fazd\u0131r (ayr\u0131ca y\u00fcksek oran veya aktif g\u00fcbrele\u015ftirme zaman\u0131 olarak ta bilinir), ve kolayl\u0131kla par\u00e7alanabilir organik bile\u015fenlerin yo\u011fun \u015fekilde \u00e7\u00f6z\u00fclmesi olarak nitelendirilir.<br \/>\n<strong>Eolo t\u00fcm fermente biyo k\u00fctlenin tek \u015fekilli ve homojen da\u011f\u0131t\u0131m\u0131na olanak sa\u011flar. i\u015fleme zaman\u0131n azalmas\u0131na yol a\u00e7ar ve optimum seviyede dengelilik sa\u011flar.<\/strong><\/p>\n<p>\u2022 <strong>Olgunla\u015ft\u0131rma<\/strong>, ger\u00e7ekle\u015fmesi s\u00fcresinde \u00fcr\u00fcn\u00fcn kendini kararl\u0131 hale ald\u0131\u011f\u0131 ve humus\u00e7a zengin hale geldi\u011fi s\u00fcre\u00e7tir: bu, organik maddelerin humussal maddelere d\u00f6n\u00fc\u015f\u00fcm i\u015flemiyle nitelendirilen iyile\u015ftirme faz\u0131d\u0131r.<br \/>\n<strong>Eolo kullan\u0131m\u0131 bu i\u015flemi \u00e7ok daha etkili yapabilmek i\u00e7in hava vermeye olanak sa\u011flayan delikli bir zeminin ger\u00e7ekle\u015ftirilmesi i\u00e7in gereklidir.<\/strong>[\/vc_column_text][\/vc_column][\/vc_row][vc_row][vc_column][vc_separator][vc_column_text css=&#8221;.vc_custom_1633362986065{margin-bottom: 15px !important;}&#8221;]<strong><span lang=\"tr\">\u00d6NER\u0130LEN \u00dcR\u00dcNLER<\/span>:<\/strong>[\/vc_column_text][vc_empty_space height=&#8221;10px&#8221;][\/vc_column][vc_column][vc_masonry_grid post_type=&#8221;ids&#8221; element_width=&#8221;3&#8243; grid_id=&#8221;vc_gid:1633362899762-6b1b45ab-14c8-9&#8243; include=&#8221;3291&#8243; el_class=&#8221;text-size-p&#8221;][\/vc_column][\/vc_row]<\/p>\n","protected":false},"excerpt":{"rendered":"<p>G\u00fcbrele\u015ftirme, herhangi bir organik maddenin do\u011fal \u00e7evrede bulunan mikrobik floran\u0131n etkileri sebebiyle olu\u015fan do\u011fal s\u00fcre\u00e7lerini kontrol etmeye.<\/p>\n","protected":false},"author":1,"featured_media":60897,"parent":65455,"menu_order":0,"comment_status":"closed","ping_status":"closed","template":"","meta":[],"acf":[],"aioseo_notices":[],"_links":{"self":[{"href":"https:\/\/www.daliform.com\/tr\/wp-json\/wp\/v2\/pages\/65694"}],"collection":[{"href":"https:\/\/www.daliform.com\/tr\/wp-json\/wp\/v2\/pages"}],"about":[{"href":"https:\/\/www.daliform.com\/tr\/wp-json\/wp\/v2\/types\/page"}],"author":[{"embeddable":true,"href":"https:\/\/www.daliform.com\/tr\/wp-json\/wp\/v2\/users\/1"}],"replies":[{"embeddable":true,"href":"https:\/\/www.daliform.com\/tr\/wp-json\/wp\/v2\/comments?post=65694"}],"version-history":[{"count":0,"href":"https:\/\/www.daliform.com\/tr\/wp-json\/wp\/v2\/pages\/65694\/revisions"}],"up":[{"embeddable":true,"href":"https:\/\/www.daliform.com\/tr\/wp-json\/wp\/v2\/pages\/65455"}],"wp:featuredmedia":[{"embeddable":true,"href":"https:\/\/www.daliform.com\/tr\/wp-json\/wp\/v2\/media\/60897"}],"wp:attachment":[{"href":"https:\/\/www.daliform.com\/tr\/wp-json\/wp\/v2\/media?parent=65694"}],"curies":[{"name":"wp","href":"https:\/\/api.w.org\/{rel}","templated":true}]}}