{"id":65057,"date":"2016-05-04T08:57:52","date_gmt":"2016-05-04T06:57:52","guid":{"rendered":"https:\/\/www.daliform.com\/?page_id=65057"},"modified":"2021-10-04T14:46:03","modified_gmt":"2021-10-04T12:46:03","slug":"gubreleme-ve-biyo-filtreleme-sistemler","status":"publish","type":"page","link":"https:\/\/www.daliform.com\/tr\/gubreleme-ve-biyo-filtreleme-sistemler\/","title":{"rendered":"Eolo"},"content":{"rendered":"<p>[vc_row][vc_column width=&#8221;1\/4&#8243;][vc_single_image image=&#8221;60809&#8243; img_size=&#8221;large&#8221;][\/vc_column][vc_column width=&#8221;3\/4&#8243;][vc_column_text]<\/p>\n<h5 class=\"p1\" style=\"text-align: justify;\"><span class=\"s1\"><strong>Eolo<\/strong> <\/span>a\u011f\u0131r vas\u0131talar taraf\u0131ndan da eri\u015filebilen y\u00fcksek kapasiteli ve sa\u011flamla\u015ft\u0131r\u0131lm\u0131\u015f betondan delikli bir zeminin sa\u011flanmas\u0131 i\u00e7in etkili, h\u0131zl\u0131 ve ekonomik \u00e7\u00f6z\u00fcm te\u015fkil etmektedir.<\/h5>\n<p class=\"p1\" style=\"text-align: justify;\">Eksensel olarak delinmi\u015f dikey asimetrik a\u011f\u0131zl\u0131klar sayesinde, g\u00fcbrele\u015ftirmede, at\u0131k dengelile\u015ftirme sistemlerinde ve g\u0131da \u00fcr\u00fcnlerinin saklanmas\u0131 ve iyile\u015ftirilmesi i\u00e7in kullan\u0131lan depolama odalar\u0131ndaki zeminlerin havaland\u0131r\u0131lmas\u0131nda s\u0131ras\u0131nda havan\u0131n da\u011f\u0131t\u0131m\u0131 i\u00e7in rahatl\u0131kla kullan\u0131labilir.<\/p>\n<p>[\/vc_column_text][\/vc_column][vc_column][vc_empty_space height=&#8221;15px&#8221;][vc_column_text]<\/p>\n<p class=\"p2\" style=\"text-align: justify;\">Eski \u00e7a\u011flardan beri, bozulmam\u0131\u015f nem ve bakterilerin g\u0131dalara zarar vererek rutubet olu\u015fturmas\u0131na engel olmak i\u00e7in depolar\u0131n havaland\u0131rmas\u0131n\u0131n gereklili\u011fi bilinir<em> (David Macaulay \u201cla citt\u00e0 Romana\u201d)<\/em>.<\/p>\n<p class=\"p2\" style=\"text-align: justify;\">Eologeri d\u00f6n\u00fc\u015f\u00fcml\u00fc plastikten olu\u015fur ve eko-uyumludur, ve 6 cm y\u00fckseklikli delikli tabakan\u0131n ger\u00e7ekle\u015ftirilmesine olanak sa\u011flayan \u00f6zel y\u00fcksek a\u011f\u0131zl\u0131klardan olu\u015fur.<br \/>\n<strong>Eolo<\/strong> <span class=\"s1\">yoluyla<\/span> havadaki elementler, hava bo\u015flu\u011funda e\u015fit bir \u015fekilde da\u011f\u0131t\u0131l\u0131r ve daha sonra \u00fcst taraftan ortama \u00fcflenir.<\/p>\n<p>[\/vc_column_text][\/vc_column][\/vc_row]<\/p>\n","protected":false},"excerpt":{"rendered":"<p>Da\u011f\u0131t\u0131m ve dif\u00fczyon havan\u0131n kompost, at\u0131k stabilizasyon sistemleri, koku giderici sistemler i\u00e7in ve g\u0131da saklama odalar\u0131.<\/p>\n","protected":false},"author":1,"featured_media":60799,"parent":0,"menu_order":26,"comment_status":"closed","ping_status":"closed","template":"template-product.php","meta":[],"acf":[],"aioseo_notices":[],"_links":{"self":[{"href":"https:\/\/www.daliform.com\/tr\/wp-json\/wp\/v2\/pages\/65057"}],"collection":[{"href":"https:\/\/www.daliform.com\/tr\/wp-json\/wp\/v2\/pages"}],"about":[{"href":"https:\/\/www.daliform.com\/tr\/wp-json\/wp\/v2\/types\/page"}],"author":[{"embeddable":true,"href":"https:\/\/www.daliform.com\/tr\/wp-json\/wp\/v2\/users\/1"}],"replies":[{"embeddable":true,"href":"https:\/\/www.daliform.com\/tr\/wp-json\/wp\/v2\/comments?post=65057"}],"version-history":[{"count":0,"href":"https:\/\/www.daliform.com\/tr\/wp-json\/wp\/v2\/pages\/65057\/revisions"}],"wp:featuredmedia":[{"embeddable":true,"href":"https:\/\/www.daliform.com\/tr\/wp-json\/wp\/v2\/media\/60799"}],"wp:attachment":[{"href":"https:\/\/www.daliform.com\/tr\/wp-json\/wp\/v2\/media?parent=65057"}],"curies":[{"name":"wp","href":"https:\/\/api.w.org\/{rel}","templated":true}]}}