{"id":64955,"date":"2016-05-17T17:12:52","date_gmt":"2016-05-17T15:12:52","guid":{"rendered":"https:\/\/www.daliform.com\/?page_id=64955"},"modified":"2022-02-15T14:13:15","modified_gmt":"2022-02-15T13:13:15","slug":"ses-yalitimi-icin-kaplama","status":"publish","type":"page","link":"https:\/\/www.daliform.com\/tr\/ses-yalitimi-icin-kaplama\/","title":{"rendered":"U-Boot\u00ae Silence"},"content":{"rendered":"<p>[vc_row][vc_column width=&#8221;1\/3&#8243;][vc_single_image image=&#8221;60652&#8243; img_size=&#8221;large&#8221; alignment=&#8221;center&#8221;][\/vc_column][vc_column width=&#8221;2\/3&#8243;][vc_column_text]<\/p>\n<h5 style=\"text-align: justify;\"><strong>U-Boot\u00ae Silence, \u00f6zellikle U-Boot\u00ae Beton<\/strong><strong> sistemiyle hafifle\u015ftirilmi\u015f plakalarda kullan\u0131lmak \u00fczere tasarlanm\u0131\u015f, ve ses hava yoluyla ge\u00e7en ve darbe kaynakl\u0131 olan sinir bozucu g\u00fcr\u00fclt\u00fcleri \u201csusturan\u201d yal\u0131t\u0131m kaplamas\u0131d\u0131r. <\/strong><\/h5>\n<p style=\"text-align: justify;\">Bu hafifle\u015ftirilmi\u015f plakalara U-Boot\u00ae Silence uygulamas\u0131 yap\u0131lmas\u0131, binay\u0131 hava ve darbeler kaynakl\u0131 <strong>g\u00fcr\u00fclt\u00fc yal\u0131t\u0131m\u0131 konusunda 1.S\u0131n\u0131fa \u00e7\u0131kararak (UNI 11367:2010)<\/strong> m\u00fckemmel yal\u0131t\u0131m performans\u0131 sa\u011flar.<\/p>\n<p>[\/vc_column_text][\/vc_column][vc_column][vc_column_text]<\/p>\n<p style=\"text-align: justify;\">Son y\u0131llarda, ev konforuna dair fark\u0131ndal\u0131k gitgide artan \u015fekilde yayg\u0131nla\u015fmaktad\u0131r. Geli\u015ftiriciler ve nihai kullan\u0131c\u0131lar, beklentilerine uygun olacak \u015fekilde \u00fcst\u00fcn performans ve kalite nitelikleri isterler, ve \u00fcretici ve tasar\u0131mc\u0131lardan \u00f6zel garantiler talep ederler.<\/p>\n<p>Bir taraftan enerji tasarrufunda b\u00fcy\u00fck at\u0131l\u0131mlar ve geli\u015fmeler olurken, akustik rahatl\u0131k sorunu hala yeterince \u00f6nemsenmemektedir. Son y\u0131llarda yap\u0131lan ara\u015ft\u0131rmalar g\u00f6stermi\u015ftir ki; akustik olarak yeterince yal\u0131t\u0131m yap\u0131lmam\u0131\u015f binalardaki insanlar\u0131n uyumada g\u00fc\u00e7l\u00fck, g\u00fcr\u00fclt\u00fcden rahats\u0131zl\u0131k ve i\u015f yerinde azalan verimlilik sorunlar\u0131 \u00e7ekti\u011fini g\u00f6stermi\u015ftir.<br \/>\nBu sebeplerden, minimum g\u00fcr\u00fclt\u00fc yal\u0131t\u0131m performans\u0131yla uyumsuzluk durumu, oturulabilirlik sertifikas\u0131na g\u00f6lge d\u00fc\u015f\u00fcrebilir ve m\u00fclk de\u011ferinden \u00f6nemli \u00f6l\u00e7\u00fcde b\u00fcy\u00fck kay\u0131plara yol a\u00e7abilir.[\/vc_column_text][\/vc_column][\/vc_row]<\/p>\n","protected":false},"excerpt":{"rendered":"<p>U-Boot\u00ae Silence, \u00f6zellikle U-Boot\u00ae Beton sistemiyle hafifle\u015ftirilmi\u015f plakalarda kullan\u0131lmak \u00fczere tasarlanm\u0131\u015f, ve ses hava yoluyla ge\u00e7en ve darbe kaynakl\u0131 olan sinir bozucu g\u00fcr\u00fclt\u00fcleri \u201csusturan\u201d yal\u0131t\u0131m kaplamas\u0131d\u0131r.<\/p>\n","protected":false},"author":1,"featured_media":60636,"parent":0,"menu_order":25,"comment_status":"closed","ping_status":"closed","template":"template-product.php","meta":[],"acf":[],"aioseo_notices":[],"_links":{"self":[{"href":"https:\/\/www.daliform.com\/tr\/wp-json\/wp\/v2\/pages\/64955"}],"collection":[{"href":"https:\/\/www.daliform.com\/tr\/wp-json\/wp\/v2\/pages"}],"about":[{"href":"https:\/\/www.daliform.com\/tr\/wp-json\/wp\/v2\/types\/page"}],"author":[{"embeddable":true,"href":"https:\/\/www.daliform.com\/tr\/wp-json\/wp\/v2\/users\/1"}],"replies":[{"embeddable":true,"href":"https:\/\/www.daliform.com\/tr\/wp-json\/wp\/v2\/comments?post=64955"}],"version-history":[{"count":0,"href":"https:\/\/www.daliform.com\/tr\/wp-json\/wp\/v2\/pages\/64955\/revisions"}],"wp:featuredmedia":[{"embeddable":true,"href":"https:\/\/www.daliform.com\/tr\/wp-json\/wp\/v2\/media\/60636"}],"wp:attachment":[{"href":"https:\/\/www.daliform.com\/tr\/wp-json\/wp\/v2\/media?parent=64955"}],"curies":[{"name":"wp","href":"https:\/\/api.w.org\/{rel}","templated":true}]}}