{"id":63474,"date":"2016-05-17T17:50:52","date_gmt":"2016-05-17T15:50:52","guid":{"rendered":"https:\/\/www.daliform.com\/?page_id=63474"},"modified":"2022-04-13T15:45:12","modified_gmt":"2022-04-13T13:45:12","slug":"tek-tarafli-bosluklu-levhalar","status":"publish","type":"page","link":"https:\/\/www.daliform.com\/tr\/tek-tarafli-bosluklu-levhalar\/","title":{"rendered":"U-Bahn\u00ae Beton"},"content":{"rendered":"<p>[vc_row][vc_column width=&#8221;1\/4&#8243;][vc_single_image image=&#8221;63415&#8243; img_size=&#8221;large&#8221;][\/vc_column][vc_column width=&#8221;3\/4&#8243;][vc_column_text]<\/p>\n<p style=\"text-align: left;\"><strong>U-Bahn\u00ae Beton \u00f6zellikle \u015fantiyede veya yar\u0131 yar\u0131ya fabrikada ve \u015fantiyede d\u00f6k\u00fcm\u00fc yap\u0131lan tek yollu plakalar olu\u015fturmak \u00fczere tasarlanm\u0131\u015f geri d\u00f6n\u00fc\u015f\u00fcml\u00fc polipropilenden mam\u00fcl mod\u00fcler bir kal\u0131pt\u0131r.<br \/>\n<\/strong>Kenarlar\u0131ndan \u00fcst \u00fcste denk gelen \u00e7e\u015fitli mod\u00fcller, her uzunlukta kiri\u015flerin yap\u0131lmas\u0131n\u0131 m\u00fcmk\u00fcn k\u0131lar.<br \/>\nKonik y\u00fckseltici ayaklar\u0131 sayesinde U-Bahn\u00ae Beton kal\u0131plar\u0131n\u0131 beton d\u00f6k\u00fcme dald\u0131rmak, s\u0131ras\u0131yla alt ve \u00fcst k\u0131s\u0131mlar\u0131nda tek bir d\u00f6k\u00fcm ile kapat\u0131lan kal\u0131n ve paralel kiri\u015fler elde edilmesine; bunun sonucu ise azalt\u0131lm\u0131\u015f beton ve \u00e7elik kullan\u0131m\u0131na; ilaveten geni\u015fletilmi\u015f polistiren kullan\u0131larak yap\u0131lan kal\u0131plarla kar\u015f\u0131la\u015ft\u0131r\u0131ld\u0131\u011f\u0131nda daha az yang\u0131n riskine yol a\u00e7acakt\u0131r.<\/p>\n<p>[\/vc_column_text][\/vc_column][vc_column][vc_empty_space height=&#8221;15px&#8221;][vc_column_text]<\/p>\n<p style=\"text-align: justify;\">Modu\u0142y s\u0105 lekkie,a dzi\u0119ki niewielkim wymiarom zajmuj\u0105 ma\u0142o miejsca przy sk\u0142adowaniu na placu budowy. Mo\u017cna je \u0142atwo przenosi\u0107 podczas uk\u0142adania. Ponadto charakteryzuj\u0105 si\u0119 du\u017c\u0105 funkcjonalno\u015bci\u0105 i s\u0105 odporne na dzia\u0142anie niekorzystnych czynnik\u00f3w pogodowych.<\/p>\n<p>Zaprojektowane wed\u0142ug \u015bcis\u0142ych kryteri\u00f3w dotycz\u0105cych jako\u015bci szalunki U-Bahn\u00ae Beton gwarantuj\u0105 wytrzyma\u0142o\u015b\u0107 dla obci\u0105\u017cenia 150 kg bez betonowania, skupionego na podporze wymiarach 8 x 8 cm, jak przewiduj\u0105 bie\u017c\u0105ce przepisy.<br \/>\nW odr\u00f3\u017cnieniu od klasycznych pustak\u00f3w, pust\u0105 przestrze\u0144 w modu\u0142ach U-Bahn\u00ae Beton mo\u017cna wykorzysta\u0107 pod rury i przewody.[\/vc_column_text][\/vc_column][\/vc_row]<\/p>\n","protected":false},"excerpt":{"rendered":"<p>U-Bahn\u00ae Beton \u00f6zellikle \u015fantiyede veya yar\u0131 yar\u0131ya fabrikada ve \u015fantiyede d\u00f6k\u00fcm\u00fc yap\u0131lan tek yollu plakalar olu\u015fturmak \u00fczere tasarlanm\u0131\u015f geri d\u00f6n\u00fc\u015f\u00fcml\u00fc polipropilenden mam\u00fcl mod\u00fcler bir kal\u0131pt\u0131r.<\/p>\n","protected":false},"author":1,"featured_media":58784,"parent":0,"menu_order":22,"comment_status":"closed","ping_status":"closed","template":"template-product.php","meta":[],"acf":[],"aioseo_notices":[],"_links":{"self":[{"href":"https:\/\/www.daliform.com\/tr\/wp-json\/wp\/v2\/pages\/63474"}],"collection":[{"href":"https:\/\/www.daliform.com\/tr\/wp-json\/wp\/v2\/pages"}],"about":[{"href":"https:\/\/www.daliform.com\/tr\/wp-json\/wp\/v2\/types\/page"}],"author":[{"embeddable":true,"href":"https:\/\/www.daliform.com\/tr\/wp-json\/wp\/v2\/users\/1"}],"replies":[{"embeddable":true,"href":"https:\/\/www.daliform.com\/tr\/wp-json\/wp\/v2\/comments?post=63474"}],"version-history":[{"count":0,"href":"https:\/\/www.daliform.com\/tr\/wp-json\/wp\/v2\/pages\/63474\/revisions"}],"wp:featuredmedia":[{"embeddable":true,"href":"https:\/\/www.daliform.com\/tr\/wp-json\/wp\/v2\/media\/58784"}],"wp:attachment":[{"href":"https:\/\/www.daliform.com\/tr\/wp-json\/wp\/v2\/media?parent=63474"}],"curies":[{"name":"wp","href":"https:\/\/api.w.org\/{rel}","templated":true}]}}