{"id":61792,"date":"2016-05-18T17:06:54","date_gmt":"2016-05-18T15:06:54","guid":{"rendered":"https:\/\/www.daliform.com\/?page_id=61792"},"modified":"2022-11-08T11:29:28","modified_gmt":"2022-11-08T10:29:28","slug":"saglamlastirilmis-betondan-yapilan-bosluklu-levhalar-icin-kaybedilecek-kalip-yapisi","status":"publish","type":"page","link":"https:\/\/www.daliform.com\/tr\/saglamlastirilmis-betondan-yapilan-bosluklu-levhalar-icin-kaybedilecek-kalip-yapisi\/","title":{"rendered":"U-Boot\u00ae Beton"},"content":{"rendered":"<p>[vc_row][vc_column width=&#8221;1\/4&#8243;][vc_single_image image=&#8221;55856&#8243; img_size=&#8221;large&#8221;][\/vc_column][vc_column width=&#8221;3\/4&#8243;][vc_column_text]<\/p>\n<h6 style=\"text-align: justify;\"><strong>U-Boot\u00ae Beton Geri d\u00f6n\u00fc\u015f\u00fcml\u00fc polipropilenden imal edilen k\u00f6r kal\u0131plar, d\u00f6\u015feme pla\u011f\u0131 i\u00e7inde hava bo\u015fluklar\u0131 olu\u015fturarak geni\u015f a\u00e7\u0131kl\u0131klarda, y\u00fcksek y\u00fck ta\u015f\u0131ma kapasitesine sahip, kiri\u015fsiz d\u00fcz bir tavan olu\u015fturulmas\u0131n\u0131 sa\u011flarlar.<\/strong><\/h6>\n<p style=\"text-align: justify;\">U-Boot\u00ae Beton kal\u0131plar\u0131n\u0131n kullan\u0131m\u0131, mantar k\u0131sm\u0131 plakan\u0131n kal\u0131nl\u0131\u011f\u0131na e\u015fit kal\u0131nl\u0131kta bile olabilen mantar s\u00fctunlar\u0131n olu\u015fturulmas\u0131na olanak sa\u011flar.<\/p>\n<p style=\"text-align: justify;\">Konik y\u00fckseltici aya\u011f\u0131 sayesinde, U-Boot\u00ae Beton kal\u0131plar\u0131n\u0131 beton d\u00f6k\u00fcm\u00fcne dald\u0131rmak, alt\u0131ndan ve \u00fcst\u00fcndan d\u00fcz bir tabaka ile tek d\u00f6k\u00fcmde kapat\u0131lm\u0131\u015f kar\u015f\u0131l\u0131kl\u0131 dik kiri\u015flerin bir \u0131zgara \u00e7al\u0131\u015fmas\u0131n\u0131 olu\u015fturacak; bu da beton ve \u00e7elik kullan\u0131mda \u00e7ok b\u00fcy\u00fck \u00f6l\u00e7\u00fcde azaltmayla sonu\u00e7lanacakt\u0131r.<\/p>\n<p>[\/vc_column_text][\/vc_column][vc_column][vc_empty_space height=&#8221;20px&#8221;][vc_column_text]U-Boot\u00ae Beton geni\u015f a\u00e7\u0131kl\u0131kl\u0131 veya b\u00fcy\u00fck y\u00fckleri kiri\u015fsiz \u015fekilde ta\u015f\u0131yabilen plakalar\u0131 olu\u015fturmak i\u00e7in kullan\u0131l\u0131r.<br \/>\nMod\u00fclerlikleri sayesinde hafiftir ve yerle\u015ftirmesi h\u0131zl\u0131 ve kolayd\u0131r, tasar\u0131mc\u0131 harika mimari \u00f6zg\u00fcrl\u00fckle t\u00fcm durumlara adapte edebilmek i\u00e7in geometrik parametreleri istedi\u011fi gibi \u00e7e\u015fitlendirebilir.[\/vc_column_text][\/vc_column][\/vc_row]<\/p>\n","protected":false},"excerpt":{"rendered":"<p>U-Boot\u00ae Beton bo\u015fluklu betonarme d\u00f6\u015femeler i\u00e7in geli\u015ftirilmi\u015f tek kullan\u0131ml\u0131k k\u00f6r kal\u0131p sistemidir. Y\u00fcksek y\u00fck ta\u015f\u0131ma kapasitesine sahip, kiri\u015fsiz d\u00fcz bir tavan olu\u015fturulmas\u0131n\u0131 sa\u011flar.<\/p>\n","protected":false},"author":1,"featured_media":55866,"parent":0,"menu_order":21,"comment_status":"closed","ping_status":"closed","template":"template-product.php","meta":[],"acf":[],"aioseo_notices":[],"_links":{"self":[{"href":"https:\/\/www.daliform.com\/tr\/wp-json\/wp\/v2\/pages\/61792"}],"collection":[{"href":"https:\/\/www.daliform.com\/tr\/wp-json\/wp\/v2\/pages"}],"about":[{"href":"https:\/\/www.daliform.com\/tr\/wp-json\/wp\/v2\/types\/page"}],"author":[{"embeddable":true,"href":"https:\/\/www.daliform.com\/tr\/wp-json\/wp\/v2\/users\/1"}],"replies":[{"embeddable":true,"href":"https:\/\/www.daliform.com\/tr\/wp-json\/wp\/v2\/comments?post=61792"}],"version-history":[{"count":1,"href":"https:\/\/www.daliform.com\/tr\/wp-json\/wp\/v2\/pages\/61792\/revisions"}],"predecessor-version":[{"id":109167,"href":"https:\/\/www.daliform.com\/tr\/wp-json\/wp\/v2\/pages\/61792\/revisions\/109167"}],"wp:featuredmedia":[{"embeddable":true,"href":"https:\/\/www.daliform.com\/tr\/wp-json\/wp\/v2\/media\/55866"}],"wp:attachment":[{"href":"https:\/\/www.daliform.com\/tr\/wp-json\/wp\/v2\/media?parent=61792"}],"curies":[{"name":"wp","href":"https:\/\/api.w.org\/{rel}","templated":true}]}}