{"id":60662,"date":"2016-05-17T07:59:55","date_gmt":"2016-05-17T05:59:55","guid":{"rendered":"https:\/\/www.daliform.com\/?page_id=60662"},"modified":"2022-04-13T14:55:30","modified_gmt":"2022-04-13T12:55:30","slug":"duvar-kalibi","status":"publish","type":"page","link":"https:\/\/www.daliform.com\/tr\/duvar-kalibi\/","title":{"rendered":"Duvar Kal\u0131b\u0131"},"content":{"rendered":"<p>[vc_row][vc_column width=&#8221;1\/4&#8243;][vc_single_image image=&#8221;60602&#8243; img_size=&#8221;full&#8221; alignment=&#8221;center&#8221;][\/vc_column][vc_column width=&#8221;3\/4&#8243;][vc_column_text]<\/p>\n<h5 style=\"text-align: left;\"><strong>Duvarlar\u0131n belirli bir y\u00fckseklikte kal\u0131planmas\u0131na, ters kiri\u015flerin ve temel kaidesinin olanak sa\u011flayan ve temel olu\u015fturma zaman\u0131n\u0131 bariz bir \u015fekilde azaltan Cassaforma Muro (Duvar Kal\u0131b\u0131), geleneksel ah\u015fap kal\u0131p yapmaya alternatif olarak tasarlanm\u0131\u015ft\u0131r.<\/strong><\/h5>\n<p style=\"text-align: left;\">Bu tek kullan\u0131ml\u0131k kal\u0131p, hepsi polipropilenden yap\u0131lm\u0131\u015f borular\u0131n, panellerin, man\u015fonlar\u0131n ve \u00fczengilerin bir kombinasyonudur.<\/p>\n<p>[\/vc_column_text][\/vc_column][vc_column][vc_empty_space height=&#8221;15px&#8221;][vc_column_text]Atlantis sistemiyle kombinasyonda, Duvar kal\u0131b\u0131 temel kiri\u015fleri ve bir plaka olu\u015fturulmas\u0131n\u0131 m\u00fcmk\u00fcn hale getirir, bu da bina makul ekonomik sonu\u00e7larla \u015fantiyesindeki i\u015fleri h\u0131zland\u0131r\u0131r ve en iyi hale getirir.<br \/>\nBu sebepten sistem su toplaman\u0131n ve\/veya sa\u00e7\u0131lma depolar\u0131n\u0131n olu\u015fmas\u0131na olduk\u00e7a kar\u015f\u0131 olduk\u00e7a m\u00fcsaittir, bu da \u00e7e\u015fitli yap\u0131 i\u00e7erikli i\u015flerde i\u015fe yarar.<br \/>\nKolay ve h\u0131zl\u0131 konumland\u0131rmas\u0131 sebebiyle, ayr\u0131ca kiri\u015flerin aras\u0131ndaki bo\u015fluklar\u0131n Atlantis System kal\u0131plar\u0131yla dolduruldu\u011fu oluklu y\u0131\u011f\u0131nlardan yapmak i\u00e7in de m\u00fckemmelen uygundur.[\/vc_column_text][\/vc_column][\/vc_row]<\/p>\n","protected":false},"excerpt":{"rendered":"<p>Duvarlar\u0131n belirli bir y\u00fckseklikte kal\u0131planmas\u0131na, ters kiri\u015flerin ve temel kaidesinin olanak sa\u011flayan ve temel olu\u015fturma zaman\u0131n\u0131 bariz bir \u015fekilde azaltan Cassaforma Muro.<\/p>\n","protected":false},"author":1,"featured_media":51520,"parent":0,"menu_order":20,"comment_status":"closed","ping_status":"closed","template":"template-product.php","meta":[],"acf":[],"aioseo_notices":[],"_links":{"self":[{"href":"https:\/\/www.daliform.com\/tr\/wp-json\/wp\/v2\/pages\/60662"}],"collection":[{"href":"https:\/\/www.daliform.com\/tr\/wp-json\/wp\/v2\/pages"}],"about":[{"href":"https:\/\/www.daliform.com\/tr\/wp-json\/wp\/v2\/types\/page"}],"author":[{"embeddable":true,"href":"https:\/\/www.daliform.com\/tr\/wp-json\/wp\/v2\/users\/1"}],"replies":[{"embeddable":true,"href":"https:\/\/www.daliform.com\/tr\/wp-json\/wp\/v2\/comments?post=60662"}],"version-history":[{"count":0,"href":"https:\/\/www.daliform.com\/tr\/wp-json\/wp\/v2\/pages\/60662\/revisions"}],"wp:featuredmedia":[{"embeddable":true,"href":"https:\/\/www.daliform.com\/tr\/wp-json\/wp\/v2\/media\/51520"}],"wp:attachment":[{"href":"https:\/\/www.daliform.com\/tr\/wp-json\/wp\/v2\/media?parent=60662"}],"curies":[{"name":"wp","href":"https:\/\/api.w.org\/{rel}","templated":true}]}}