{"id":49819,"date":"2016-05-27T15:51:51","date_gmt":"2016-05-27T13:51:51","guid":{"rendered":"https:\/\/www.daliform.com\/sistema-atlantis\/uygulamalar-sistema-atlantis\/kok-karsiti-bosluklar\/"},"modified":"2021-09-13T14:49:35","modified_gmt":"2021-09-13T12:49:35","slug":"kok-karsiti-bosluklar","status":"publish","type":"page","link":"https:\/\/www.daliform.com\/tr\/sistema-atlantis-zemin-alti-havalandirmali-bosluklar\/uygulamalar-sistema-atlantis\/kok-karsiti-bosluklar\/","title":{"rendered":"K\u00f6k-kar\u015f\u0131t\u0131 bo\u015fluklar"},"content":{"rendered":"<p>[vc_row padding_top=&#8221;0&#8243; padding_bottom=&#8221;0&#8243;][vc_column]\n\t<div class=\"custom-heading wpb_content_element  heading-medium\">\n\t\t<h2 class=\"heading-title\" >Iglu'\u00ae veya Atlantis Sistemi ile a\u011fa\u00e7lar\u0131n etraf\u0131nda, yol kaplamas\u0131n\u0131n alt\u0131nda bir bo\u015fluk olu\u015fturarak, k\u00f6klerin \u00fcstteki kaplamay\u0131 k\u0131rmas\u0131 veya k\u0131rmas\u0131 \u00f6nlenir.<\/h2>\n\t\t<span class=\"heading-line primary\"><\/span>\n\t<\/div>[\/vc_column][\/vc_row][vc_row][vc_column width=&#8221;1\/2&#8243;][vc_masonry_media_grid element_width=&#8221;6&#8243; grid_id=&#8221;vc_gid:1627986227821-ac8d7061-78bb-8&#8243; include=&#8221;37831,37841,37851,37861&#8243;][\/vc_column][vc_column width=&#8221;1\/2&#8243;][vc_column_text css=&#8221;.vc_custom_1594369666697{margin-bottom: 35px !important;}&#8221;]<\/p>\n<h5 style=\"text-align: justify;\">Igl\u00f9\u00ae ile yol seviyesinin alt\u0131ndaki a\u011fa\u00e7lar\u0131n \u00e7evresine bo\u015fluk olu\u015fturarak, a\u011fa\u00e7lar \u201ckand\u0131r\u0131l\u0131r\u201d; \u00f6yle ki, k\u00f6kler hava tabakas\u0131na ula\u015facak ve sonra k\u0131r\u0131lmadan veya \u00fcst kald\u0131r\u0131ma zarar vermeden yatay bir patika izler.<\/h5>\n<p style=\"text-align: justify;\">Kentsel ye\u015fillik, ya\u015fam kalitesini artt\u0131rmak i\u00e7in ve \u015fehirleri daha enerjik ve renkli hale getirmek i\u00e7in vazge\u00e7ilmez bir durum olmu\u015ftur. \u015eehir bah\u00e7esi olu\u015fturma fikri yakla\u015f\u0131k 200 y\u0131l \u00f6nce geli\u015ftirildi ve \u0130talya&#8217;da bu trend park, kent ormanlar\u0131 ve &#8220;ye\u015fil kemerler&#8221; olu\u015fturma halini ald\u0131. Ancak genellikle ye\u015fillik yol kenarlar\u0131na, y\u00fcr\u00fcy\u00fc\u015f yollar\u0131na ve bisiklet patikalar\u0131na kolayl\u0131kla eklenebilir. Kesilene kadar ve sonra tekrar yatay bir patika izlenerek yer alt\u0131na sokulana kadar a\u011fa\u00e7 k\u00f6kleri kald\u0131r\u0131m\u0131 kald\u0131raca\u011f\u0131 i\u00e7in bak\u0131m i\u015flemi d\u00fczenli olarak yap\u0131lmal\u0131d\u0131r.<br \/>\n<strong>Igl\u00f9\u00ae and Atlantis sistemi bu sorunu ortadan kald\u0131rabilir.<\/strong><\/p>\n<p>[\/vc_column_text][\/vc_column][\/vc_row][vc_row row_type=&#8221;row_full_center_content&#8221; bg_color=&#8221;#f2f2f2&#8243;][vc_column][vc_column_text]<\/p>\n<p style=\"text-align: justify;\"><strong>Avantajlar\u0131:<\/strong><br \/>\n\u2022 Kald\u0131r\u0131m\/bisiklet patikas\u0131 i\u00e7in bak\u0131m \u00fccreti al\u0131nmaz.<br \/>\n\u2022 Zarar g\u00f6ren y\u00fczey kaplamalar\u0131 sebebiyle \u015fikayet\u00e7i olmayacak mesken sahipleri i\u00e7in daha \u00e7ok &#8220;memnuniyet&#8221;.<br \/>\n\u2022 S\u0131n\u0131rl\u0131 motor yeteneklerine sahip insanlar\u0131n yer ald\u0131\u011f\u0131 daha az kaza.<br \/>\n\u2022 Hareketsiz maddelerde b\u00fcy\u00fck tasarruflu seviyeleme.<\/p>\n<p>[\/vc_column_text][\/vc_column][\/vc_row][vc_row][vc_column][vc_separator][vc_column_text css=&#8221;.vc_custom_1592297006811{margin-bottom: 15px !important;}&#8221;]<strong>\u00d6NER\u0130LEN \u00dcR\u00dcNLER:<\/strong>[\/vc_column_text][vc_empty_space height=&#8221;10px&#8221;][\/vc_column][vc_column][vc_masonry_grid post_type=&#8221;ids&#8221; element_width=&#8221;3&#8243; grid_id=&#8221;vc_gid:1627986227823-e9c34ef3-a323-7&#8243; include=&#8221;1034, 4579&#8243; el_class=&#8221;text-size-p&#8221;][\/vc_column][\/vc_row]<\/p>\n","protected":false},"excerpt":{"rendered":"<p>Yollara yak\u0131n A\u011fa\u00e7lar ve \u00e7al\u0131lar yol y\u00fczeyinde tehlikeli deformasyonlar\u0131 ve liftings neden olmadan, \u00f6zg\u00fcrce b\u00fcy\u00fcr.<\/p>\n","protected":false},"author":1,"featured_media":57875,"parent":49217,"menu_order":3,"comment_status":"closed","ping_status":"closed","template":"","meta":[],"acf":[],"aioseo_notices":[],"_links":{"self":[{"href":"https:\/\/www.daliform.com\/tr\/wp-json\/wp\/v2\/pages\/49819"}],"collection":[{"href":"https:\/\/www.daliform.com\/tr\/wp-json\/wp\/v2\/pages"}],"about":[{"href":"https:\/\/www.daliform.com\/tr\/wp-json\/wp\/v2\/types\/page"}],"author":[{"embeddable":true,"href":"https:\/\/www.daliform.com\/tr\/wp-json\/wp\/v2\/users\/1"}],"replies":[{"embeddable":true,"href":"https:\/\/www.daliform.com\/tr\/wp-json\/wp\/v2\/comments?post=49819"}],"version-history":[{"count":0,"href":"https:\/\/www.daliform.com\/tr\/wp-json\/wp\/v2\/pages\/49819\/revisions"}],"up":[{"embeddable":true,"href":"https:\/\/www.daliform.com\/tr\/wp-json\/wp\/v2\/pages\/49217"}],"wp:featuredmedia":[{"embeddable":true,"href":"https:\/\/www.daliform.com\/tr\/wp-json\/wp\/v2\/media\/57875"}],"wp:attachment":[{"href":"https:\/\/www.daliform.com\/tr\/wp-json\/wp\/v2\/media?parent=49819"}],"curies":[{"name":"wp","href":"https:\/\/api.w.org\/{rel}","templated":true}]}}