{"id":49777,"date":"2016-05-26T15:50:05","date_gmt":"2016-05-26T13:50:05","guid":{"rendered":"https:\/\/www.daliform.com\/sistema-atlantis\/uygulamalar-sistema-atlantis\/kalip-yigini\/"},"modified":"2021-09-13T14:41:04","modified_gmt":"2021-09-13T12:41:04","slug":"kalip-yigini","status":"publish","type":"page","link":"https:\/\/www.daliform.com\/tr\/sistema-atlantis-zemin-alti-havalandirmali-bosluklar\/uygulamalar-sistema-atlantis\/kalip-yigini\/","title":{"rendered":"Kal\u0131p y\u0131\u011f\u0131n\u0131"},"content":{"rendered":"<p>[vc_row padding_top=&#8221;0&#8243; padding_bottom=&#8221;0&#8243;][vc_column]\n\t<div class=\"custom-heading wpb_content_element  heading-medium\">\n\t\t<h2 class=\"heading-title\" >Atlantis Sistemi ile d\u00fc\u015f\u00fck maliyetlerle \u00e7ok sert temeller (kutu veya kutu yata\u011f\u0131) olu\u015fturmak m\u00fcmk\u00fcnd\u00fcr.<\/h2>\n\t\t<span class=\"heading-line primary\"><\/span>\n\t<\/div>[\/vc_column][\/vc_row][vc_row][vc_column width=&#8221;1\/2&#8243;][vc_single_image image=&#8221;37809&#8243; img_size=&#8221;full&#8221;][\/vc_column][vc_column width=&#8221;1\/2&#8243;][vc_column_text css=&#8221;.vc_custom_1594368940386{margin-bottom: 25px !important;}&#8221;]<\/p>\n<h5 style=\"text-align: justify;\"><strong>Daliform Grup&#8217;un Igl\u00f9\u00ae veya Atlantis kal\u0131plar\u0131 sayesinde, L-Plast panelleri veya Muro kal\u0131plar\u0131yla birlikte kullan\u0131ld\u0131\u011f\u0131nda, sal yap\u0131y\u0131 sadece iki fazda tamamlamak m\u00fcmk\u00fcnd\u00fcr<\/strong>; birincisi Daliform Grup \u00fcr\u00fcnlerinin \u00fczerine kondu\u011fu alt plakan\u0131n d\u00f6k\u00fcm\u00fcn\u00fcn yap\u0131lmas\u0131, ve daha sonra ayn\u0131 anda kiri\u015flerin ve s\u0131k\u0131\u015ft\u0131rma plakas\u0131n\u0131n d\u00f6k\u00fcm\u00fcn\u00fcn yap\u0131lmas\u0131. Bu da son derece sert ve esnemez temelleri s\u0131n\u0131rl\u0131 maliyetlerle yapmay\u0131 m\u00fcmk\u00fcn k\u0131lar.<\/h5>\n<p style=\"text-align: justify;\">Atlantis Sistem taraf\u0131ndan sunulandaki gibi temel yap\u0131lar\u0131n ana fonksiyonu, direklerden, tabakalardan ve duvarlardan gelen y\u00fck\u00fc zemine da\u011f\u0131tmak, ve ayn\u0131 zamanda da stabiliteyi garanti alt\u0131na alarak binay\u0131 zemine tutturmakt\u0131r. Baz\u0131 durumlarda, Atlantis Sistemi kullanarak, normalde di\u011fer yap\u0131 \u00e7\u00f6z\u00fcmlerinde gerekli olan temel kaz\u0131klar\u0131na ihtiya\u00e7 ortadan kald\u0131r\u0131labilir.<\/p>\n<p>[\/vc_column_text][\/vc_column][vc_column][vc_empty_space height=&#8221;20px&#8221;][vc_column_text css=&#8221;.vc_custom_1594368933242{margin-bottom: 25px !important;}&#8221;]<\/p>\n<p style=\"text-align: justify;\">Temel yap\u0131lar\u0131n amac\u0131, bina stabilitesini sa\u011flamak i\u00e7in, zemindeki d\u00fczensizlik ve asimetrik y\u00fckler sebebiyle olas\u0131 deformasyonu erteleyip asgariye indirmektir. Temelin entegrasyonuna ve \u00fcst\u00fcndeki yap\u0131ya ger\u00e7ek anlamda tehlike te\u015fkil edenler en son iki husustur. Binan\u0131n ve zeminin karakteristik \u00f6zellikleri temel al\u0131narak, y\u00fckleri zemine da\u011f\u0131tmak i\u00e7in en uyumlu olan temel t\u00fcr\u00fc belirlendikten sonra, problem teknik olmaktan \u00f6te ekonomik olmaya ba\u015flar, bu y\u00fczden se\u00e7ilen \u00e7\u00f6z\u00fcm\u00fc uygulamak i\u00e7in en ekonomik \u00e7\u00f6z\u00fcm belirlenmek zorundad\u0131r.<br \/>\nYap\u0131n\u0131n t\u00fcr\u00fcn\u00fc de\u011fi\u015ftirmeksizin bu probleme bir \u00e7\u00f6z\u00fcm, kutu t\u00fcr\u00fcnden bir y\u0131\u011f\u0131n (veya kal\u0131p) olu\u015fturmakt\u0131r. Bu i\u015flem, kar\u015f\u0131l\u0131kl\u0131 dikey kiri\u015flerle ba\u011fl\u0131 iki d\u00fcz tabakadan olu\u015fan bir bal-pete\u011fi yap\u0131dan faydalan\u0131r: 70-120 cm y\u00fcksekli\u011finde statik gereksinimlere ba\u011fl\u0131 olarak de\u011fi\u015fken merkez uzakl\u0131klarda konumland\u0131r\u0131lm\u0131\u015f ba\u011flant\u0131 kiri\u015fleriyle 15-20cm kal\u0131nl\u0131\u011f\u0131ndaki alt ve \u00fcst plakalar. Daliform Grup&#8217;un Igl\u00f9\u00ae veya Atlantis kal\u0131plar\u0131 sayesinde, L-Plast panelleri veya Muro kal\u0131plar\u0131yla birlikte kullan\u0131ld\u0131\u011f\u0131nda, sal yap\u0131y\u0131 sadece iki fazda tamamlamak m\u00fcmk\u00fcnd\u00fcr; birincisi Daliform Grup \u00fcr\u00fcnlerinin \u00fczerine kondu\u011fu alt plakan\u0131n d\u00f6k\u00fcm\u00fcn\u00fcn yap\u0131lmas\u0131, ve daha sonra ayn\u0131 anda kiri\u015flerin ve s\u0131k\u0131\u015ft\u0131rma plakas\u0131n\u0131n d\u00f6k\u00fcm\u00fcn\u00fcn yap\u0131lmas\u0131. Bu da son derece sert ve esnemez temelleri s\u0131n\u0131rl\u0131 maliyetlerle yapmay\u0131 m\u00fcmk\u00fcn k\u0131lar.<\/p>\n<p>[\/vc_column_text][\/vc_column][\/vc_row][vc_row][vc_column][vc_separator][vc_column_text css=&#8221;.vc_custom_1592297006811{margin-bottom: 15px !important;}&#8221;]<strong>\u00d6NER\u0130LEN \u00dcR\u00dcNLER:<\/strong>[\/vc_column_text][vc_empty_space height=&#8221;10px&#8221;][\/vc_column][vc_column][vc_masonry_grid post_type=&#8221;ids&#8221; element_width=&#8221;3&#8243; grid_id=&#8221;vc_gid:1627985728897-b0e7b1fa-8089-6&#8243; include=&#8221;1034, 4579&#8243; el_class=&#8221;text-size-p&#8221;][\/vc_column][\/vc_row]<\/p>\n","protected":false},"excerpt":{"rendered":"<p>Iglu&#8217;\u00ae veya Atlantis kal\u0131plar\u0131 sayesinde, L-Plast panelleri veya Muro kal\u0131plar\u0131yla birlikte kullan\u0131ld\u0131\u011f\u0131nda, sal yap\u0131y\u0131 sadece iki fazda tamamlamak m\u00fcmk\u00fcnd\u00fcr.<\/p>\n","protected":false},"author":1,"featured_media":57864,"parent":49217,"menu_order":2,"comment_status":"closed","ping_status":"closed","template":"","meta":[],"acf":[],"aioseo_notices":[],"_links":{"self":[{"href":"https:\/\/www.daliform.com\/tr\/wp-json\/wp\/v2\/pages\/49777"}],"collection":[{"href":"https:\/\/www.daliform.com\/tr\/wp-json\/wp\/v2\/pages"}],"about":[{"href":"https:\/\/www.daliform.com\/tr\/wp-json\/wp\/v2\/types\/page"}],"author":[{"embeddable":true,"href":"https:\/\/www.daliform.com\/tr\/wp-json\/wp\/v2\/users\/1"}],"replies":[{"embeddable":true,"href":"https:\/\/www.daliform.com\/tr\/wp-json\/wp\/v2\/comments?post=49777"}],"version-history":[{"count":0,"href":"https:\/\/www.daliform.com\/tr\/wp-json\/wp\/v2\/pages\/49777\/revisions"}],"up":[{"embeddable":true,"href":"https:\/\/www.daliform.com\/tr\/wp-json\/wp\/v2\/pages\/49217"}],"wp:featuredmedia":[{"embeddable":true,"href":"https:\/\/www.daliform.com\/tr\/wp-json\/wp\/v2\/media\/57864"}],"wp:attachment":[{"href":"https:\/\/www.daliform.com\/tr\/wp-json\/wp\/v2\/media?parent=49777"}],"curies":[{"name":"wp","href":"https:\/\/api.w.org\/{rel}","templated":true}]}}