{"id":49703,"date":"2016-05-26T15:51:46","date_gmt":"2016-05-26T13:51:46","guid":{"rendered":"https:\/\/www.daliform.com\/sistema-atlantis\/uygulamalar-sistema-atlantis\/derin-cok-seviyeli-temeller\/"},"modified":"2021-09-13T14:31:58","modified_gmt":"2021-09-13T12:31:58","slug":"cok-seviyeli-temeller","status":"publish","type":"page","link":"https:\/\/www.daliform.com\/tr\/sistema-atlantis-zemin-alti-havalandirmali-bosluklar\/uygulamalar-sistema-atlantis\/cok-seviyeli-temeller\/","title":{"rendered":"Derin, \u00e7ok seviyeli temeller"},"content":{"rendered":"<p>[vc_row padding_top=&#8221;0&#8243; padding_bottom=&#8221;0&#8243;][vc_column]\n\t<div class=\"custom-heading wpb_content_element  heading-medium\">\n\t\t<h2 class=\"heading-title\" >Atlantis Sistemi, farkl\u0131 \u00f6l\u00e7\u00fclerde sa\u011flanabilen bir santimetre i\u00e7indeki asans\u00f6r borular\u0131n\u0131n y\u00fcksekli\u011finin ayarlanmas\u0131n\u0131 m\u00fcmk\u00fcn k\u0131lar.<\/h2>\n\t\t<span class=\"heading-line primary\"><\/span>\n\t<\/div>[\/vc_column][\/vc_row][vc_row][vc_column width=&#8221;1\/2&#8243;][vc_single_image image=&#8221;37787&#8243; img_size=&#8221;full&#8221;][\/vc_column][vc_column width=&#8221;1\/2&#8243;][vc_column_text css=&#8221;.vc_custom_1594212135729{margin-bottom: 25px !important;}&#8221;]<\/p>\n<h5 style=\"text-align: justify;\">Atlantis Sistemi, de\u011fi\u015fik \u00f6l\u00e7\u00fclerde tedarik edilebilen y\u00fckseltici borular\u0131n y\u00fcksekli\u011fini santim santim ayarlamay\u0131 m\u00fcmk\u00fcn hale getirir. Bu da, e\u011fimli rampalar, levhalar ve \u00e7ok seviyeli levhalar gibi de\u011fi\u015fken y\u00fcksekliklere ihtiya\u00e7 duyan yap\u0131lar\u0131 d\u00fc\u015f\u00fck maliyetle ve h\u0131zla yapmay\u0131 kolayla\u015ft\u0131racakt\u0131r.<\/h5>\n<p style=\"text-align: justify;\">Normalde plakalar de\u011fi\u015fik seviyedeki temel bo\u015fluklar\u0131ndan ba\u015flayarak onlarla ayn\u0131 y\u00fckseklikte olu\u015fturulur (klasik bir \u00f6rne\u011fi &#8220;tersine T&#8221; kiri\u015fler veya yal\u0131t\u0131m\u0131 yap\u0131lm\u0131\u015f temel kolon tabanlar\u0131d\u0131r), Atlantis Sistemi bu yap\u0131lar\u0131n kal\u0131plar\u0131n normal yerle\u015ftirilmesine kesinti yapmaks\u0131z\u0131n kolayl\u0131kla olu\u015fturulmas\u0131n\u0131 m\u00fcmk\u00fcn hale getirir. Tarif edilen sistem e\u011fer Muro Kal\u0131p aksesuarlar\u0131yla birle\u015ftirilirse, ilaveten uygulama zaman\u0131n\u0131 da k\u0131salt\u0131r.<\/p>\n<p>[\/vc_column_text][\/vc_column][\/vc_row][vc_row][vc_column][vc_separator][vc_column_text css=&#8221;.vc_custom_1592297006811{margin-bottom: 15px !important;}&#8221;]<strong>\u00d6NER\u0130LEN \u00dcR\u00dcNLER:<\/strong>[\/vc_column_text][vc_empty_space height=&#8221;10px&#8221;][\/vc_column][vc_column][vc_masonry_grid post_type=&#8221;ids&#8221; element_width=&#8221;3&#8243; grid_id=&#8221;vc_gid:1627985330000-7894ba51-ea60-5&#8243; include=&#8221;1034, 4579&#8243; el_class=&#8221;text-size-p&#8221;][\/vc_column][\/vc_row]<\/p>\n","protected":false},"excerpt":{"rendered":"<p>E\u011fimli rampalar, levhalar ve \u00e7ok seviyeli levhalar gibi de\u011fi\u015fken y\u00fcksekliklere ihtiya\u00e7 duyan yap\u0131lar\u0131 d\u00fc\u015f\u00fck maliyetle ve h\u0131zla yapmay\u0131 kolayla\u015ft\u0131racakt\u0131r. <\/p>\n","protected":false},"author":1,"featured_media":57853,"parent":49217,"menu_order":1,"comment_status":"closed","ping_status":"closed","template":"","meta":[],"acf":[],"aioseo_notices":[],"_links":{"self":[{"href":"https:\/\/www.daliform.com\/tr\/wp-json\/wp\/v2\/pages\/49703"}],"collection":[{"href":"https:\/\/www.daliform.com\/tr\/wp-json\/wp\/v2\/pages"}],"about":[{"href":"https:\/\/www.daliform.com\/tr\/wp-json\/wp\/v2\/types\/page"}],"author":[{"embeddable":true,"href":"https:\/\/www.daliform.com\/tr\/wp-json\/wp\/v2\/users\/1"}],"replies":[{"embeddable":true,"href":"https:\/\/www.daliform.com\/tr\/wp-json\/wp\/v2\/comments?post=49703"}],"version-history":[{"count":0,"href":"https:\/\/www.daliform.com\/tr\/wp-json\/wp\/v2\/pages\/49703\/revisions"}],"up":[{"embeddable":true,"href":"https:\/\/www.daliform.com\/tr\/wp-json\/wp\/v2\/pages\/49217"}],"wp:featuredmedia":[{"embeddable":true,"href":"https:\/\/www.daliform.com\/tr\/wp-json\/wp\/v2\/media\/57853"}],"wp:attachment":[{"href":"https:\/\/www.daliform.com\/tr\/wp-json\/wp\/v2\/media?parent=49703"}],"curies":[{"name":"wp","href":"https:\/\/api.w.org\/{rel}","templated":true}]}}