{"id":49355,"date":"2016-04-13T16:53:49","date_gmt":"2016-04-13T14:53:49","guid":{"rendered":"https:\/\/www.daliform.com\/sistema-atlantis\/uygulamalar-sistema-atlantis\/erisim-rampalari\/"},"modified":"2021-09-13T12:01:30","modified_gmt":"2021-09-13T10:01:30","slug":"erisim-rampalari","status":"publish","type":"page","link":"https:\/\/www.daliform.com\/tr\/sistema-atlantis-zemin-alti-havalandirmali-bosluklar\/uygulamalar-sistema-atlantis\/erisim-rampalari\/","title":{"rendered":"Eri\u015fim rampalar\u0131"},"content":{"rendered":"<p>[vc_row padding_top=&#8221;0&#8243; padding_bottom=&#8221;0&#8243;][vc_column]\n\t<div class=\"custom-heading wpb_content_element  heading-medium\">\n\t\t<h2 class=\"heading-title\" >Atlantis Sistemi, de\u011fi\u015fik \u00f6l\u00e7\u00fclerde tedarik edilebilen y\u00fckseltici borular\u0131n y\u00fcksekli\u011fini santim santim ayarlamay\u0131 m\u00fcmk\u00fcn hale getirir. Bu da, e\u011fimli rampalar, levhalar ve \u00e7ok seviyeli levhalar gibi de\u011fi\u015fken y\u00fcksekliklere ihtiya\u00e7 duyan yap\u0131lar\u0131 d\u00fc\u015f\u00fck maliyetle ve h\u0131zla yapmay\u0131 kolayla\u015ft\u0131racakt\u0131r.<\/h2>\n\t\t<span class=\"heading-line primary\"><\/span>\n\t<\/div>[\/vc_column][\/vc_row][vc_row][vc_column width=&#8221;1\/2&#8243;][vc_masonry_media_grid grid_id=&#8221;vc_gid:1627984732730-6ac9d718-f27c-0&#8243; include=&#8221;37673,37683,37693,37703,37713,37723,37733,37743,37663&#8243;][\/vc_column][vc_column width=&#8221;1\/2&#8243;][vc_column_text]<\/p>\n<h5 style=\"text-align: justify;\"><strong>Atlantis Sistemi, materyal kullan\u0131mda b\u00fcy\u00fck \u00f6l\u00e7\u00fcde tasarruf sa\u011flayarak yer alt\u0131 yap\u0131lara eri\u015fmek i\u00e7in h\u0131zla rampalar olu\u015fturmay\u0131 m\u00fcmk\u00fcn hale getirir.<\/strong><\/h5>\n<p style=\"text-align: justify;\">Asl\u0131nda, kum, \u00e7ak\u0131l ta\u015f\u0131 veya beton gibi maddeler kullanmak yerine, biti\u015fikteki yap\u0131yla (park etme alan\u0131) ayn\u0131 y\u00fckseklikte bir rampa i\u00e7in temel, ve tepede ara\u00e7larca eri\u015filebilir e\u011fimli bir plakayla bo\u015fluk olu\u015fturmak m\u00fcmk\u00fcnd\u00fcr. Atlantis Sistemi ayr\u0131ca e\u011fimli rampalar yapmak i\u00e7in de kullan\u0131labilir.<\/p>\n<p>Daliform Grup teknisyenleri, zemin alt\u0131 bo\u015flu\u011funuzu tasarlaman\u0131za yard\u0131mc\u0131 olmak i\u00e7in her zaman hizmetinizde olacakt\u0131r, ve talep \u00fczerine hesaplamalar ve uygulamayla ilgili \u00e7izimlerle ki\u015fiselle\u015ftirilmi\u015f \u00e7al\u0131\u015fma hizmetleri sunabilir.[\/vc_column_text][\/vc_column][\/vc_row][vc_row][vc_column][vc_separator][vc_column_text css=&#8221;.vc_custom_1592297006811{margin-bottom: 15px !important;}&#8221;]<strong>\u00d6NER\u0130LEN \u00dcR\u00dcNLER<\/strong>[\/vc_column_text][vc_empty_space height=&#8221;10px&#8221;][\/vc_column][vc_column][vc_masonry_grid post_type=&#8221;ids&#8221; show_filter=&#8221;yes&#8221; element_width=&#8221;3&#8243; grid_id=&#8221;vc_gid:1627984732732-84822b3c-6b3a-4&#8243; include=&#8221;1034, 4579&#8243; el_class=&#8221;text-size-p&#8221; filter_source=&#8221;category&#8221;][\/vc_column][\/vc_row]<\/p>\n","protected":false},"excerpt":{"rendered":"<p>Atlantis Sistemi, materyal kullan\u0131mda b\u00fcy\u00fck \u00f6l\u00e7\u00fcde tasarruf sa\u011flayarak yer alt\u0131 yap\u0131lara eri\u015fmek i\u00e7in h\u0131zla rampalar olu\u015fturmay\u0131 m\u00fcmk\u00fcn hale getirir. <\/p>\n","protected":false},"author":1,"featured_media":57837,"parent":49217,"menu_order":0,"comment_status":"closed","ping_status":"closed","template":"","meta":[],"acf":[],"aioseo_notices":[],"_links":{"self":[{"href":"https:\/\/www.daliform.com\/tr\/wp-json\/wp\/v2\/pages\/49355"}],"collection":[{"href":"https:\/\/www.daliform.com\/tr\/wp-json\/wp\/v2\/pages"}],"about":[{"href":"https:\/\/www.daliform.com\/tr\/wp-json\/wp\/v2\/types\/page"}],"author":[{"embeddable":true,"href":"https:\/\/www.daliform.com\/tr\/wp-json\/wp\/v2\/users\/1"}],"replies":[{"embeddable":true,"href":"https:\/\/www.daliform.com\/tr\/wp-json\/wp\/v2\/comments?post=49355"}],"version-history":[{"count":0,"href":"https:\/\/www.daliform.com\/tr\/wp-json\/wp\/v2\/pages\/49355\/revisions"}],"up":[{"embeddable":true,"href":"https:\/\/www.daliform.com\/tr\/wp-json\/wp\/v2\/pages\/49217"}],"wp:featuredmedia":[{"embeddable":true,"href":"https:\/\/www.daliform.com\/tr\/wp-json\/wp\/v2\/media\/57837"}],"wp:attachment":[{"href":"https:\/\/www.daliform.com\/tr\/wp-json\/wp\/v2\/media?parent=49355"}],"curies":[{"name":"wp","href":"https:\/\/api.w.org\/{rel}","templated":true}]}}