{"id":49002,"date":"2016-05-19T14:54:53","date_gmt":"2016-05-19T12:54:53","guid":{"rendered":"https:\/\/www.daliform.com\/sistema-atlantis\/"},"modified":"2021-12-13T17:03:13","modified_gmt":"2021-12-13T16:03:13","slug":"sistema-atlantis-zemin-alti-havalandirmali-bosluklar","status":"publish","type":"page","link":"https:\/\/www.daliform.com\/tr\/sistema-atlantis-zemin-alti-havalandirmali-bosluklar\/","title":{"rendered":"Sistema Atlantis"},"content":{"rendered":"<p>[vc_row][vc_column width=&#8221;1\/4&#8243;][vc_single_image image=&#8221;37606&#8243; img_size=&#8221;large&#8221;][\/vc_column][vc_column width=&#8221;3\/4&#8243;][vc_column_text]<\/p>\n<p class=\"p1\" style=\"text-align: justify;\"><strong><span class=\"s1\">Sistema Atlantis <\/span><em>(Atlantis Sistemi)<\/em><\/strong> yeni veya yenilenmi\u015f sivil veya end\u00fcstriyel binalar\u0131n, biriktirme depolar\u0131n\u0131n, da\u011f\u0131t\u0131m depolar\u0131n\u0131n, bal-pete\u011fi sallar\u0131n, d\u00fc\u015f\u00fck \u0131s\u0131 so\u011fuk odalar\u0131n\u0131n zeminlerinin alt\u0131nda bo\u015fluklar ve havaland\u0131rmal\u0131 zeminler olu\u015fturmak i\u00e7in geli\u015fmi\u015f bir sistemdir.<\/p>\n<p class=\"p2\" style=\"text-align: justify;\"><span class=\"s1\">Atlantis Sistemi<\/span>, y\u00fckseltici borular\u0131n sabit \u00e7ap\u0131n\u0131n doldurmak i\u00e7in kullan\u0131lacak betonu asgariye indirebilme avantaj\u0131yla; zemin alt\u0131 bo\u015flu\u011funun veya bo\u015flu\u011fun derinli\u011fi klasik Igl\u00f9<sup>\u00ae<\/sup> kal\u0131plar\u0131n\u0131n kullan\u0131lamayaca\u011f\u0131 derinlikte oldu\u011fu durumlarda kullan\u0131l\u0131r. Ana sistem h\u0131z, basitlik ve maliyet performans\u0131 sunar.<\/p>\n<p class=\"p1\" style=\"text-align: justify;\">\u0130laveten <span class=\"s1\">Atlantis<\/span> ile, uygun \u015fekilde rutubeti engellenmi\u015f hijyenik bir alan elde edilir ve e\u011fer d\u0131\u015far\u0131yla ba\u011flant\u0131l\u0131 bir boru sistemi \u00fczerinden do\u011fru \u015fekilde havaland\u0131r\u0131l\u0131rsa, zeminde mevcut olan Radon gaz\u0131n\u0131n bertaraf edilmesi i\u00e7in bir ara\u00e7t\u0131r.<\/p>\n<p>[\/vc_column_text][\/vc_column][\/vc_row]<\/p>\n","protected":false},"excerpt":{"rendered":"<p>Yap\u0131lar\u0131 kolayla\u015ft\u0131rmak, zemin y\u00fcksekliklerini ve di\u011fer uygulamalar\u0131 telafi etmek i\u00e7in alt\u0131nda bo\u015fluklar bulunan y\u00fckseltilmi\u015f beton plakalar olu\u015fturmak.<\/p>\n","protected":false},"author":1,"featured_media":37616,"parent":0,"menu_order":17,"comment_status":"closed","ping_status":"closed","template":"template-product.php","meta":[],"acf":[],"aioseo_notices":[],"_links":{"self":[{"href":"https:\/\/www.daliform.com\/tr\/wp-json\/wp\/v2\/pages\/49002"}],"collection":[{"href":"https:\/\/www.daliform.com\/tr\/wp-json\/wp\/v2\/pages"}],"about":[{"href":"https:\/\/www.daliform.com\/tr\/wp-json\/wp\/v2\/types\/page"}],"author":[{"embeddable":true,"href":"https:\/\/www.daliform.com\/tr\/wp-json\/wp\/v2\/users\/1"}],"replies":[{"embeddable":true,"href":"https:\/\/www.daliform.com\/tr\/wp-json\/wp\/v2\/comments?post=49002"}],"version-history":[{"count":0,"href":"https:\/\/www.daliform.com\/tr\/wp-json\/wp\/v2\/pages\/49002\/revisions"}],"wp:featuredmedia":[{"embeddable":true,"href":"https:\/\/www.daliform.com\/tr\/wp-json\/wp\/v2\/media\/37616"}],"wp:attachment":[{"href":"https:\/\/www.daliform.com\/tr\/wp-json\/wp\/v2\/media?parent=49002"}],"curies":[{"name":"wp","href":"https:\/\/api.w.org\/{rel}","templated":true}]}}