{"id":44841,"date":"2016-03-07T10:57:30","date_gmt":"2016-03-07T09:57:30","guid":{"rendered":"https:\/\/www.daliform.com\/iglu\/uygulamalar-iglu\/akustik-yalitim\/"},"modified":"2022-03-02T09:43:56","modified_gmt":"2022-03-02T08:43:56","slug":"iglu-akustik-yalitim","status":"publish","type":"page","link":"https:\/\/www.daliform.com\/tr\/iglu-havalandirmali-zemin-alti-bosluklari\/iglu-uygulamalar\/iglu-akustik-yalitim\/","title":{"rendered":"Akustik yal\u0131t\u0131m"},"content":{"rendered":"<p>[vc_row padding_top=&#8221;0&#8243; padding_bottom=&#8221;0&#8243;][vc_column]\n\t<div class=\"custom-heading wpb_content_element  heading-medium\">\n\t\t<h2 class=\"heading-title\" >\u015eap ve plaka aras\u0131na yerle\u015ftirilen Igl\u00f9\u00ae evdeki rahatl\u0131\u011f\u0131n artmas\u0131n\u0131 m\u00fcmk\u00fcn k\u0131lan g\u00fcr\u00fclt\u00fc kontrol\u00fc mekanizmas\u0131 uygulan\u0131r.<\/h2>\n\t\t<span class=\"heading-line primary\"><\/span>\n\t<\/div>[\/vc_column][\/vc_row][vc_row][vc_column width=&#8221;1\/2&#8243;][vc_single_image image=&#8221;35323&#8243; img_size=&#8221;full&#8221;][\/vc_column][vc_column width=&#8221;1\/2&#8243;][vc_column_text css=&#8221;.vc_custom_1464359033054{margin-bottom: 35px !important;}&#8221;]<\/p>\n<p style=\"text-align: justify;\">\u015eap ve plaka aras\u0131na yerle\u015ftirilen H 4-8-12 cm Igl\u00f9\u00ae, yard\u0131m\u0131 ile, evdeki rahatl\u0131\u011f\u0131n artmas\u0131n\u0131 m\u00fcmk\u00fcn k\u0131lan g\u00fcr\u00fclt\u00fc kontrol\u00fc mekanizmas\u0131 uygulan\u0131r ve bo\u015flu\u011fun ba\u015fka bir yarar\u0131 da kablolar\u0131n ve borular\u0131n ge\u00e7ebilmesi ve klasik \u015faptan daha hafif bir \u00e7\u00f6z\u00fcm olmas\u0131d\u0131r. \u00d6zel fono yal\u0131t\u0131m paketlerinin harmanlanmas\u0131 ile Igl\u00f9\u00ae, g\u00fcr\u00fclt\u00fc anlam\u0131nda y\u00f6netmeliklerle belirlenmi\u015f de\u011ferlere ula\u015fmaya yard\u0131m eder.<\/p>\n<p>[\/vc_column_text][\/vc_column][vc_column][vc_empty_space][vc_column_text]<\/p>\n<p style=\"text-align: justify;\">Bu, uygun cismin yatay yap\u0131lar\u0131n\u0131 olu\u015fturarak, zemin ve \u015fap aras\u0131na \u00e7arpma sesinden kaynaklanan titremeleri azaltan tabaka halinde madde yerle\u015ftirerek uygulanabilir. Binan\u0131n kullan\u0131m\u0131na ba\u011fl\u0131 olarak, yasa farkl\u0131 fono yal\u0131t\u0131m\u0131 parametrelerini belirler.<\/p>\n<p><span lang=\"tr\">10\/26\/95 tarih ve 447 say\u0131l\u0131 g\u00fcr\u00fclt\u00fc kirlili\u011fi \u00c7er\u00e7eve Kanunu, d\u0131\u015f \u00e7evrenin ve ya\u015fam ortam\u0131n\u0131n g\u00fcr\u00fclt\u00fc kirlili\u011finden korunmas\u0131 ile ilgili temel ilkeleri belirlemektedir.<\/span>[\/vc_column_text][\/vc_column][\/vc_row][vc_row][vc_column][vc_separator][vc_column_text css=&#8221;.vc_custom_1592297006811{margin-bottom: 15px !important;}&#8221;]<strong><span lang=\"tr\">\u00d6NER\u0130LEN \u00dcR\u00dcNLER<\/span>:<\/strong>[\/vc_column_text][vc_empty_space height=&#8221;10px&#8221;][\/vc_column][vc_column][vc_masonry_grid post_type=&#8221;ids&#8221; element_width=&#8221;3&#8243; grid_id=&#8221;vc_gid:1627394260378-22dc8f36-66bd-0&#8243; include=&#8221;1034&#8243; el_class=&#8221;text-size-p&#8221;][\/vc_column][\/vc_row]<\/p>\n","protected":false},"excerpt":{"rendered":"<p>\u00d6zel fono yal\u0131t\u0131m paketlerinin harmanlanmas\u0131 ile Igl\u00f9\u00ae, g\u00fcr\u00fclt\u00fc anlam\u0131nda y\u00f6netmeliklerle belirlenmi\u015f de\u011ferlere ula\u015fmaya yard\u0131m eder.<\/p>\n","protected":false},"author":1,"featured_media":57931,"parent":42773,"menu_order":4,"comment_status":"closed","ping_status":"closed","template":"","meta":[],"acf":[],"aioseo_notices":[],"_links":{"self":[{"href":"https:\/\/www.daliform.com\/tr\/wp-json\/wp\/v2\/pages\/44841"}],"collection":[{"href":"https:\/\/www.daliform.com\/tr\/wp-json\/wp\/v2\/pages"}],"about":[{"href":"https:\/\/www.daliform.com\/tr\/wp-json\/wp\/v2\/types\/page"}],"author":[{"embeddable":true,"href":"https:\/\/www.daliform.com\/tr\/wp-json\/wp\/v2\/users\/1"}],"replies":[{"embeddable":true,"href":"https:\/\/www.daliform.com\/tr\/wp-json\/wp\/v2\/comments?post=44841"}],"version-history":[{"count":0,"href":"https:\/\/www.daliform.com\/tr\/wp-json\/wp\/v2\/pages\/44841\/revisions"}],"up":[{"embeddable":true,"href":"https:\/\/www.daliform.com\/tr\/wp-json\/wp\/v2\/pages\/42773"}],"wp:featuredmedia":[{"embeddable":true,"href":"https:\/\/www.daliform.com\/tr\/wp-json\/wp\/v2\/media\/57931"}],"wp:attachment":[{"href":"https:\/\/www.daliform.com\/tr\/wp-json\/wp\/v2\/media?parent=44841"}],"curies":[{"name":"wp","href":"https:\/\/api.w.org\/{rel}","templated":true}]}}