{"id":44208,"date":"2016-03-07T10:35:44","date_gmt":"2016-03-07T09:35:44","guid":{"rendered":"https:\/\/www.daliform.com\/iglu\/uygulamalar-iglu\/havalandirmali-catilar\/"},"modified":"2022-03-02T09:40:18","modified_gmt":"2022-03-02T08:40:18","slug":"havalandirmali-catilar","status":"publish","type":"page","link":"https:\/\/www.daliform.com\/tr\/iglu-havalandirmali-zemin-alti-bosluklari\/iglu-uygulamalar\/havalandirmali-catilar\/","title":{"rendered":"Havaland\u0131rmal\u0131 \u00e7at\u0131lar"},"content":{"rendered":"<p>[vc_row padding_top=&#8221;0&#8243; padding_bottom=&#8221;0&#8243;][vc_column]\n\t<div class=\"custom-heading wpb_content_element  heading-medium\">\n\t\t<h2 class=\"heading-title\" >Iglu'\u00ae havaland\u0131rmal\u0131 \u00e7at\u0131 ile (d\u00fcz veya e\u011fimli \u00e7at\u0131) havaland\u0131rmal\u0131 \u00e7at\u0131s\u0131n\u0131n ger\u00e7ekle\u015ftirilmesi, hem k\u0131\u015f hem de yaz.<\/h2>\n\t\t<span class=\"heading-line primary\"><\/span>\n\t<\/div>[\/vc_column][\/vc_row][vc_row][vc_column width=&#8221;1\/2&#8243;][vc_single_image image=&#8221;44156&#8243; img_size=&#8221;large&#8221;][\/vc_column][vc_column width=&#8221;1\/2&#8243;][vc_column_text]Is\u0131 dalgalanmalar\u0131 ve hava durumu de\u011fi\u015fiklikleri gibi \u00e7evresel fakt\u00f6rlere etkili bir cevap i\u00e7in her binan\u0131n en \u00f6nemli par\u00e7as\u0131 \u00e7at\u0131s\u0131d\u0131r.<br \/>\nMesken, ticari, end\u00fcstriyel ve kamu binalar\u0131nda Iglu&#8217;\u00ae havaland\u0131rmal\u0131 \u00e7at\u0131lar\u0131n\u0131n kullan\u0131m\u0131 \u015funlar\u0131 olu\u015fturmak i\u00e7in \u00e7ok gereklidir:<br \/>\n&#8211; <strong>konforlu tavan aralar\u0131 uygun higrotermal \u00f6zelliklerle:<\/strong> sabit kal\u0131nl\u0131kta bir hava bo\u015flu\u011fu olu\u015fturulmas\u0131, sa\u011flamla\u015ft\u0131r\u0131lm\u0131\u015f betondaki her t\u00fcrl\u00fc e\u011fimli \u00e7at\u0131 ile uyumlu harika bir tasar\u0131m se\u00e7ene\u011fidir.<br \/>\n&#8211; <strong>d\u00fcz \u00e7at\u0131 teraslar\u0131 b\u00f6ylece<\/strong> in\u015faat alan\u0131n\u0131n t\u00fcm k\u00f6\u015felerine kadar en ufak noktas\u0131na kadar kullan\u0131lmas\u0131na izin verilebilir.[\/vc_column_text][\/vc_column][vc_column][vc_column_text]<strong>AVANTAJLARI:<br \/>\n<\/strong>\u2022 KI\u015e AYLARINDA, HAVALANDIRMAYI BAS\u0130T B\u0130R VALF\/SUBAPLA KAPATMAKLA DI\u015eARIDAK\u0130 SO\u011eU\u011eA KAR\u015eI YALITIM SA\u011eLANAB\u0130L\u0130R.<br \/>\n\u2022 YAZ AYLARINDA HAVALANDIRMA SAYES\u0130NDE A\u015eA\u011eIDAK\u0130 ALANLARIN ISINMASI AZALTILAB\u0130L\u0130R.<br \/>\n\u2022 HAVALANDIRMA AYRICA \u00c7ATI Y\u00dcZEY\u0130N\u0130N ALTINDAK\u0130 NEM B\u0130R\u0130KMES\u0130N\u0130 ENGELLER, VE B\u00d6YLECE YAPININ \u00c7\u00dcR\u00dcMES\u0130NE YOL A\u00c7AB\u0130LECEK K\u00dcF VE D\u0130\u011eER MADDELER\u0130N OLU\u015eMASINI ENGELLER.<br \/>\n\u2022 ENERJ\u0130 T\u00dcKET\u0130M\u0130NDE \u00d6NEML\u0130 \u00d6L\u00c7\u00dcDE TASARRUF SA\u011eLAR (ISITMA\/SO\u011eUTMA).[\/vc_column_text][vc_column_text]<\/p>\n<p class=\"p1\"><strong>binalan\u0131n yatay \u00e7at\u0131s\u0131 \u00fczerine Igl\u00f9<sup>\u00ae<\/sup> havaland\u0131rmal\u0131 \u00e7at\u0131 yerle\u015ftirerek, yaz\u0131n binay\u0131 s\u0131caktan k\u0131\u015f\u0131n ise so\u011fuktan yal\u0131tan, bir hava bo\u015flu\u011fu olu\u015fur, bunun da sonucu dahili hava s\u0131cakl\u0131\u011f\u0131 d\u00fczenlemede tasarruftur.<\/strong><\/p>\n<p class=\"p1\">Yaz\u0131n y\u00fcksek k\u0131\u015f\u0131n da d\u00fc\u015f\u00fck s\u0131cakl\u0131\u011f\u0131n; yo\u011funla\u015fmayla ve nemle birle\u015fmesi, kaplama alt\u0131nda i\u00e7eriye s\u00fcrekli hava ak\u0131\u015f\u0131 sa\u011flayan Iglu&#8217;<sup>\u00ae<\/sup> havaland\u0131rmal\u0131 \u00e7at\u0131 tatbik edilmesiyle elde edilmi\u015f bir havaland\u0131rmal\u0131 \u00e7at\u0131 sistemi kullan\u0131lmas\u0131n\u0131n gerekece\u011fi bir durumdur.<br \/>\n<strong>Iglu&#8217;<sup>\u00ae <\/sup>havaland\u0131rmal\u0131 \u00e7at\u0131 ile (d\u00fcz veya e\u011fimli \u00e7at\u0131) havaland\u0131rmal\u0131 \u00e7at\u0131s\u0131n\u0131n ger\u00e7ekle\u015ftirilmesi, hem k\u0131\u015f hem de yaz i\u00e7in daha fazla ya\u015fam konforu sa\u011flad\u0131\u011f\u0131 gibi, \u00e7at\u0131y\u0131 olu\u015fturan maddelerin korunmas\u0131n\u0131 da iyile\u015ftirir.<\/strong><\/p>\n<p>[\/vc_column_text][\/vc_column][\/vc_row][vc_row][vc_column][vc_separator][vc_column_text css=&#8221;.vc_custom_1592297006811{margin-bottom: 15px !important;}&#8221;]<strong><span lang=\"tr\">\u00d6NER\u0130LEN \u00dcR\u00dcNLER<\/span>:<\/strong>[\/vc_column_text][vc_empty_space height=&#8221;10px&#8221;][\/vc_column][vc_column][vc_masonry_grid post_type=&#8221;ids&#8221; element_width=&#8221;3&#8243; grid_id=&#8221;vc_gid:1627391613477-e9d16684-6942-0&#8243; include=&#8221;1034&#8243; el_class=&#8221;text-size-p&#8221;][\/vc_column][\/vc_row]<\/p>\n","protected":false},"excerpt":{"rendered":"<p>Iglu&#8217;\u00ae havaland\u0131rmal\u0131 \u00e7at\u0131  ile (d\u00fcz veya e\u011fimli \u00e7at\u0131) havaland\u0131rmal\u0131 \u00e7at\u0131s\u0131n\u0131n  ger\u00e7ekle\u015ftirilmesi \u00e7at\u0131y\u0131 olu\u015fturan maddelerin korunmas\u0131n\u0131 da iyile\u015ftirir.<\/p>\n","protected":false},"author":1,"featured_media":57908,"parent":42773,"menu_order":2,"comment_status":"closed","ping_status":"closed","template":"","meta":[],"acf":[],"aioseo_notices":[],"_links":{"self":[{"href":"https:\/\/www.daliform.com\/tr\/wp-json\/wp\/v2\/pages\/44208"}],"collection":[{"href":"https:\/\/www.daliform.com\/tr\/wp-json\/wp\/v2\/pages"}],"about":[{"href":"https:\/\/www.daliform.com\/tr\/wp-json\/wp\/v2\/types\/page"}],"author":[{"embeddable":true,"href":"https:\/\/www.daliform.com\/tr\/wp-json\/wp\/v2\/users\/1"}],"replies":[{"embeddable":true,"href":"https:\/\/www.daliform.com\/tr\/wp-json\/wp\/v2\/comments?post=44208"}],"version-history":[{"count":0,"href":"https:\/\/www.daliform.com\/tr\/wp-json\/wp\/v2\/pages\/44208\/revisions"}],"up":[{"embeddable":true,"href":"https:\/\/www.daliform.com\/tr\/wp-json\/wp\/v2\/pages\/42773"}],"wp:featuredmedia":[{"embeddable":true,"href":"https:\/\/www.daliform.com\/tr\/wp-json\/wp\/v2\/media\/57908"}],"wp:attachment":[{"href":"https:\/\/www.daliform.com\/tr\/wp-json\/wp\/v2\/media?parent=44208"}],"curies":[{"name":"wp","href":"https:\/\/api.w.org\/{rel}","templated":true}]}}