{"id":44019,"date":"2016-03-04T14:03:48","date_gmt":"2016-03-04T13:03:48","guid":{"rendered":"https:\/\/www.daliform.com\/iglu\/uygulamalar-iglu\/soguk-odalar\/"},"modified":"2022-03-02T09:37:41","modified_gmt":"2022-03-02T08:37:41","slug":"soguk-odalar","status":"publish","type":"page","link":"https:\/\/www.daliform.com\/tr\/iglu-havalandirmali-zemin-alti-bosluklari\/iglu-uygulamalar\/soguk-odalar\/","title":{"rendered":"So\u011fuk odalar"},"content":{"rendered":"<p>[vc_row padding_top=&#8221;0&#8243; padding_bottom=&#8221;0&#8243;][vc_column]\n\t<div class=\"custom-heading wpb_content_element  heading-medium\">\n\t\t<h2 class=\"heading-title\" >Iglu'\u00ae so\u011fuk odalar\u0131n zeminin alt\u0131nda, deformasyon ve \u00e7atlaklardan ka\u00e7\u0131narak havaland\u0131r\u0131lm\u0131\u015f bir bo\u015fluk olu\u015fturur.<\/h2>\n\t\t<span class=\"heading-line primary\"><\/span>\n\t<\/div>[\/vc_column][\/vc_row][vc_row][vc_column width=&#8221;1\/2&#8243;][vc_single_image image=&#8221;35116&#8243; img_size=&#8221;full&#8221; alignment=&#8221;center&#8221; css=&#8221;.vc_custom_1627391311377{margin-left: -20px !important;}&#8221;][vc_column_text]<\/p>\n<p class=\"p1\"><span class=\"s1\"><b>AVANTAJLARI:<\/b><\/span><\/p>\n<p class=\"p1\"><span class=\"s1\">\u2022 ZEM\u0130N\u0130N DEFORMASYONU VE KALDIRILMASINI \u00d6NL\u0130YOR (D\u0130RSEK A\u011eIR)<br \/>\n<\/span><span class=\"s1\">\u2022 DA\u011eITILMI\u015e VE KONSANTRE Y\u00dcKLERE Y\u00dcKSEK D\u0130REN\u00c7<br \/>\n<\/span><span class=\"s1\">\u2022 T\u00dcM Y\u00d6NLERDE ETK\u0130N HAVALANDIRMA<br \/>\n<\/span><span class=\"s1\">\u2022 DONDURMA HAVASI G\u0130DERME<br \/>\n<\/span><span class=\"s1\">\u2022 KONUMLANDIRMA KOLAYLI\u011eI<br \/>\n<\/span><span class=\"s1\">\u2022 T\u00dcM Y\u00d6NLERDE YERALTI S\u0130STEM\u0130 \u0130\u00c7\u0130N MAKS\u0130MUM \u00dcCRETS\u0130Z TRANS\u0130T<br \/>\n<\/span><span class=\"s1\">\u2022 BETON VE ZEM\u0130N ARASINDA \u0130LET\u0130\u015e\u0130M NOKTASI YOK<\/span><\/p>\n<p>[\/vc_column_text][\/vc_column][vc_column width=&#8221;1\/2&#8243;][vc_column_text]Iglu\u2019\u00ae ile in\u015fa edilen yer alt\u0131 bo\u015flu\u011fu, zeminin alt\u0131nda daha etkili havaland\u0131rma sa\u011flamak i\u00e7in ideal bir sistemdir, \u00e7\u00fcnk\u00fc Iglu\u2019\u00ae tek bir a\u00e7\u0131k alan olu\u015fturmay\u0131 ve havan\u0131n her y\u00f6ne dola\u015f\u0131m\u0131n\u0131 sa\u011flar. Bu don y\u00fckseli\u015finin ba\u015flamas\u0131n\u0131 \u00f6nler.<\/p>\n<p>Iglu\u2019\u00ae, havaland\u0131rmal\u0131 bo\u015fluklar\u0131 hem pozitif hem de negatif so\u011fuk odalara monte etmek i\u00e7in en g\u00fcvenli ve ekonomik yap\u0131c\u0131 \u00e7\u00f6z\u00fcmd\u00fcr. Substratta bulunan nemi uzakla\u015ft\u0131rarak bo\u015fluk s\u0131cakl\u0131\u011f\u0131n\u0131n s\u0131f\u0131r\u0131n \u00fczerinde kalmas\u0131n\u0131 garanti eder. Bu, d\u00f6\u015feme y\u00fczeyini yukar\u0131 do\u011fru iten ve zeminin \u00e7atlamas\u0131na neden olan (donma kabarc\u0131\u011f\u0131 olarak bilinen bir i\u015flem) temel \u00e7\u00f6keltilerinin (ya\u011fs\u0131z beton \/ toprak d\u00fczene\u011fi) donmas\u0131n\u0131 ve deformasyonunu \u00f6nler.[\/vc_column_text][vc_column_text]<span lang=\"tr\">So\u011fuk odalar i\u00e7in end\u00fcstriyel zeminlerin in\u015fas\u0131 i\u00e7in Iglu\u2019un kullan\u0131m\u0131 2014 LGPCF&#8217;de (So\u011fuk Odalarda End\u00fcstriyel Zemin D\u00f6\u015feme K\u0131lavuzu) ENCOPER (Ulusal Zemin ve Kaplama \u00dcreticileri Birli\u011fi) taraf\u0131ndan kurulmu\u015ftur. Metin, so\u011fuk odalarda end\u00fcstriyel kullan\u0131m i\u00e7in tasarlanan t\u00fcm betonarme d\u00f6\u015femelerin dayan\u0131kl\u0131l\u0131\u011f\u0131 i\u00e7in gerekli temel gereksinimleri belirtir. \u00d6zellikle, daha genel standart olan UNI 11146&#8217;da herhangi bir h\u00fck\u00fcm bulunmayan mekanik diren\u00e7 ve kararl\u0131l\u0131\u011f\u0131n temel gereksinimlerini kar\u015f\u0131lar.<\/span>[\/vc_column_text][\/vc_column][\/vc_row][vc_row][vc_column][vc_separator][vc_column_text css=&#8221;.vc_custom_1592297006811{margin-bottom: 15px !important;}&#8221;]<strong><span lang=\"tr\">\u00d6NER\u0130LEN \u00dcR\u00dcNLER<\/span>:<\/strong>[\/vc_column_text][vc_empty_space height=&#8221;10px&#8221;][\/vc_column][vc_column][vc_masonry_grid post_type=&#8221;ids&#8221; element_width=&#8221;3&#8243; grid_id=&#8221;vc_gid:1627390802089-3cc89707-08bd-4&#8243; include=&#8221;1034&#8243; el_class=&#8221;text-size-p&#8221;][\/vc_column][\/vc_row]<\/p>\n","protected":false},"excerpt":{"rendered":"<p>Nemi ve s\u0131cakl\u0131klar\u0131 kontrol edecek ortam\u0131n olu\u015fturulmas\u0131 i\u00e7in (so\u011fuk depolama, g\u0131da ambarlar\u0131, kilerler, kurutma odalar\u0131).<\/p>\n","protected":false},"author":1,"featured_media":57897,"parent":42773,"menu_order":1,"comment_status":"closed","ping_status":"closed","template":"","meta":[],"acf":[],"aioseo_notices":[],"_links":{"self":[{"href":"https:\/\/www.daliform.com\/tr\/wp-json\/wp\/v2\/pages\/44019"}],"collection":[{"href":"https:\/\/www.daliform.com\/tr\/wp-json\/wp\/v2\/pages"}],"about":[{"href":"https:\/\/www.daliform.com\/tr\/wp-json\/wp\/v2\/types\/page"}],"author":[{"embeddable":true,"href":"https:\/\/www.daliform.com\/tr\/wp-json\/wp\/v2\/users\/1"}],"replies":[{"embeddable":true,"href":"https:\/\/www.daliform.com\/tr\/wp-json\/wp\/v2\/comments?post=44019"}],"version-history":[{"count":0,"href":"https:\/\/www.daliform.com\/tr\/wp-json\/wp\/v2\/pages\/44019\/revisions"}],"up":[{"embeddable":true,"href":"https:\/\/www.daliform.com\/tr\/wp-json\/wp\/v2\/pages\/42773"}],"wp:featuredmedia":[{"embeddable":true,"href":"https:\/\/www.daliform.com\/tr\/wp-json\/wp\/v2\/media\/57897"}],"wp:attachment":[{"href":"https:\/\/www.daliform.com\/tr\/wp-json\/wp\/v2\/media?parent=44019"}],"curies":[{"name":"wp","href":"https:\/\/api.w.org\/{rel}","templated":true}]}}