{"id":43331,"date":"2016-04-13T08:57:09","date_gmt":"2016-04-13T06:57:09","guid":{"rendered":"https:\/\/www.daliform.com\/iglu\/uygulamalar-iglu\/zemin-alti-havalandirmali-bosluklar\/"},"modified":"2022-03-02T09:32:37","modified_gmt":"2022-03-02T08:32:37","slug":"zemin-alti-havalandirmali-bosluklar-applications","status":"publish","type":"page","link":"https:\/\/www.daliform.com\/tr\/iglu-havalandirmali-zemin-alti-bosluklari\/iglu-uygulamalar\/zemin-alti-havalandirmali-bosluklar-applications\/","title":{"rendered":"Zemin alt\u0131 havaland\u0131rmal\u0131 bo\u015fluklar"},"content":{"rendered":"<p>[vc_row padding_top=&#8221;0&#8243; padding_bottom=&#8221;0&#8243;][vc_column]\n\t<div class=\"custom-heading wpb_content_element  heading-medium\">\n\t\t<h2 class=\"heading-title\" >Havaland\u0131rmal\u0131 tarama alan\u0131, nemli y\u00fckselme sorununu ortadan kald\u0131rmak ve evi tehlikeli Radon Gaz\u0131ndan korumak i\u00e7in ideal bir \u00e7\u00f6z\u00fcmd\u00fcr.<\/h2>\n\t\t<span class=\"heading-line primary\"><\/span>\n\t<\/div>[\/vc_column][\/vc_row][vc_row][vc_column width=&#8221;1\/2&#8243;][vc_single_image image=&#8221;43378&#8243; img_size=&#8221;large&#8221;][\/vc_column][vc_column width=&#8221;1\/2&#8243;][vc_column_text]<\/p>\n<p class=\"p1\">Igl\u00f9<sup>\u00ae<\/sup> ile olu\u015fturulmu\u015f zemin alt\u0131 havaland\u0131rmal\u0131 bir bo\u015fluk, sa\u011fl\u0131\u011f\u0131m\u0131za yararl\u0131 olacak \u015fekilde nemi ve zararl\u0131 radon gazlar\u0131n\u0131 atmosfere g\u00f6ndermeyi m\u00fcmk\u00fcn k\u0131lan etkili ve ekonomik bir \u00e7\u00f6z\u00fcm sunar.<br \/>\nIgl\u00f9<sup>\u00ae<\/sup> mod\u00fclleri taraf\u0131ndan olu\u015fturulan hava bo\u015flu\u011fu basit borular yard\u0131m\u0131yla d\u0131\u015far\u0131s\u0131 ile ba\u011flant\u0131 i\u00e7inde olmal\u0131d\u0131r. Bu, bo\u015fluktan ge\u00e7en ve (e\u011fer mevcutsa) nemi ve Radon gaz\u0131n\u0131 ortadan kald\u0131ran do\u011fal hava ak\u0131\u015f\u0131 yarat\u0131r.<\/p>\n<p>[\/vc_column_text][vc_column_text]<strong><span lang=\"tr\">AVANTAJLARI<\/span>:<br \/>\n<\/strong>\u2022 <span class=\"s1\">RADON GAZININ KALDIRILMASI<br \/>\n<\/span>\u2022 <span class=\"s1\">T\u00dcM Y\u00d6NLERDE ETK\u0130N HAVALANDIRMA<br \/>\n<\/span>\u2022 <span class=\"s1\">Y\u00dcKSEK NEM KALDIRMA<br \/>\n<\/span>\u2022 <span class=\"s1\">S\u0130STEMLER\u0130N GE\u00c7M\u0130\u015e\u0130 \u0130\u00c7\u0130N B\u00d6LME OLU\u015eTURMA<\/span>[\/vc_column_text][\/vc_column][\/vc_row][vc_row][vc_column][vc_separator][vc_column_text css=&#8221;.vc_custom_1592297006811{margin-bottom: 15px !important;}&#8221;]<strong><span lang=\"tr\">\u00d6NER\u0130LEN \u00dcR\u00dcNLER<\/span>:<\/strong>[\/vc_column_text][vc_empty_space height=&#8221;10px&#8221;][\/vc_column][vc_column][vc_masonry_grid post_type=&#8221;ids&#8221; element_width=&#8221;3&#8243; grid_id=&#8221;vc_gid:1599569219211-cd808f1d-d549-7&#8243; include=&#8221;1034, 4579&#8243; el_class=&#8221;text-size-p&#8221;][\/vc_column][\/vc_row]<\/p>\n","protected":false},"excerpt":{"rendered":"<p>Havaland\u0131rmal\u0131 zemin alt\u0131 bo\u015fluklar\u0131 i\u00e7in tek kullan\u0131ml\u0131k kal\u0131p.<\/p>\n","protected":false},"author":1,"featured_media":57886,"parent":42773,"menu_order":0,"comment_status":"closed","ping_status":"closed","template":"","meta":[],"acf":[],"aioseo_notices":[],"_links":{"self":[{"href":"https:\/\/www.daliform.com\/tr\/wp-json\/wp\/v2\/pages\/43331"}],"collection":[{"href":"https:\/\/www.daliform.com\/tr\/wp-json\/wp\/v2\/pages"}],"about":[{"href":"https:\/\/www.daliform.com\/tr\/wp-json\/wp\/v2\/types\/page"}],"author":[{"embeddable":true,"href":"https:\/\/www.daliform.com\/tr\/wp-json\/wp\/v2\/users\/1"}],"replies":[{"embeddable":true,"href":"https:\/\/www.daliform.com\/tr\/wp-json\/wp\/v2\/comments?post=43331"}],"version-history":[{"count":0,"href":"https:\/\/www.daliform.com\/tr\/wp-json\/wp\/v2\/pages\/43331\/revisions"}],"up":[{"embeddable":true,"href":"https:\/\/www.daliform.com\/tr\/wp-json\/wp\/v2\/pages\/42773"}],"wp:featuredmedia":[{"embeddable":true,"href":"https:\/\/www.daliform.com\/tr\/wp-json\/wp\/v2\/media\/57886"}],"wp:attachment":[{"href":"https:\/\/www.daliform.com\/tr\/wp-json\/wp\/v2\/media?parent=43331"}],"curies":[{"name":"wp","href":"https:\/\/api.w.org\/{rel}","templated":true}]}}