{"id":39511,"date":"2016-02-17T15:29:13","date_gmt":"2016-02-17T14:29:13","guid":{"rendered":"https:\/\/www.daliform.com\/iglu\/"},"modified":"2021-12-13T16:29:39","modified_gmt":"2021-12-13T15:29:39","slug":"iglu-havalandirmali-zemin-alti-bosluklari","status":"publish","type":"page","link":"https:\/\/www.daliform.com\/tr\/iglu-havalandirmali-zemin-alti-bosluklari\/","title":{"rendered":"Iglu&#8217;\u00ae"},"content":{"rendered":"<p>[vc_row][vc_column width=&#8221;1\/4&#8243;][vc_single_image image=&#8221;35080&#8243; img_size=&#8221;large&#8221;][\/vc_column][vc_column width=&#8221;3\/4&#8243;][vc_column_text]<\/p>\n<h5><strong>Igl\u00f9\u00ae<\/strong> kamu ve end\u00fcstriyel binalar\u0131n in\u015faat\u0131 ve yeniden yap\u0131land\u0131r\u0131lmas\u0131 esnas\u0131nda, hijyenik alanlar\u0131n, havaland\u0131rma bo\u015fluklar\u0131n\u0131n, zemin alt\u0131 bo\u015fluklar\u0131n\u0131n, havaland\u0131rmal\u0131 zemin ve \u00e7at\u0131lar\u0131n yap\u0131lmas\u0131 i\u00e7in olu\u015fturulan ve patentlenmi\u015f piyasan\u0131n \u00f6nde gelen \u00fcr\u00fcnlerinden biridir.<\/h5>\n<p>1993 tarihinden eskiye dayanan yarat\u0131c\u0131 fikrin bu sonucu olkarak in\u015faat metotlar\u0131nda \u00f6nemli \u00f6l\u00e7\u00fcde geli\u015fme kaydedildi. <strong>Igl\u00f9\u00ae<\/strong> \u2019nun yenilik\u00e7i kapasitesi, bu \u00fcr\u00fcn\u00fc in\u015faat d\u00fcnyas\u0131ndaki en m\u00fckemmel \u00fcr\u00fcn oldu\u011funu h\u0131zla peki\u015ftirerek \u00e7ok say\u0131da ba\u015far\u0131 ve ulusal ve uluslararas\u0131 d\u00fczeyde tan\u0131n\u0131rl\u0131k kazand\u0131rd\u0131.[\/vc_column_text][\/vc_column][vc_column][vc_empty_space height=&#8221;20px&#8221;][vc_column_text]\u00d6nceden belirlenmi\u015f y\u00f6nergeye ba\u011fl\u0131 olarak yan yana bir s\u0131ral\u0131 olarak sistemin ge\u00e7itlerinde mevcut olan alt bo\u015fluk alan\u0131 ile s\u00fctunlara yerle\u015ftirilmi\u015f, ancak artan nemin ve radyoaktif gazlar\u0131n etkisini ortadan kald\u0131rmak i\u00e7in t\u00fcm havaland\u0131rmalar\u0131n \u00fczerine de yerle\u015ftirilmi\u015f havaland\u0131rmal\u0131 levhay\u0131 kolayl\u0131kla ve ekonomik bir \u015fekilde olu\u015fturmak i\u00e7in d\u00f6k\u00fcm yap\u0131lan tabakan\u0131n \u00fczerine yerle\u015ftirilen mod\u00fcler, plastik Igl\u00f9\u00ae kal\u0131p yap\u0131lar\u0131, kendinden destekli y\u00fcr\u00fcy\u00fc\u015f platformunu h\u0131zla olu\u015fturmay\u0131 m\u00fcmk\u00fcn hale getirir.[\/vc_column_text][\/vc_column][\/vc_row]<\/p>\n","protected":false},"excerpt":{"rendered":"<p>Havaland\u0131rmal\u0131 zemin alt\u0131 bo\u015fluklar\u0131 i\u00e7in tek kullan\u0131ml\u0131k kal\u0131p.<\/p>\n","protected":false},"author":1,"featured_media":35067,"parent":0,"menu_order":15,"comment_status":"closed","ping_status":"closed","template":"template-product.php","meta":[],"acf":[],"aioseo_notices":[],"_links":{"self":[{"href":"https:\/\/www.daliform.com\/tr\/wp-json\/wp\/v2\/pages\/39511"}],"collection":[{"href":"https:\/\/www.daliform.com\/tr\/wp-json\/wp\/v2\/pages"}],"about":[{"href":"https:\/\/www.daliform.com\/tr\/wp-json\/wp\/v2\/types\/page"}],"author":[{"embeddable":true,"href":"https:\/\/www.daliform.com\/tr\/wp-json\/wp\/v2\/users\/1"}],"replies":[{"embeddable":true,"href":"https:\/\/www.daliform.com\/tr\/wp-json\/wp\/v2\/comments?post=39511"}],"version-history":[{"count":0,"href":"https:\/\/www.daliform.com\/tr\/wp-json\/wp\/v2\/pages\/39511\/revisions"}],"wp:featuredmedia":[{"embeddable":true,"href":"https:\/\/www.daliform.com\/tr\/wp-json\/wp\/v2\/media\/35067"}],"wp:attachment":[{"href":"https:\/\/www.daliform.com\/tr\/wp-json\/wp\/v2\/media?parent=39511"}],"curies":[{"name":"wp","href":"https:\/\/api.w.org\/{rel}","templated":true}]}}