{"id":37549,"date":"2020-05-19T16:25:25","date_gmt":"2020-05-19T14:25:25","guid":{"rendered":"https:\/\/www.daliform.com\/urunlerimizi-kesfedin\/"},"modified":"2024-07-30T15:54:17","modified_gmt":"2024-07-30T13:54:17","slug":"urunlerimizi-kesfedin","status":"publish","type":"page","link":"https:\/\/www.daliform.com\/tr\/urunlerimizi-kesfedin\/","title":{"rendered":"\u00dcr\u00fcnlerimizi ke\u015ffedin"},"content":{"rendered":"<p>[vc_row class=&#8221;row-flex-center&#8221;][vc_column]\n\t<div class=\"custom-heading wpb_content_element  heading-medium\">\n\t\t<h2 class=\"heading-title\"  style=\"color: #dd3333;\">YAPI VE TEMEL<\/h2>\n\t\t<span class=\"heading-line primary\"><\/span>\n\t<\/div>[\/vc_column][vc_column width=&#8221;1\/5&#8243;]\n\t<div class=\"wpb_content_element featured-box center-text\" >\n\t\t\t<div class=\"featured-box-thumb\"><a title=\"Iglu\u2019\u00ae\" target=\"\" href=\"https:\/\/www.daliform.com\/tr\/iglu-havalandirmali-zemin-alti-bosluklari\/\"><img src=\"https:\/\/www.daliform.com\/wp-content\/uploads\/2020\/07\/iglu-prodotto-daliform-center.jpg\"><\/a>\n\t\t\t<\/div>\n\t\t\t<div class=\"featured-box-content\"><h4>IGLU'\u00ae<\/h4>\n\t\t\t<\/div>\n\t<\/div>[\/vc_column][vc_column width=&#8221;1\/5&#8243;]\n\t<div class=\"wpb_content_element featured-box center-text\" >\n\t\t\t<div class=\"featured-box-thumb\"><a title=\"Iglu\u2019\u00ae\" target=\"\" href=\"https:\/\/www.daliform.com\/tr\/iglu-smart-havalandirmali-zemin-alti-bosluklari\/\"><img src=\"https:\/\/www.daliform.com\/wp-content\/uploads\/2020\/11\/iglu-smart-vespai-ventilati-all.jpg\"><\/a>\n\t\t\t<\/div>\n\t\t\t<div class=\"featured-box-content\"><h4>IGLU'\u00ae SMART<\/h4>\n\t\t\t<\/div>\n\t<\/div>[\/vc_column][vc_column width=&#8221;1\/5&#8243;]\n\t<div class=\"wpb_content_element featured-box center-text\" >\n\t\t\t<div class=\"featured-box-thumb\"><a title=\"Sistema Atlantis\" target=\"\" href=\"https:\/\/www.daliform.com\/tr\/sistema-atlantis-zemin-alti-havalandirmali-bosluklar\/\"><img src=\"https:\/\/www.daliform.com\/wp-content\/uploads\/2020\/07\/iglu-atlantis-prodotto-daliform-center.jpg\"><\/a>\n\t\t\t<\/div>\n\t\t\t<div class=\"featured-box-content\"><h4>SISTEMA ATLANTIS<\/h4>\n\t\t\t<\/div>\n\t<\/div>[\/vc_column][vc_column width=&#8221;1\/5&#8243;]\n\t<div class=\"wpb_content_element featured-box center-text\" >\n\t\t\t<div class=\"featured-box-thumb\"><a title=\"Coffrargile\" target=\"\" href=\"https:\/\/www.daliform.com\/tr\/zeminle-temas-eden-duvarlar-icin-dis-koruma\/\"><img src=\"https:\/\/www.daliform.com\/wp-content\/uploads\/2020\/11\/iglu-barrier-isolamento-pareti-interrate.jpg\"><\/a>\n\t\t\t<\/div>\n\t\t\t<div class=\"featured-box-content\"><h4>IGLU'\u00ae BARRIER<\/h4>\n\t\t\t<\/div>\n\t<\/div>[\/vc_column][vc_column width=&#8221;1\/5&#8243;]\n\t<div class=\"wpb_content_element featured-box center-text\" >\n\t\t\t<div class=\"featured-box-thumb\"><a title=\"Coffrargile\" target=\"\" href=\"https:\/\/www.daliform.com\/tr\/coffrargile-killi-topraklar\/\"><img src=\"https:\/\/www.daliform.com\/wp-content\/uploads\/2020\/07\/coffrargile-prodotto-daliform-center.jpg\"><\/a>\n\t\t\t<\/div>\n\t\t\t<div class=\"featured-box-content\"><h4>COFFRARGILE<\/h4>\n\t\t\t<\/div>\n\t<\/div>[\/vc_column][vc_column width=&#8221;1\/5&#8243;]\n\t<div class=\"wpb_content_element featured-box center-text\" >\n\t\t\t<div class=\"featured-box-thumb\"><a title=\"[:it]Cassaforma Muro[:en]Wall formwork[:es]Cassaforma Muro[:fr]Coffrage Mur[:de]Schalung Muro[:pt]Cofragem Muro[:ru]\u041e\u043f\u0430\u043b\u0443\u0431\u043a\u0430 Muro[:ar]\u062a\u0645 \u062a\u0635\u0645\u064a\u0645 \u0642\u0648\u0627\u0644\u0628 \u0645\u0648\u0631\u0648 Muro[:pb]Forma Muro[:pl]Cassaforma Muro[:tr]Duvar Kal\u0131b\u0131[:sv]V\u00e4gg forms\u00e4ttningar[:]\" target=\"\" href=\"https:\/\/www.daliform.com\/tr\/duvar-kalibi\/\"><img src=\"https:\/\/www.daliform.com\/wp-content\/uploads\/2020\/07\/cassaforma-muro-prodotto-daliform-center.jpg\"><\/a>\n\t\t\t<\/div>\n\t\t\t<div class=\"featured-box-content\"><h4>CASSAFORMA MURO<\/h4>\n\t\t\t<\/div>\n\t<\/div>[\/vc_column][\/vc_row][vc_row class=&#8221;row-flex-center&#8221;][vc_column]\n\t<div class=\"custom-heading wpb_content_element  heading-medium\">\n\t\t<h2 class=\"heading-title\"  style=\"color: #dd3333;\">HAF\u0130F D\u00d6\u015eEME<\/h2>\n\t\t<span class=\"heading-line primary\"><\/span>\n\t<\/div>[\/vc_column][vc_column width=&#8221;1\/5&#8243;]\n\t<div class=\"wpb_content_element featured-box center-text\" >\n\t\t\t<div class=\"featured-box-thumb\"><a title=\"U-Boot Beton\u00ae\" target=\"\" href=\"https:\/\/www.daliform.com\/tr\/saglamlastirilmis-betondan-yapilan-bosluklu-levhalar-icin-kaybedilecek-kalip-yapisi\/\"><img src=\"https:\/\/www.daliform.com\/wp-content\/uploads\/2020\/07\/uboot-prodotto-daliform-center.jpg\"><\/a>\n\t\t\t<\/div>\n\t\t\t<div class=\"featured-box-content\"><h4>U-BOOT\u00ae BETON<\/h4>\n\t\t\t<\/div>\n\t<\/div>[\/vc_column][vc_column width=&#8221;1\/5&#8243;]\n\t<div class=\"wpb_content_element featured-box center-text\" >\n\t\t\t<div class=\"featured-box-thumb\"><a title=\"U-Bahn Beton\u00ae\" target=\"\" href=\"https:\/\/www.daliform.com\/tr\/tek-tarafli-bosluklu-levhalar\/\"><img src=\"https:\/\/www.daliform.com\/wp-content\/uploads\/2020\/07\/ubahn-prodotto-daliform-center.jpg\"><\/a>\n\t\t\t<\/div>\n\t\t\t<div class=\"featured-box-content\"><h4>U-BAHN\u00ae BETON<\/h4>\n\t\t\t<\/div>\n\t<\/div>[\/vc_column][vc_column width=&#8221;1\/5&#8243;]\n\t<div class=\"wpb_content_element featured-box center-text\" >\n\t\t\t<div class=\"featured-box-thumb\"><a title=\"Fit Slab\" target=\"\" href=\"https:\/\/www.daliform.com\/tr\/bos-levhalar-betonarme-ile-karistirilir\/\"><img src=\"https:\/\/www.daliform.com\/wp-content\/uploads\/2020\/07\/fitslab-prodotto-daliform-center.jpg\"><\/a>\n\t\t\t<\/div>\n\t\t\t<div class=\"featured-box-content\"><h4>FIT SLAB<\/h4>\n\t\t\t<\/div>\n\t<\/div>[\/vc_column][vc_column width=&#8221;1\/5&#8243;]\n\t<div class=\"wpb_content_element featured-box center-text\" >\n\t\t\t<div class=\"featured-box-thumb\"><a title=\"U-Boot Silence\" target=\"\" href=\"https:\/\/www.daliform.com\/tr\/ses-yalitimi-icin-kaplama\/\"><img src=\"https:\/\/www.daliform.com\/wp-content\/uploads\/2020\/07\/uboot-silence-prodotto-daliform-center.jpg\"><\/a>\n\t\t\t<\/div>\n\t\t\t<div class=\"featured-box-content\"><h4>U-BOOT\u00ae SILENCE<\/h4>\n\t\t\t<\/div>\n\t<\/div>[\/vc_column][\/vc_row][vc_row][vc_column width=&#8221;1\/2&#8243;][vc_row_inner][vc_column_inner]\n\t<div class=\"custom-heading wpb_content_element  heading-medium\">\n\t\t<h2 class=\"heading-title\"  style=\"color: #dd3333;\">SU<\/h2>\n\t\t<span class=\"heading-line primary\"><\/span>\n\t<\/div>[\/vc_column_inner][vc_column_inner width=&#8221;1\/2&#8243;]\n\t<div class=\"wpb_content_element featured-box center-text\" >\n\t\t\t<div class=\"featured-box-thumb\"><a title=\"Atlantis Tank\" target=\"\" href=\"https:\/\/www.daliform.com\/tr\/yeralti-su-depolama-sistemi\/\"><img src=\"https:\/\/www.daliform.com\/wp-content\/uploads\/2024\/07\/iglu-atlantis-tank-prodotto-daliform-center.jpg\"><\/a>\n\t\t\t<\/div>\n\t\t\t<div class=\"featured-box-content\"><h4>ATLANTIS TANK<\/h4>\n\t\t\t<\/div>\n\t<\/div>[\/vc_column_inner][vc_column_inner width=&#8221;1\/2&#8243;][\/vc_column_inner][\/vc_row_inner][\/vc_column][vc_column width=&#8221;1\/2&#8243;][vc_row_inner][vc_column_inner]\n\t<div class=\"custom-heading wpb_content_element  heading-medium\">\n\t\t<h2 class=\"heading-title\"  style=\"color: #dd3333;\">\u00c7EVRE<\/h2>\n\t\t<span class=\"heading-line primary\"><\/span>\n\t<\/div>[\/vc_column_inner][vc_column_inner width=&#8221;1\/2&#8243;]\n\t<div class=\"wpb_content_element featured-box center-text\" >\n\t\t\t<div class=\"featured-box-thumb\"><a title=\"Eolo\" target=\"\" href=\"https:\/\/www.daliform.com\/tr\/gubreleme-ve-biyo-filtreleme-sistemler\/\"><img src=\"https:\/\/www.daliform.com\/wp-content\/uploads\/2020\/07\/eolo-prodotto-daliform-center.jpg\"><\/a>\n\t\t\t<\/div>\n\t\t\t<div class=\"featured-box-content\"><h4>EOLO<\/h4>\n\t\t\t<\/div>\n\t<\/div>[\/vc_column_inner][vc_column_inner width=&#8221;1\/2&#8243;][\/vc_column_inner][\/vc_row_inner][\/vc_column][\/vc_row][vc_row class=&#8221;row-flex-center&#8221;][vc_column]\n\t<div class=\"custom-heading wpb_content_element  heading-medium\">\n\t\t<h2 class=\"heading-title\"  style=\"color: #dd3333;\">EV-OTOMOBIL YOLU \u00c7IMENI<\/h2>\n\t\t<span class=\"heading-line primary\"><\/span>\n\t<\/div>[\/vc_column][vc_column width=&#8221;1\/5&#8243;]\n\t<div class=\"wpb_content_element featured-box center-text\" >\n\t\t\t<div class=\"featured-box-thumb\"><a title=\"Pratopratico\u00ae\" target=\"\" href=\"https:\/\/www.daliform.com\/tr\/pratopratico-kaplanmis-arac-garaj-yollari-icin-izgara\/\"><img src=\"https:\/\/www.daliform.com\/wp-content\/uploads\/2021\/07\/pratopratico-prato-carrabile-daliform.jpg\"><\/a>\n\t\t\t<\/div>\n\t\t\t<div class=\"featured-box-content\"><h4>PRATOPRATICO\u00ae<\/h4>\n\t\t\t<\/div>\n\t<\/div>[\/vc_column][vc_column width=&#8221;1\/5&#8243;]\n\t<div class=\"wpb_content_element featured-box center-text\" >\n\t\t\t<div class=\"featured-box-thumb\"><a title=\"E.C.O. di Pratopratico\u00ae\" target=\"\" href=\"https:\/\/www.daliform.com\/tr\/eco-kaplanmis-arac-garaj-yollari-icin-izgara\/\"><img src=\"https:\/\/www.daliform.com\/wp-content\/uploads\/2021\/07\/eco-prato-carrabile-daliform.jpg\"><\/a>\n\t\t\t<\/div>\n\t\t\t<div class=\"featured-box-content\"><h4>E.C.O. di Pratopratico\u00ae<\/h4>\n\t\t\t<\/div>\n\t<\/div>[\/vc_column][vc_column width=&#8221;1\/5&#8243;]\n\t<div class=\"wpb_content_element featured-box center-text\" >\n\t\t\t<div class=\"featured-box-thumb\"><a title=\"Easy Park\u00ae\" target=\"\" href=\"https:\/\/www.daliform.com\/tr\/green-park-kaplanmis-arac-garaj-yollari-icin-izgara\/\"><img src=\"https:\/\/www.daliform.com\/wp-content\/uploads\/2021\/07\/green-park-prato-carrabile-daliform.jpg\"><\/a>\n\t\t\t<\/div>\n\t\t\t<div class=\"featured-box-content\"><h4>GREEN PARK<\/h4>\n\t\t\t<\/div>\n\t<\/div>[\/vc_column][vc_column width=&#8221;1\/5&#8243;]\n\t<div class=\"wpb_content_element featured-box center-text\" >\n\t\t\t<div class=\"featured-box-thumb\"><a title=\"[:it]Salvaprato Erby[:en]Salvaprato Erby grid for driveway surface[:es]Salvaprato Erby rejilla para  pavimentos transitables[:fr]Salvaprato Erby grille de pavage pour v\u00e9hicules[:de]Salvaprato Erby gitter f\u00fcr befahrbare Bodenbel\u00e4ge[:pt]Salvaprato Erby grelha para circula\u00e7\u00e3o autom\u00f3vel[:ru]Salvaprato Erby p\u0435\u0448\u0435\u0442\u043a\u0430 \u0434\u043b\u044f \u043f\u043e\u043a\u0440\u044b\u0442\u0438\u0439 \u0434\u043b\u044f \u0430\u0432\u0442\u043e\u043c\u043e\u0431\u0438\u043b\u0435\u0439[:ar]Salvaprato Erby \u0634\u0628\u0643\u0629 \u0623\u0631\u0636\u064a\u0629 \u0627\u0644\u0645\u0645\u0631\u0627\u062a \u0627\u0644\u0639\u0634\u0628\u064a\u0629[:pb]Salvaprato Erby para a circula\u00e7\u00e3o de autom\u00f3veis[:pl]Salvaprato Erby Kratka do posadzek na podjazdy[:tr]Salvaprato Erby kaplanm\u0131\u015f ara\u00e7 garaj yollar\u0131 i\u00e7in \u0131zgara[:sv]Salvaprato Erby rutn\u00e4t f\u00f6r uppfarts golv med gr\u00e4s finish [:]\" target=\"\" href=\"https:\/\/www.daliform.com\/tr\/salvaprato-erby-son-kat-cimenlikli-arac-garaj-yollari-icin-izgara\/\"><img src=\"https:\/\/www.daliform.com\/wp-content\/uploads\/2021\/07\/erby-salvaprato-prato-carrabile-daliform.jpg\"><\/a>\n\t\t\t<\/div>\n\t\t\t<div class=\"featured-box-content\"><h4>SALVAPRATO ERBY<\/h4>\n\t\t\t<\/div>\n\t<\/div>[\/vc_column][vc_column width=&#8221;1\/5&#8243;]\n\t<div class=\"wpb_content_element featured-box center-text\" >\n\t\t\t<div class=\"featured-box-thumb\"><a title=\"Easy Park\u00ae\" target=\"\" href=\"https:\/\/www.daliform.com\/tr\/halihazirda-kurulmus-cimenlik-icin-koruyucu-izgara\/\"><img src=\"https:\/\/www.daliform.com\/wp-content\/uploads\/2021\/07\/easy-park-prato-carrabile-daliform.jpg\"><\/a>\n\t\t\t<\/div>\n\t\t\t<div class=\"featured-box-content\"><h4>EASY PARK\u00ae<\/h4>\n\t\t\t<\/div>\n\t<\/div>[\/vc_column][\/vc_row][vc_row][vc_column width=&#8221;1\/2&#8243;][vc_row_inner][vc_column_inner]\n\t<div class=\"custom-heading wpb_content_element  heading-medium\">\n\t\t<h2 class=\"heading-title\"  style=\"color: #dd3333;\">YE\u015e\u0130L ALANLAR VE BAH\u00c7ELER<\/h2>\n\t\t<span class=\"heading-line primary\"><\/span>\n\t<\/div>[\/vc_column_inner][vc_column_inner width=&#8221;1\/2&#8243;]\n\t<div class=\"wpb_content_element featured-box center-text\" >\n\t\t\t<div class=\"featured-box-thumb\"><a title=\"Iglu\u2019\u00ae Green Roof\" target=\"\" href=\"https:\/\/www.daliform.com\/tr\/cati-bahceleri-icin-sistemler\/\"><img src=\"https:\/\/www.daliform.com\/wp-content\/uploads\/2020\/07\/green-roof-prodotto-daliform-center.jpg\"><\/a>\n\t\t\t<\/div>\n\t\t\t<div class=\"featured-box-content\"><h4>GREEN ROOF<\/h4>\n\t\t\t<\/div>\n\t<\/div>[\/vc_column_inner][vc_column_inner width=&#8221;1\/2&#8243;]\n\t<div class=\"wpb_content_element featured-box center-text\" >\n\t\t\t<div class=\"featured-box-thumb\"><a title=\"V-Green\" target=\"\" href=\"https:\/\/www.daliform.com\/tr\/dikey-tirmanan-yesillik-icin-izgara\/\"><img src=\"https:\/\/www.daliform.com\/wp-content\/uploads\/2021\/07\/vgreen-verde-verticale-rampicante.jpg\"><\/a>\n\t\t\t<\/div>\n\t\t\t<div class=\"featured-box-content\"><h4>V-GREEN\u00ae<\/h4>\n\t\t\t<\/div>\n\t<\/div>[\/vc_column_inner][\/vc_row_inner][\/vc_column][vc_column width=&#8221;1\/2&#8243;][vc_row_inner][vc_column_inner]\n\t<div class=\"custom-heading wpb_content_element  heading-medium\">\n\t\t<h2 class=\"heading-title\"  style=\"color: #dd3333;\">BINICI TOPRA\u011eI G\u00dc\u00c7LENDIRME<\/h2>\n\t\t<span class=\"heading-line primary\"><\/span>\n\t<\/div>[\/vc_column_inner][vc_column_inner width=&#8221;1\/2&#8243;]\n\t<div class=\"wpb_content_element featured-box center-text\" >\n\t\t\t<div class=\"featured-box-thumb\"><a title=\"Easy Ride\" target=\"\" href=\"https:\/\/www.daliform.com\/tr\/binicilik-temellerinin-katilastirilmasi-icin-kafes-izgara\/\"><img src=\"https:\/\/www.daliform.com\/wp-content\/uploads\/2021\/07\/easy-ride-conolidamento-terreno-ippico.jpg\"><\/a>\n\t\t\t<\/div>\n\t\t\t<div class=\"featured-box-content\"><h4>EASY RIDE<\/h4>\n\t\t\t<\/div>\n\t<\/div>[\/vc_column_inner][vc_column_inner width=&#8221;1\/2&#8243;][\/vc_column_inner][\/vc_row_inner][\/vc_column][\/vc_row]<\/p>\n","protected":false},"excerpt":{"rendered":"<p>Bo\u015fluklu d\u00f6\u015femeler, temeller, hafif levhalar, ye\u015fil \u00e7at\u0131lar, ya\u011fmur suyu depolama ve da\u011f\u0131tma tanklar\u0131 i\u00e7in tek kullan\u0131ml\u0131k kal\u0131p. Drive-over \u0131zgaralar\u0131.<\/p>\n","protected":false},"author":11,"featured_media":35025,"parent":0,"menu_order":14,"comment_status":"closed","ping_status":"closed","template":"","meta":[],"acf":[],"aioseo_notices":[],"_links":{"self":[{"href":"https:\/\/www.daliform.com\/tr\/wp-json\/wp\/v2\/pages\/37549"}],"collection":[{"href":"https:\/\/www.daliform.com\/tr\/wp-json\/wp\/v2\/pages"}],"about":[{"href":"https:\/\/www.daliform.com\/tr\/wp-json\/wp\/v2\/types\/page"}],"author":[{"embeddable":true,"href":"https:\/\/www.daliform.com\/tr\/wp-json\/wp\/v2\/users\/11"}],"replies":[{"embeddable":true,"href":"https:\/\/www.daliform.com\/tr\/wp-json\/wp\/v2\/comments?post=37549"}],"version-history":[{"count":1,"href":"https:\/\/www.daliform.com\/tr\/wp-json\/wp\/v2\/pages\/37549\/revisions"}],"predecessor-version":[{"id":112914,"href":"https:\/\/www.daliform.com\/tr\/wp-json\/wp\/v2\/pages\/37549\/revisions\/112914"}],"wp:featuredmedia":[{"embeddable":true,"href":"https:\/\/www.daliform.com\/tr\/wp-json\/wp\/v2\/media\/35025"}],"wp:attachment":[{"href":"https:\/\/www.daliform.com\/tr\/wp-json\/wp\/v2\/media?parent=37549"}],"curies":[{"name":"wp","href":"https:\/\/api.w.org\/{rel}","templated":true}]}}