{"id":35105,"date":"2016-05-30T09:13:22","date_gmt":"2016-05-30T07:13:22","guid":{"rendered":"https:\/\/www.daliform.com\/yapici-cozumler\/tank-ve-yuzme-havuzu\/"},"modified":"2021-08-02T14:56:01","modified_gmt":"2021-08-02T12:56:01","slug":"tank-ve-yuzme-havuzu-daliform-group","status":"publish","type":"page","link":"https:\/\/www.daliform.com\/tr\/yapici-cozumler\/tank-ve-yuzme-havuzu-daliform-group\/","title":{"rendered":"TANK VE Y\u00dcZME HAVUZU"},"content":{"rendered":"<p>[vc_row margin_top=&#8221;-20&#8243;][vc_column el_class=&#8221;SolutionGrid&#8221;][vc_masonry_grid post_type=&#8221;ids&#8221; element_width=&#8221;3&#8243; item=&#8221;none&#8221; grid_id=&#8221;vc_gid:1589537115700-86c3b4c6-4d85-5&#8243; include=&#8221;4915, 4913, 4910&#8243;][\/vc_column][\/vc_row]<\/p>\n","protected":false},"excerpt":{"rendered":"<p>Ya\u011fmur suyunun toplanmas\u0131 ve da\u011f\u0131t\u0131lmas\u0131 i\u00e7in yer alt\u0131 depolar\u0131n\u0131n (ve garaj yollar\u0131n\u0131n) olu\u015fturulmas\u0131 i\u00e7in sistemler.<\/p>\n","protected":false},"author":1,"featured_media":34366,"parent":34058,"menu_order":3,"comment_status":"closed","ping_status":"closed","template":"","meta":[],"acf":[],"aioseo_notices":[],"_links":{"self":[{"href":"https:\/\/www.daliform.com\/tr\/wp-json\/wp\/v2\/pages\/35105"}],"collection":[{"href":"https:\/\/www.daliform.com\/tr\/wp-json\/wp\/v2\/pages"}],"about":[{"href":"https:\/\/www.daliform.com\/tr\/wp-json\/wp\/v2\/types\/page"}],"author":[{"embeddable":true,"href":"https:\/\/www.daliform.com\/tr\/wp-json\/wp\/v2\/users\/1"}],"replies":[{"embeddable":true,"href":"https:\/\/www.daliform.com\/tr\/wp-json\/wp\/v2\/comments?post=35105"}],"version-history":[{"count":0,"href":"https:\/\/www.daliform.com\/tr\/wp-json\/wp\/v2\/pages\/35105\/revisions"}],"up":[{"embeddable":true,"href":"https:\/\/www.daliform.com\/tr\/wp-json\/wp\/v2\/pages\/34058"}],"wp:featuredmedia":[{"embeddable":true,"href":"https:\/\/www.daliform.com\/tr\/wp-json\/wp\/v2\/media\/34366"}],"wp:attachment":[{"href":"https:\/\/www.daliform.com\/tr\/wp-json\/wp\/v2\/media?parent=35105"}],"curies":[{"name":"wp","href":"https:\/\/api.w.org\/{rel}","templated":true}]}}