{"id":34058,"date":"2020-05-11T15:53:14","date_gmt":"2020-05-11T13:53:14","guid":{"rendered":"https:\/\/www.daliform.com\/yapici-cozumler\/"},"modified":"2021-09-09T11:14:49","modified_gmt":"2021-09-09T09:14:49","slug":"yapici-cozumler","status":"publish","type":"page","link":"https:\/\/www.daliform.com\/tr\/yapici-cozumler\/","title":{"rendered":"Yap\u0131c\u0131 \u00e7\u00f6z\u00fcmler"},"content":{"rendered":"<p>[vc_row row_id=&#8221;Solutions&#8221;][vc_column][vc_basic_grid post_type=&#8221;ids&#8221; element_width=&#8221;3&#8243; item=&#8221;24415&#8243; grid_id=&#8221;vc_gid:1595408156586-8a531310-32a9-7&#8243; include=&#8221;2336, 5439, 5446, 5452, 5455, 5458, 5461, 5464&#8243;][\/vc_column][\/vc_row]<\/p>\n","protected":false},"excerpt":{"rendered":"<p>Havaland\u0131rmal\u0131 zemin alt\u0131 bo\u015fluklar\u0131, temeller, bo\u015fluklu plakalar, \u00e7at\u0131 bah\u00e7eleri, garaj y\u00fczeyleri, ya\u011fmur suyu depolama ve da\u011f\u0131t\u0131m tanklar\u0131 i\u00e7in \u00e7\u00f6z\u00fcmler.<\/p>\n","protected":false},"author":11,"featured_media":33804,"parent":0,"menu_order":13,"comment_status":"closed","ping_status":"closed","template":"","meta":[],"acf":[],"aioseo_notices":[],"_links":{"self":[{"href":"https:\/\/www.daliform.com\/tr\/wp-json\/wp\/v2\/pages\/34058"}],"collection":[{"href":"https:\/\/www.daliform.com\/tr\/wp-json\/wp\/v2\/pages"}],"about":[{"href":"https:\/\/www.daliform.com\/tr\/wp-json\/wp\/v2\/types\/page"}],"author":[{"embeddable":true,"href":"https:\/\/www.daliform.com\/tr\/wp-json\/wp\/v2\/users\/11"}],"replies":[{"embeddable":true,"href":"https:\/\/www.daliform.com\/tr\/wp-json\/wp\/v2\/comments?post=34058"}],"version-history":[{"count":0,"href":"https:\/\/www.daliform.com\/tr\/wp-json\/wp\/v2\/pages\/34058\/revisions"}],"wp:featuredmedia":[{"embeddable":true,"href":"https:\/\/www.daliform.com\/tr\/wp-json\/wp\/v2\/media\/33804"}],"wp:attachment":[{"href":"https:\/\/www.daliform.com\/tr\/wp-json\/wp\/v2\/media?parent=34058"}],"curies":[{"name":"wp","href":"https:\/\/api.w.org\/{rel}","templated":true}]}}