{"id":130640,"date":"2025-02-10T16:49:10","date_gmt":"2025-02-10T15:49:10","guid":{"rendered":"https:\/\/www.daliform.com\/referanslar\/costruzione-dellospedale-cacuaco-general-hospital\/"},"modified":"2025-02-10T17:57:42","modified_gmt":"2025-02-10T16:57:42","slug":"cacuaco-genel-hastanesinin-insaati","status":"publish","type":"page","link":"https:\/\/www.daliform.com\/tr\/referanslar\/cacuaco-genel-hastanesinin-insaati\/","title":{"rendered":"CACUACO GENEL HASTANES\u0130&#8217;N\u0130N \u0130N\u015eAATI"},"content":{"rendered":"","protected":false},"excerpt":{"rendered":"","protected":false},"author":1,"featured_media":0,"parent":84080,"menu_order":0,"comment_status":"closed","ping_status":"closed","template":"template-reference.php","meta":[],"acf":[],"aioseo_notices":[],"_links":{"self":[{"href":"https:\/\/www.daliform.com\/tr\/wp-json\/wp\/v2\/pages\/130640"}],"collection":[{"href":"https:\/\/www.daliform.com\/tr\/wp-json\/wp\/v2\/pages"}],"about":[{"href":"https:\/\/www.daliform.com\/tr\/wp-json\/wp\/v2\/types\/page"}],"author":[{"embeddable":true,"href":"https:\/\/www.daliform.com\/tr\/wp-json\/wp\/v2\/users\/1"}],"replies":[{"embeddable":true,"href":"https:\/\/www.daliform.com\/tr\/wp-json\/wp\/v2\/comments?post=130640"}],"version-history":[{"count":1,"href":"https:\/\/www.daliform.com\/tr\/wp-json\/wp\/v2\/pages\/130640\/revisions"}],"predecessor-version":[{"id":130642,"href":"https:\/\/www.daliform.com\/tr\/wp-json\/wp\/v2\/pages\/130640\/revisions\/130642"}],"up":[{"embeddable":true,"href":"https:\/\/www.daliform.com\/tr\/wp-json\/wp\/v2\/pages\/84080"}],"wp:attachment":[{"href":"https:\/\/www.daliform.com\/tr\/wp-json\/wp\/v2\/media?parent=130640"}],"curies":[{"name":"wp","href":"https:\/\/api.w.org\/{rel}","templated":true}]}}