{"id":130004,"date":"2025-02-07T16:51:14","date_gmt":"2025-02-07T15:51:14","guid":{"rendered":"https:\/\/www.daliform.com\/referanslar\/serbatoio-dacqua-antincendio-per-sito-industriale-margraten-project\/"},"modified":"2025-02-07T18:23:03","modified_gmt":"2025-02-07T17:23:03","slug":"sanayi-sitesi-icin-yangin-sondurme-tanki-margraten-project","status":"publish","type":"page","link":"https:\/\/www.daliform.com\/tr\/referanslar\/sanayi-sitesi-icin-yangin-sondurme-tanki-margraten-project\/","title":{"rendered":"Sanayi sitesi i\u00e7in yang\u0131n s\u00f6nd\u00fcrme tank\u0131 &#8211; MARGRATEN PROJECT"},"content":{"rendered":"","protected":false},"excerpt":{"rendered":"","protected":false},"author":1,"featured_media":0,"parent":84080,"menu_order":0,"comment_status":"closed","ping_status":"closed","template":"template-reference.php","meta":[],"acf":[],"aioseo_notices":[],"_links":{"self":[{"href":"https:\/\/www.daliform.com\/tr\/wp-json\/wp\/v2\/pages\/130004"}],"collection":[{"href":"https:\/\/www.daliform.com\/tr\/wp-json\/wp\/v2\/pages"}],"about":[{"href":"https:\/\/www.daliform.com\/tr\/wp-json\/wp\/v2\/types\/page"}],"author":[{"embeddable":true,"href":"https:\/\/www.daliform.com\/tr\/wp-json\/wp\/v2\/users\/1"}],"replies":[{"embeddable":true,"href":"https:\/\/www.daliform.com\/tr\/wp-json\/wp\/v2\/comments?post=130004"}],"version-history":[{"count":1,"href":"https:\/\/www.daliform.com\/tr\/wp-json\/wp\/v2\/pages\/130004\/revisions"}],"predecessor-version":[{"id":130005,"href":"https:\/\/www.daliform.com\/tr\/wp-json\/wp\/v2\/pages\/130004\/revisions\/130005"}],"up":[{"embeddable":true,"href":"https:\/\/www.daliform.com\/tr\/wp-json\/wp\/v2\/pages\/84080"}],"wp:attachment":[{"href":"https:\/\/www.daliform.com\/tr\/wp-json\/wp\/v2\/media?parent=130004"}],"curies":[{"name":"wp","href":"https:\/\/api.w.org\/{rel}","templated":true}]}}