{"id":129338,"date":"2023-02-05T11:27:42","date_gmt":"2023-02-05T10:27:42","guid":{"rendered":"https:\/\/www.daliform.com\/referanslar\/zaandam-project-vasca-di-accumulo-per-centro-di-distribuzione\/"},"modified":"2025-02-05T12:26:33","modified_gmt":"2025-02-05T11:26:33","slug":"zaandam-projesi-dagitim-merkezi-icin-depolama-tanki","status":"publish","type":"page","link":"https:\/\/www.daliform.com\/tr\/referanslar\/zaandam-projesi-dagitim-merkezi-icin-depolama-tanki\/","title":{"rendered":"ZAANDAM PROJES\u0130 &#8211; Da\u011f\u0131t\u0131m merkezi i\u00e7in depolama tank\u0131"},"content":{"rendered":"","protected":false},"excerpt":{"rendered":"","protected":false},"author":1,"featured_media":0,"parent":84080,"menu_order":9,"comment_status":"closed","ping_status":"closed","template":"template-reference.php","meta":[],"acf":[],"aioseo_notices":[],"_links":{"self":[{"href":"https:\/\/www.daliform.com\/tr\/wp-json\/wp\/v2\/pages\/129338"}],"collection":[{"href":"https:\/\/www.daliform.com\/tr\/wp-json\/wp\/v2\/pages"}],"about":[{"href":"https:\/\/www.daliform.com\/tr\/wp-json\/wp\/v2\/types\/page"}],"author":[{"embeddable":true,"href":"https:\/\/www.daliform.com\/tr\/wp-json\/wp\/v2\/users\/1"}],"replies":[{"embeddable":true,"href":"https:\/\/www.daliform.com\/tr\/wp-json\/wp\/v2\/comments?post=129338"}],"version-history":[{"count":1,"href":"https:\/\/www.daliform.com\/tr\/wp-json\/wp\/v2\/pages\/129338\/revisions"}],"predecessor-version":[{"id":129339,"href":"https:\/\/www.daliform.com\/tr\/wp-json\/wp\/v2\/pages\/129338\/revisions\/129339"}],"up":[{"embeddable":true,"href":"https:\/\/www.daliform.com\/tr\/wp-json\/wp\/v2\/pages\/84080"}],"wp:attachment":[{"href":"https:\/\/www.daliform.com\/tr\/wp-json\/wp\/v2\/media?parent=129338"}],"curies":[{"name":"wp","href":"https:\/\/api.w.org\/{rel}","templated":true}]}}