{"id":110827,"date":"2023-04-11T09:46:55","date_gmt":"2023-04-11T07:46:55","guid":{"rendered":"https:\/\/www.daliform.com\/referanslar\/tank-for-fire-fighting-system\/"},"modified":"2023-04-11T10:54:49","modified_gmt":"2023-04-11T08:54:49","slug":"yangin-sondurme-sistemi-icin-tank","status":"publish","type":"page","link":"https:\/\/www.daliform.com\/tr\/referanslar\/yangin-sondurme-sistemi-icin-tank\/","title":{"rendered":"Yang\u0131n s\u00f6nd\u00fcrme sistemi i\u00e7in tank"},"content":{"rendered":"","protected":false},"excerpt":{"rendered":"","protected":false},"author":13,"featured_media":0,"parent":84080,"menu_order":223,"comment_status":"closed","ping_status":"closed","template":"template-reference.php","meta":[],"acf":[],"aioseo_notices":[],"_links":{"self":[{"href":"https:\/\/www.daliform.com\/tr\/wp-json\/wp\/v2\/pages\/110827"}],"collection":[{"href":"https:\/\/www.daliform.com\/tr\/wp-json\/wp\/v2\/pages"}],"about":[{"href":"https:\/\/www.daliform.com\/tr\/wp-json\/wp\/v2\/types\/page"}],"author":[{"embeddable":true,"href":"https:\/\/www.daliform.com\/tr\/wp-json\/wp\/v2\/users\/13"}],"replies":[{"embeddable":true,"href":"https:\/\/www.daliform.com\/tr\/wp-json\/wp\/v2\/comments?post=110827"}],"version-history":[{"count":1,"href":"https:\/\/www.daliform.com\/tr\/wp-json\/wp\/v2\/pages\/110827\/revisions"}],"predecessor-version":[{"id":110836,"href":"https:\/\/www.daliform.com\/tr\/wp-json\/wp\/v2\/pages\/110827\/revisions\/110836"}],"up":[{"embeddable":true,"href":"https:\/\/www.daliform.com\/tr\/wp-json\/wp\/v2\/pages\/84080"}],"wp:attachment":[{"href":"https:\/\/www.daliform.com\/tr\/wp-json\/wp\/v2\/media?parent=110827"}],"curies":[{"name":"wp","href":"https:\/\/api.w.org\/{rel}","templated":true}]}}