{"id":110766,"date":"2023-04-07T15:44:51","date_gmt":"2023-04-07T13:44:51","guid":{"rendered":"https:\/\/www.daliform.com\/referanslar\/reconversion-from-swimming-pool-to-tank\/"},"modified":"2023-04-07T16:30:03","modified_gmt":"2023-04-07T14:30:03","slug":"yuzme-havuzundan-havuza-donusum","status":"publish","type":"page","link":"https:\/\/www.daliform.com\/tr\/referanslar\/yuzme-havuzundan-havuza-donusum\/","title":{"rendered":"Y\u00fczme havuzundan havuza d\u00f6n\u00fc\u015f\u00fcm"},"content":{"rendered":"","protected":false},"excerpt":{"rendered":"","protected":false},"author":13,"featured_media":0,"parent":84080,"menu_order":222,"comment_status":"closed","ping_status":"closed","template":"template-reference.php","meta":[],"acf":[],"aioseo_notices":[],"_links":{"self":[{"href":"https:\/\/www.daliform.com\/tr\/wp-json\/wp\/v2\/pages\/110766"}],"collection":[{"href":"https:\/\/www.daliform.com\/tr\/wp-json\/wp\/v2\/pages"}],"about":[{"href":"https:\/\/www.daliform.com\/tr\/wp-json\/wp\/v2\/types\/page"}],"author":[{"embeddable":true,"href":"https:\/\/www.daliform.com\/tr\/wp-json\/wp\/v2\/users\/13"}],"replies":[{"embeddable":true,"href":"https:\/\/www.daliform.com\/tr\/wp-json\/wp\/v2\/comments?post=110766"}],"version-history":[{"count":1,"href":"https:\/\/www.daliform.com\/tr\/wp-json\/wp\/v2\/pages\/110766\/revisions"}],"predecessor-version":[{"id":110775,"href":"https:\/\/www.daliform.com\/tr\/wp-json\/wp\/v2\/pages\/110766\/revisions\/110775"}],"up":[{"embeddable":true,"href":"https:\/\/www.daliform.com\/tr\/wp-json\/wp\/v2\/pages\/84080"}],"wp:attachment":[{"href":"https:\/\/www.daliform.com\/tr\/wp-json\/wp\/v2\/media?parent=110766"}],"curies":[{"name":"wp","href":"https:\/\/api.w.org\/{rel}","templated":true}]}}