{"id":110552,"date":"2023-04-04T11:15:25","date_gmt":"2023-04-04T09:15:25","guid":{"rendered":"https:\/\/www.daliform.com\/referanslar\/stormwater-storage-tank-for-merlata-bloom-urban-smart-district\/"},"modified":"2023-04-04T11:46:41","modified_gmt":"2023-04-04T09:46:41","slug":"merlata-bloom-icin-yagmursuyu-depolama-tanki","status":"publish","type":"page","link":"https:\/\/www.daliform.com\/tr\/referanslar\/merlata-bloom-icin-yagmursuyu-depolama-tanki\/","title":{"rendered":"Merlata Bloom i\u00e7in ya\u011fmursuyu depolama tank\u0131"},"content":{"rendered":"","protected":false},"excerpt":{"rendered":"<p>Cassero a perdere per solai alleggeriti bidirezionali in calcestruzzo armato e gettati in opera.<\/p>\n","protected":false},"author":13,"featured_media":0,"parent":84080,"menu_order":20,"comment_status":"closed","ping_status":"closed","template":"template-reference.php","meta":[],"acf":[],"aioseo_notices":[],"_links":{"self":[{"href":"https:\/\/www.daliform.com\/tr\/wp-json\/wp\/v2\/pages\/110552"}],"collection":[{"href":"https:\/\/www.daliform.com\/tr\/wp-json\/wp\/v2\/pages"}],"about":[{"href":"https:\/\/www.daliform.com\/tr\/wp-json\/wp\/v2\/types\/page"}],"author":[{"embeddable":true,"href":"https:\/\/www.daliform.com\/tr\/wp-json\/wp\/v2\/users\/13"}],"replies":[{"embeddable":true,"href":"https:\/\/www.daliform.com\/tr\/wp-json\/wp\/v2\/comments?post=110552"}],"version-history":[{"count":1,"href":"https:\/\/www.daliform.com\/tr\/wp-json\/wp\/v2\/pages\/110552\/revisions"}],"predecessor-version":[{"id":110560,"href":"https:\/\/www.daliform.com\/tr\/wp-json\/wp\/v2\/pages\/110552\/revisions\/110560"}],"up":[{"embeddable":true,"href":"https:\/\/www.daliform.com\/tr\/wp-json\/wp\/v2\/pages\/84080"}],"wp:attachment":[{"href":"https:\/\/www.daliform.com\/tr\/wp-json\/wp\/v2\/media?parent=110552"}],"curies":[{"name":"wp","href":"https:\/\/api.w.org\/{rel}","templated":true}]}}