{"id":110307,"date":"2023-04-03T15:28:19","date_gmt":"2023-04-03T13:28:19","guid":{"rendered":"https:\/\/www.daliform.com\/referanslar\/lightened-slab-for-industrial-building\/"},"modified":"2023-04-04T08:51:54","modified_gmt":"2023-04-04T06:51:54","slug":"endustriyel-bina-icin-hafifletilmis-doseme","status":"publish","type":"page","link":"https:\/\/www.daliform.com\/tr\/referanslar\/endustriyel-bina-icin-hafifletilmis-doseme\/","title":{"rendered":"End\u00fcstriyel bina i\u00e7in hafifletilmi\u015f d\u00f6\u015feme"},"content":{"rendered":"","protected":false},"excerpt":{"rendered":"","protected":false},"author":13,"featured_media":0,"parent":84080,"menu_order":154,"comment_status":"closed","ping_status":"closed","template":"template-reference.php","meta":[],"acf":[],"aioseo_notices":[],"_links":{"self":[{"href":"https:\/\/www.daliform.com\/tr\/wp-json\/wp\/v2\/pages\/110307"}],"collection":[{"href":"https:\/\/www.daliform.com\/tr\/wp-json\/wp\/v2\/pages"}],"about":[{"href":"https:\/\/www.daliform.com\/tr\/wp-json\/wp\/v2\/types\/page"}],"author":[{"embeddable":true,"href":"https:\/\/www.daliform.com\/tr\/wp-json\/wp\/v2\/users\/13"}],"replies":[{"embeddable":true,"href":"https:\/\/www.daliform.com\/tr\/wp-json\/wp\/v2\/comments?post=110307"}],"version-history":[{"count":1,"href":"https:\/\/www.daliform.com\/tr\/wp-json\/wp\/v2\/pages\/110307\/revisions"}],"predecessor-version":[{"id":110316,"href":"https:\/\/www.daliform.com\/tr\/wp-json\/wp\/v2\/pages\/110307\/revisions\/110316"}],"up":[{"embeddable":true,"href":"https:\/\/www.daliform.com\/tr\/wp-json\/wp\/v2\/pages\/84080"}],"wp:attachment":[{"href":"https:\/\/www.daliform.com\/tr\/wp-json\/wp\/v2\/media?parent=110307"}],"curies":[{"name":"wp","href":"https:\/\/api.w.org\/{rel}","templated":true}]}}