{"id":71058,"date":"2015-02-05T10:21:41","date_gmt":"2015-02-05T09:21:41","guid":{"rendered":"https:\/\/www.daliform.com\/?page_id=71058"},"modified":"2023-02-10T16:58:58","modified_gmt":"2023-02-10T15:58:58","slug":"foretaget","status":"publish","type":"page","link":"https:\/\/www.daliform.com\/sv\/foretaget\/","title":{"rendered":"F\u00f6retaget"},"content":{"rendered":"<p>[vc_row padding_top=&#8221;10&#8243; padding_bottom=&#8221;10&#8243;][vc_column width=&#8221;1\/3&#8243;][vc_single_image image=&#8221;71064&#8243; img_size=&#8221;full&#8221; alignment=&#8221;center&#8221;][\/vc_column][vc_column width=&#8221;2\/3&#8243;][vc_column_text]<\/p>\n<h5 style=\"text-align: justify;\"><strong>Daliform Group \u00e4r ett ledande f\u00f6retag inom skapandet och framst\u00e4llningen av plast produkter f\u00f6r konstruktions industrin.<\/strong><\/h5>\n<p>Med sitt h\u00f6g kvalit\u00e9s arbetslag av ingenj\u00f6rer har f\u00f6retaget forts\u00e4ttningsvis varit en &#8221;drivande kraft inom vidt lyckade innovationer&#8221;; innovationer som har avsev\u00e4rt f\u00f6rb\u00e4ttrat konstruktion metoder \u00f6ver de senaste tv\u00e5 \u00e5rtionden med speciell referens till ventilerade under-golvs utrymmen (IGLU\u2019<sup>\u00ae <\/sup>och ATLANTIS, upplyst dubbelriktning (U-BOOT<sup>\u00ae<\/sup> BETON) plattor till fordons \u00e5tkomliga gr\u00e4smattor (PRATOPRATICO<sup>\u00ae<\/sup>, E.C.O. Pratopratico<sup>\u00ae<\/sup>, Easy Park<sup>\u00ae<\/sup>, Easy Ride).[\/vc_column_text][\/vc_column][vc_column css=&#8221;.vc_custom_1459494796289{margin-top: 10px !important;margin-bottom: -10px !important;}&#8221;][vc_column_text]<\/p>\n<p class=\"p1\" style=\"text-align: justify;\">Daliform Group srl grundades 2009 med m\u00e5let att \u00e4rva de prestige fyllda och exklusiva arv av kunskap och kompetens fr\u00e5n Daliform srl av Pordenone, vilket har varit igenk\u00e4nnbart av sin f\u00f6rm\u00e5ga att skapa avancerade konstruktionersedan 1993, inom \u00e5tervunna produkter f\u00f6r att till slut l\u00f6sa problemet med stigande fuktighet s\u00e5som koncentrationen av Radon gas som stiger upp fr\u00e5n underytan.<\/p>\n<p class=\"p2\" style=\"text-align: justify;\"><em>Detta f\u00f6retagande initiativ startades i tidigt 90 tal p\u00e5 grund av en lag fr\u00e5n Friuli Venezia Giukia regionen (nummer 44, den 23 Agusti 1985) som f\u00f6r f\u00f6rsta g\u00e5ngen i Italien, reglerad i detalj f\u00f6r anv\u00e4ndning av ventilerad under-golvs utrymmen p\u00e5 grund av den starka Radon gas koncentrationen. <\/em><em>I j\u00e4mf\u00f6relse med de traditionella implementeringarna (l\u00e5g v\u00e4ggs och ih\u00e5liga block eller vind) f\u00f6reslog Daliform srl sitt eget innovativa och revolutionerande system fr\u00e5n JGLU&#8217;s forms\u00e4ttning som var bem\u00f6tt med stor succ\u00e9 inom en kort tid. <\/em><\/p>\n<p>[\/vc_column_text][\/vc_column][\/vc_row]<\/p>\n","protected":false},"excerpt":{"rendered":"<p>Daliform Group \u00e4r ett ledande f\u00f6retag inom skapandet och framst\u00e4llningen av plast produkter f\u00f6r konstruktions industrin.<\/p>\n","protected":false},"author":1,"featured_media":109561,"parent":0,"menu_order":38,"comment_status":"closed","ping_status":"closed","template":"template-company.php","meta":[],"acf":[],"aioseo_notices":[],"_links":{"self":[{"href":"https:\/\/www.daliform.com\/sv\/wp-json\/wp\/v2\/pages\/71058"}],"collection":[{"href":"https:\/\/www.daliform.com\/sv\/wp-json\/wp\/v2\/pages"}],"about":[{"href":"https:\/\/www.daliform.com\/sv\/wp-json\/wp\/v2\/types\/page"}],"author":[{"embeddable":true,"href":"https:\/\/www.daliform.com\/sv\/wp-json\/wp\/v2\/users\/1"}],"replies":[{"embeddable":true,"href":"https:\/\/www.daliform.com\/sv\/wp-json\/wp\/v2\/comments?post=71058"}],"version-history":[{"count":1,"href":"https:\/\/www.daliform.com\/sv\/wp-json\/wp\/v2\/pages\/71058\/revisions"}],"predecessor-version":[{"id":109482,"href":"https:\/\/www.daliform.com\/sv\/wp-json\/wp\/v2\/pages\/71058\/revisions\/109482"}],"wp:featuredmedia":[{"embeddable":true,"href":"https:\/\/www.daliform.com\/sv\/wp-json\/wp\/v2\/media\/109561"}],"wp:attachment":[{"href":"https:\/\/www.daliform.com\/sv\/wp-json\/wp\/v2\/media?parent=71058"}],"curies":[{"name":"wp","href":"https:\/\/api.w.org\/{rel}","templated":true}]}}