{"id":70846,"date":"2016-04-06T15:18:46","date_gmt":"2016-04-06T13:18:46","guid":{"rendered":"https:\/\/www.daliform.com\/?page_id=70846"},"modified":"2023-02-10T16:05:02","modified_gmt":"2023-02-10T15:05:02","slug":"ingenjorstjanster","status":"publish","type":"page","link":"https:\/\/www.daliform.com\/sv\/ingenjorstjanster\/","title":{"rendered":"Ingenj\u00f6rstj\u00e4nster"},"content":{"rendered":"<p>[vc_row row_type=&#8221;row_full_center_content&#8221;][vc_column][vc_row_inner][vc_column_inner width=&#8221;1\/3&#8243;][vc_single_image image=&#8221;107407&#8243; img_size=&#8221;large&#8221; style=&#8221;vc_box_border&#8221;][\/vc_column_inner][vc_column_inner width=&#8221;2\/3&#8243;][vc_column_text]<\/p>\n<p style=\"text-align: justify;\"><strong>Daliform Groups ingenj\u00f6rs service<\/strong> \u00e4r tillg\u00e4nglig f\u00f6r v\u00e5ra kunder (designers, f\u00f6retag, \u00e5terf\u00f6rs\u00e4ljare, kommissions enheter) f\u00f6r planering, samarbetes planering, genomf\u00f6rbarhets studier och kostnadsanalyser. Dimensionering, utf\u00e4rdande av tester och certifikat.<br \/>\nUppskattningar, kalkuleringar och planering f\u00f6r placering av v\u00e5ra produkter. Hj\u00e4lp p\u00e5 plats.<\/p>\n<p>V\u00e5rt tekniska kontor, tack vare v\u00e5rt team av sakkunniga ingenj\u00f6rer, kan ge allt n\u00f6dv\u00e4ndigt st\u00f6d fr\u00e5n den inledande och planeringsfasen fram till byggarbetsst\u00f6d.<br \/>\n<strong>Daliform Group-produkter finns i BIM och kan enkelt s\u00e4ttas in i projektet tack vare de djupg\u00e5ende egenskaper som \u00e4r f\u00f6rknippade med f\u00f6rem\u00e5len.<\/strong>[\/vc_column_text][vc_button title=&#8221;BIM &#8211; Download&#8221; color=&#8221;primary&#8221; margin_top=&#8221;-20px&#8221; link=&#8221;url:https%3A%2F%2Fwww.daliform.com%2Fsv%2Fbim-bibliotek-daliform%2F|title:Bibliotek%20BIM&#8221;][\/vc_column_inner][\/vc_row_inner][\/vc_column][\/vc_row]<\/p>\n","protected":false},"excerpt":{"rendered":"<p>Daliform Groups ingenj\u00f6rs service \u00e4r tillg\u00e4nglig f\u00f6r v\u00e5ra kunder f\u00f6r planering, samarbetes planering, genomf\u00f6rbarhets studier och kostnadsanalyser.<\/p>\n","protected":false},"author":1,"featured_media":107407,"parent":0,"menu_order":37,"comment_status":"closed","ping_status":"closed","template":"template-product.php","meta":[],"acf":[],"aioseo_notices":[],"_links":{"self":[{"href":"https:\/\/www.daliform.com\/sv\/wp-json\/wp\/v2\/pages\/70846"}],"collection":[{"href":"https:\/\/www.daliform.com\/sv\/wp-json\/wp\/v2\/pages"}],"about":[{"href":"https:\/\/www.daliform.com\/sv\/wp-json\/wp\/v2\/types\/page"}],"author":[{"embeddable":true,"href":"https:\/\/www.daliform.com\/sv\/wp-json\/wp\/v2\/users\/1"}],"replies":[{"embeddable":true,"href":"https:\/\/www.daliform.com\/sv\/wp-json\/wp\/v2\/comments?post=70846"}],"version-history":[{"count":4,"href":"https:\/\/www.daliform.com\/sv\/wp-json\/wp\/v2\/pages\/70846\/revisions"}],"predecessor-version":[{"id":107418,"href":"https:\/\/www.daliform.com\/sv\/wp-json\/wp\/v2\/pages\/70846\/revisions\/107418"}],"wp:featuredmedia":[{"embeddable":true,"href":"https:\/\/www.daliform.com\/sv\/wp-json\/wp\/v2\/media\/107407"}],"wp:attachment":[{"href":"https:\/\/www.daliform.com\/sv\/wp-json\/wp\/v2\/media?parent=70846"}],"curies":[{"name":"wp","href":"https:\/\/api.w.org\/{rel}","templated":true}]}}