{"id":69713,"date":"2016-05-10T14:42:52","date_gmt":"2016-05-10T12:42:52","guid":{"rendered":"https:\/\/www.daliform.com\/?page_id=69713"},"modified":"2021-10-14T11:18:22","modified_gmt":"2021-10-14T09:18:22","slug":"rutnat-for-solidifiering-av-hast-fundament","status":"publish","type":"page","link":"https:\/\/www.daliform.com\/sv\/rutnat-for-solidifiering-av-hast-fundament\/","title":{"rendered":"Easy Ride"},"content":{"rendered":"<p>[vc_row][vc_column width=&#8221;1\/4&#8243;][vc_single_image image=&#8221;63807&#8243; img_size=&#8221;large&#8221;][\/vc_column][vc_column width=&#8221;3\/4&#8243;][vc_column_text]<\/p>\n<h5 style=\"text-align: justify;\">Easy Ride \u00e4r ett rutn\u00e4t gjort av \u00e5tervunnen plast som \u00e4r en milj\u00f6v\u00e4nlig och UV-str\u00e5lnings stabiliserats, vilket g\u00f6r det m\u00f6jligt att f\u00f6rb\u00e4ttra och stabilisera ytor som korsas av djur, \u00e4ven stora s\u00e5dana, bevara r\u00f6rlighet och skydda den allm\u00e4nna hygienen i deras livsmilj\u00f6.<\/h5>\n<p>[\/vc_column_text][vc_column_text]<strong>Easy Ride<\/strong>, tack vare sin elastisitet och stabilitet, \u00e4r s\u00e4rskilt l\u00e4mpad f\u00f6r omr\u00e5den f\u00f6r ridning eftersom det hindrar h\u00e4sten fr\u00e5n lidande lem skador, speciellt de som resulterar fr\u00e5n att hoppa eller springa i h\u00f6ga hastigheter, som ger den med st\u00f6rre f\u00f6ljsamhet mot marken och d\u00e4rmed f\u00f6rb\u00e4ttrad dynamisk j\u00e4mvikt.[\/vc_column_text][\/vc_column][\/vc_row]<\/p>\n","protected":false},"excerpt":{"rendered":"<p>M\u00f6jligt att f\u00f6rb\u00e4ttra och stabilisera ytor som korsas av djur, \u00e4ven stora s\u00e5dana, bevara r\u00f6rlighet och skydda den allm\u00e4nna hygienen i deras livsmilj\u00f6.<\/p>\n","protected":false},"author":1,"featured_media":63795,"parent":0,"menu_order":33,"comment_status":"closed","ping_status":"closed","template":"template-product.php","meta":[],"acf":[],"aioseo_notices":[],"_links":{"self":[{"href":"https:\/\/www.daliform.com\/sv\/wp-json\/wp\/v2\/pages\/69713"}],"collection":[{"href":"https:\/\/www.daliform.com\/sv\/wp-json\/wp\/v2\/pages"}],"about":[{"href":"https:\/\/www.daliform.com\/sv\/wp-json\/wp\/v2\/types\/page"}],"author":[{"embeddable":true,"href":"https:\/\/www.daliform.com\/sv\/wp-json\/wp\/v2\/users\/1"}],"replies":[{"embeddable":true,"href":"https:\/\/www.daliform.com\/sv\/wp-json\/wp\/v2\/comments?post=69713"}],"version-history":[{"count":0,"href":"https:\/\/www.daliform.com\/sv\/wp-json\/wp\/v2\/pages\/69713\/revisions"}],"wp:featuredmedia":[{"embeddable":true,"href":"https:\/\/www.daliform.com\/sv\/wp-json\/wp\/v2\/media\/63795"}],"wp:attachment":[{"href":"https:\/\/www.daliform.com\/sv\/wp-json\/wp\/v2\/media?parent=69713"}],"curies":[{"name":"wp","href":"https:\/\/api.w.org\/{rel}","templated":true}]}}