{"id":69028,"date":"2016-05-10T16:29:52","date_gmt":"2016-05-10T14:29:52","guid":{"rendered":"https:\/\/www.daliform.com\/?page_id=69028"},"modified":"2021-10-13T15:52:11","modified_gmt":"2021-10-13T13:52:11","slug":"skyddande-rutnat-for-redan-etablerade-grasmattor","status":"publish","type":"page","link":"https:\/\/www.daliform.com\/sv\/skyddande-rutnat-for-redan-etablerade-grasmattor\/","title":{"rendered":"Easy Park"},"content":{"rendered":"<p>[vc_row][vc_column width=&#8221;1\/4&#8243;][vc_single_image image=&#8221;63658&#8243; img_size=&#8221;large&#8221;][\/vc_column][vc_column width=&#8221;3\/4&#8243;][vc_column_text]<\/p>\n<h5><strong>Easy Park\u00ae \u00e4r ett mycket m\u00e5ngsidig tekniskt galler f\u00f6r bel\u00e4ggning av naturliga ytor. Den \u00e4r tillverkad av termoplastiskt harts och \u00e4r UV-stabiliserad och milj\u00f6v\u00e4nlig.<\/strong><\/h5>\n<p><strong>Den representerar den idealiska l\u00f6sningen f\u00f6r att permanent (eller tillf\u00e4lligt) anl\u00e4gga tillfarter, parkeringsytor, g\u00e5ngv\u00e4gar eller omr\u00e5den efter olika behov. \u00a0<\/strong><br \/>\nL\u00e5g vikt, enkel och intuitiv att installera g\u00f6r Easy Park\u00ae speciellt l\u00e4mplig f\u00f6r redan gr\u00e4sbevuxna ytor d\u00e4r gallret endast beh\u00f6ver l\u00e4ggas ut.[\/vc_column_text][\/vc_column][vc_column][vc_empty_space height=&#8221;15px&#8221;][vc_column_text]<\/p>\n<p style=\"text-align: justify;\">Tack vare den speciella strukturen skyddar <strong>Easy Park\u00ae<\/strong>, i alla v\u00e4der, gr\u00e4smattan fr\u00e5n att krossas av k\u00f6rande eller parkerade motorfordon samtidigt som den befr\u00e4mjar naturlig tillv\u00e4xt och rotbildning.<br \/>\nDen kan \u00e4ven anv\u00e4ndas f\u00f6r ytor med sand, lera och jord med l\u00e5g b\u00e4righet etc.<br \/>\nTack vare moduluppbyggnaden och det enkla systemet med han-\/honkoppling kan stora omr\u00e5den anl\u00e4ggas snabbt. Vid behov kan den snabbt demonteras och \u00e4r klar att \u00e5ter l\u00e4ggas ut.<br \/>\nEasy Park\u00ae \u00e4r tillg\u00e4nglig i gr\u00f6nt och m\u00f6rkgr\u00e5tt.<\/p>\n<p>[\/vc_column_text][\/vc_column][\/vc_row]<\/p>\n","protected":false},"excerpt":{"rendered":"<p>Easy Park Den representerar den idealiska l\u00f6sningen f\u00f6r att permanent eller tillf\u00e4lligt anl\u00e4gga tillfarter, parkeringsytor.<\/p>\n","protected":false},"author":1,"featured_media":63647,"parent":0,"menu_order":32,"comment_status":"closed","ping_status":"closed","template":"template-product.php","meta":[],"acf":[],"aioseo_notices":[],"_links":{"self":[{"href":"https:\/\/www.daliform.com\/sv\/wp-json\/wp\/v2\/pages\/69028"}],"collection":[{"href":"https:\/\/www.daliform.com\/sv\/wp-json\/wp\/v2\/pages"}],"about":[{"href":"https:\/\/www.daliform.com\/sv\/wp-json\/wp\/v2\/types\/page"}],"author":[{"embeddable":true,"href":"https:\/\/www.daliform.com\/sv\/wp-json\/wp\/v2\/users\/1"}],"replies":[{"embeddable":true,"href":"https:\/\/www.daliform.com\/sv\/wp-json\/wp\/v2\/comments?post=69028"}],"version-history":[{"count":0,"href":"https:\/\/www.daliform.com\/sv\/wp-json\/wp\/v2\/pages\/69028\/revisions"}],"wp:featuredmedia":[{"embeddable":true,"href":"https:\/\/www.daliform.com\/sv\/wp-json\/wp\/v2\/media\/63647"}],"wp:attachment":[{"href":"https:\/\/www.daliform.com\/sv\/wp-json\/wp\/v2\/media?parent=69028"}],"curies":[{"name":"wp","href":"https:\/\/api.w.org\/{rel}","templated":true}]}}