{"id":67868,"date":"2016-05-13T09:04:52","date_gmt":"2016-05-13T07:04:52","guid":{"rendered":"https:\/\/www.daliform.com\/?page_id=67868"},"modified":"2021-10-11T09:03:16","modified_gmt":"2021-10-11T07:03:16","slug":"eco-rutnat-for-uppfarts-golv-med-gras-finish","status":"publish","type":"page","link":"https:\/\/www.daliform.com\/sv\/eco-rutnat-for-uppfarts-golv-med-gras-finish\/","title":{"rendered":"E.C.O. di Pratopratico\u00ae"},"content":{"rendered":"<p>[vc_row][vc_column width=&#8221;1\/4&#8243;][vc_single_image image=&#8221;67812&#8243; img_size=&#8221;large&#8221;][\/vc_column][vc_column width=&#8221;3\/4&#8243;][vc_column_text]<\/p>\n<h5 style=\"text-align: justify;\"><strong>E.C.O. di PRATOPRATICO\u00ae \u00e4r en dekorativ del som l\u00e4mpar sig f\u00f6r fordon som m\u00f6jligg\u00f6r skapandet av gr\u00e4s uppfarter eller stigar och utrustade omr\u00e5den, h\u00e5lla jorden kompakt och skydda gr\u00e4set fr\u00e5n att krossas, speciellt i omr\u00e5den som anv\u00e4nds ofta.<\/strong><\/h5>\n<p style=\"text-align: justify;\">E.C.O. di PRATOPRATICO\u00ae \u00e4r tillverkad av ett speciellt plastmaterial (halv rent med h\u00f6g teknisk och mekanisk prestanda och h\u00e4lften \u00e5tervunnet) som kan erbjuda utm\u00e4rkt kvalitet \/ pris f\u00f6rh\u00e5llande.<\/p>\n<p>[\/vc_column_text][\/vc_column][vc_column][vc_empty_space height=&#8221;15px&#8221;][vc_column_text]<span lang=\"sv\">Anv\u00e4ndningen av \u00e5tervunnet material, \u00e4ven om det representerar ett lovv\u00e4rt initiativ ur en ekologisk synvinkel, \u00e4r inte alltid fri fr\u00e5n kontraindikationer. En \u00e5tervunnen f\u00f6rening p\u00e5verkar s\u00e4kert priset gynnsamt, dock p\u00e5 bekostnad av produktens kvalitet och h\u00e5llbarhet. Just av denna anledning E.C.O. di PRATOPRATICO\u00ae \u00e4r gjord av 50% jungfruligt material f\u00f6r att p\u00e5 ett f\u00f6rdelaktigt s\u00e4tt kombinera produktens kostnadseffektivitet och kvalitet.<\/span>[\/vc_column_text][\/vc_column][\/vc_row]<\/p>\n","protected":false},"excerpt":{"rendered":"<p>E.C.O. by Pratopratico \u00e4r ett modul\u00e4rt plastgaller f\u00f6r utomhus anv\u00e4ndning som realiserar asfalterade uppfarter med gr\u00e4smatte finish.<\/p>\n","protected":false},"author":1,"featured_media":62420,"parent":0,"menu_order":29,"comment_status":"closed","ping_status":"closed","template":"template-product.php","meta":[],"acf":[],"aioseo_notices":[],"_links":{"self":[{"href":"https:\/\/www.daliform.com\/sv\/wp-json\/wp\/v2\/pages\/67868"}],"collection":[{"href":"https:\/\/www.daliform.com\/sv\/wp-json\/wp\/v2\/pages"}],"about":[{"href":"https:\/\/www.daliform.com\/sv\/wp-json\/wp\/v2\/types\/page"}],"author":[{"embeddable":true,"href":"https:\/\/www.daliform.com\/sv\/wp-json\/wp\/v2\/users\/1"}],"replies":[{"embeddable":true,"href":"https:\/\/www.daliform.com\/sv\/wp-json\/wp\/v2\/comments?post=67868"}],"version-history":[{"count":0,"href":"https:\/\/www.daliform.com\/sv\/wp-json\/wp\/v2\/pages\/67868\/revisions"}],"wp:featuredmedia":[{"embeddable":true,"href":"https:\/\/www.daliform.com\/sv\/wp-json\/wp\/v2\/media\/62420"}],"wp:attachment":[{"href":"https:\/\/www.daliform.com\/sv\/wp-json\/wp\/v2\/media?parent=67868"}],"curies":[{"name":"wp","href":"https:\/\/api.w.org\/{rel}","templated":true}]}}