{"id":67783,"date":"2016-05-25T10:21:49","date_gmt":"2016-05-25T08:21:49","guid":{"rendered":"https:\/\/www.daliform.com\/?page_id=67783"},"modified":"2022-03-02T10:30:22","modified_gmt":"2022-03-02T09:30:22","slug":"vattenspridnings-tankar","status":"publish","type":"page","link":"https:\/\/www.daliform.com\/sv\/regnvattensamlings-tankar-och-spridningstankar\/applicering-atlantis-tank\/vattenspridnings-tankar\/","title":{"rendered":"Vattenspridnings tankar"},"content":{"rendered":"<p>[vc_row padding_top=&#8221;0&#8243; padding_bottom=&#8221;0&#8243;][vc_column]\n\t<div class=\"custom-heading wpb_content_element  heading-medium\">\n\t\t<h2 class=\"heading-title\" >Den genomf\u00f6rda tanken kan varalastas direkt p\u00e5 betongskikteteller placeras under jorden f\u00f6r att skapa en asfalterad parkeringsplats eller ett gr\u00f6nt omr\u00e5dep\u00e5 ytan.<\/h2>\n\t\t<span class=\"heading-line primary\"><\/span>\n\t<\/div>[\/vc_column][\/vc_row][vc_row][vc_column width=&#8221;1\/2&#8243;][vc_single_image image=&#8221;61272&#8243; img_size=&#8221;full&#8221;][\/vc_column][vc_column width=&#8221;1\/2&#8243;][vc_column_text]<\/p>\n<h5 style=\"text-align: justify;\"><strong>I j\u00e4mf\u00f6relse med uppsamlingstankar, \u00e4r spridningstankar areinte helt vattent\u00e4ta men till\u00e5ter gradvis fris\u00e4ttning av regnvatten till vattens\u00e4ngen genom slitsar i v\u00e4ggarna eller dr\u00e4nering i botten.<\/strong><\/h5>\n<p style=\"text-align: justify;\">Sprdnings tankar \u00e4r ett medel f\u00f6r attbalansera grundvattnet som har minskatp\u00e5 grund av cementification, som har allvarligt minskat den naturliga dr\u00e4nerings kapaciteten i marken. Som tidigare, p\u00e5 avrinningsomr\u00e5det, kan spridningstankar vara ettverktyg f\u00f6r planering, och d\u00e4rmed minska hydrogeologiska risker.<\/p>\n<p><strong>P\u00e5 en allm\u00e4n niv\u00e5, p\u00e5 avrinningsomr\u00e5den, finns det m\u00e5nga f\u00f6rdelar:<\/strong><br \/>\n\u2022 att lindra avloppssystem vid kraftigt regn och s\u00e4nkning av kapaciteten levereras till vattenrenare och slutdestinationen (floder, sj\u00f6ar, hav, etc);<br \/>\n\u2022 den lokala hydrologiska balansen bevaras.[\/vc_column_text][\/vc_column][vc_column][vc_column_text]<\/p>\n<div>\n<p style=\"text-align: justify;\"><strong>Den genomf\u00f6rda tanken kan varalastas direkt p\u00e5 betongskikteteller placeras under jorden f\u00f6r att skapa en asfalterad parkeringsplats eller ett gr\u00f6nt omr\u00e5dep\u00e5 ytan.<\/strong><\/p>\n<p style=\"text-align: justify;\">Med tanke p\u00e5 en mer lokal skala, kan andra anv\u00e4ndningsomr\u00e5den definieras s\u00e5som avloppssystem (dr\u00e4nerings avlopp och blandat). Det p\u00e5verkas \u00e4ven av regnet och normalt m\u00e5ste g\u00f6ras st\u00f6rre eftersom stadsomr\u00e5det expanderar. Anv\u00e4ndningen avspridnings tankar,\u00e4ven koncentrerade till olika punkter i det territorium d\u00e4r regnvatten samlas in fr\u00e5n flera omr\u00e5den \u00e4r riktat, skulle g\u00f6ra det m\u00f6jligt att minska kostnadernarelaterad till att skapa m\u00e5nga sm\u00e5 och medelstora bass\u00e4nger och s\u00e4nka de kollektiva kostnaderna f\u00f6r att m\u00f6jligg\u00f6ra en \u00f6kning av avloppskapacitet. En noggrann l\u00f6nsamhetsanalys kan leda de lokala myndigheterna att inf\u00f6ra stadsplanerings skyldigheter f\u00f6r att lokalt skingra regnvattnet, uppr\u00e4tth\u00e5lla vattenbalansen, minskar de kollektiva kostnaderna f\u00f6r systemf\u00f6rvaltning, leverera lokalt grundvatten, fr\u00e4mja more sustainable growth.<\/p>\n<p><strong>F\u00f6rdelarna p\u00e5 en allm\u00e4n niv\u00e5, p\u00e5 en gemenskapsniv\u00e5, \u00e4r:<\/strong><br \/>\n\u2022 de offentliga insamlingsn\u00e4ten kommer ej att beh\u00f6va ut\u00f6kas p\u00e5 grund av \u00f6verskottet av regnvattnet som absorberas av marken p\u00e5 en stads niv\u00e5, p\u00e5 grund av progressiv cementification, h\u00e5lls det eller sprids lokalt;<br \/>\n\u2022 minskad risk f\u00f6r m\u00e4ttnad av avloppssystemet<br \/>\n\u2022 f\u00f6rser lokalt grundvatten<\/p>\n<\/div>\n<p>[\/vc_column_text][\/vc_column][\/vc_row][vc_row][vc_column][vc_separator][vc_column_text css=&#8221;.vc_custom_1633696651774{margin-bottom: 15px !important;}&#8221;]<strong><span lang=\"sv\">REKOMMENDERADE PRODUKTER<\/span>:<\/strong>[\/vc_column_text][vc_empty_space height=&#8221;10px&#8221;][\/vc_column][vc_column][vc_masonry_grid post_type=&#8221;ids&#8221; element_width=&#8221;3&#8243; grid_id=&#8221;vc_gid:1633696580535-27439460-a066-1&#8243; include=&#8221;4620&#8243; el_class=&#8221;text-size-p&#8221;][\/vc_column][\/vc_row]<\/p>\n","protected":false},"excerpt":{"rendered":"<p>Spridnings tankar med Atlantis Tank \u00e4r menade att mildra effekterna av \u00f6versv\u00e4mningar orsakad av exceptionella v\u00e4der h\u00e4ndelser. <\/p>\n","protected":false},"author":1,"featured_media":61262,"parent":67003,"menu_order":2,"comment_status":"closed","ping_status":"closed","template":"","meta":[],"acf":[],"aioseo_notices":[],"_links":{"self":[{"href":"https:\/\/www.daliform.com\/sv\/wp-json\/wp\/v2\/pages\/67783"}],"collection":[{"href":"https:\/\/www.daliform.com\/sv\/wp-json\/wp\/v2\/pages"}],"about":[{"href":"https:\/\/www.daliform.com\/sv\/wp-json\/wp\/v2\/types\/page"}],"author":[{"embeddable":true,"href":"https:\/\/www.daliform.com\/sv\/wp-json\/wp\/v2\/users\/1"}],"replies":[{"embeddable":true,"href":"https:\/\/www.daliform.com\/sv\/wp-json\/wp\/v2\/comments?post=67783"}],"version-history":[{"count":0,"href":"https:\/\/www.daliform.com\/sv\/wp-json\/wp\/v2\/pages\/67783\/revisions"}],"up":[{"embeddable":true,"href":"https:\/\/www.daliform.com\/sv\/wp-json\/wp\/v2\/pages\/67003"}],"wp:featuredmedia":[{"embeddable":true,"href":"https:\/\/www.daliform.com\/sv\/wp-json\/wp\/v2\/media\/61262"}],"wp:attachment":[{"href":"https:\/\/www.daliform.com\/sv\/wp-json\/wp\/v2\/media?parent=67783"}],"curies":[{"name":"wp","href":"https:\/\/api.w.org\/{rel}","templated":true}]}}