{"id":67727,"date":"2016-05-25T10:18:32","date_gmt":"2016-05-25T08:18:32","guid":{"rendered":"https:\/\/www.daliform.com\/?page_id=67727"},"modified":"2022-03-02T10:35:14","modified_gmt":"2022-03-02T09:35:14","slug":"vattensamlings-tankar","status":"publish","type":"page","link":"https:\/\/www.daliform.com\/sv\/regnvattensamlings-tankar-och-spridningstankar\/applicering-atlantis-tank\/vattensamlings-tankar\/","title":{"rendered":"Vattensamlings tankar"},"content":{"rendered":"<p>[vc_row padding_top=&#8221;0&#8243; padding_bottom=&#8221;0&#8243;][vc_column]\n\t<div class=\"custom-heading wpb_content_element  heading-medium\">\n\t\t<h2 class=\"heading-title\" >Tack vare sin modul\u00e4ra konstruktion och man\u00f6verf\u00f6rm\u00e5ga, enkel installation och stora vertikala ackumuleringskapacitet, \u00e4r Atlantis det perfekta verktyget f\u00f6r att skapa stor volyms tankar till ett extremt l\u00e5gt pris.<\/h2>\n\t\t<span class=\"heading-line primary\"><\/span>\n\t<\/div>[\/vc_column][\/vc_row][vc_row][vc_column width=&#8221;1\/2&#8243;][vc_single_image image=&#8221;61236&#8243; img_size=&#8221;full&#8221;][\/vc_column][vc_column width=&#8221;1\/2&#8243;][vc_column_text]<\/p>\n<p style=\"text-align: justify;\">Dess sf\u00e4riska v\u00e4lvda struktur ger betonggjutning med avsev\u00e4rt motst\u00e5nd med mindre tjocklek, s\u00e5 att utsidan av tanken kan anv\u00e4ndas som en yta f\u00f6r en parkeringsplats (ex.: IKEAs parkeringsplats i Amsterdam) eller f\u00f6r idrottsanl\u00e4ggningar (ex.: tennisplaner, fotbolls f\u00e4lt etc.).<br \/>\nSamma princip kan ocks\u00e5 till\u00e4mpas p\u00e5bostadshus, b\u00e5de f\u00f6r enskilda bost\u00e4der eller i fallet med skiften. Det g\u00e5r faktiskt att f\u00f6rbereda l\u00e4mpliga volymer f\u00f6r att t\u00e4ckas med Atlantis forms\u00e4ttningar, som senare kommer att fyllas med regnvatten som samlas in av byggnadens regnvattnen dr\u00e4neringssystem.<br \/>\nVolymen av insamlat vatten kan anv\u00e4ndas f\u00f6r alla applikationer som inte kr\u00e4ver dricksvatten, till exempel f\u00f6r att spola wc, f\u00f6r tv\u00e4ttmaskin, vattna i tr\u00e4dg\u00e5rden, brandsl\u00e4ckningspumpar etc. Tanken m\u00e5ste g\u00f6ras vattent\u00e4t och har en \u00f6verfl\u00f6des ventil installerad.<\/p>\n<p>[\/vc_column_text][\/vc_column][\/vc_row][vc_row][vc_column][vc_column_text]<\/p>\n<div>\n<div>\n<p style=\"text-align: justify;\"><strong>Tank underh\u00e5ll \u00e4r m\u00f6jligt genom de stora g\u00e5ngbara utrymmen inne i tanken, som skapats genom den kombinerade anv\u00e4ndningen av Atlantis system och Beton Up tillbeh\u00f6ret.<\/strong><\/p>\n<p style=\"text-align: justify;\"><strong>Ett stort avst\u00e5nd mellan kolumnerna kan erh\u00e5llas med anv\u00e4ndning av Atlantis 100%.<\/strong><\/p>\n<p style=\"text-align: justify;\"><strong>I den privata sektorn skulle 50% av v\u00e5rt dagliga vatten behov kunna ers\u00e4ttas av regnvatten:<\/strong><br \/>\n\u2022 f\u00f6r bevattning (fr\u00e4mjar det optimal mineralabsorption);<br \/>\n\u2022 f\u00f6r tv\u00e4ttmaskin och st\u00e4dning (regnvattnet fr\u00e4mjar inte bildandet av kalkavlagringar);<br \/>\n\u2022 f\u00f6r att spola toaletten;<br \/>\n\u2022 f\u00f6r att tv\u00e4tta bilen;<br \/>\nuppenbarligen utan kostnad f\u00f6r dess anv\u00e4ndning.<br \/>\nRegnvatten kan ocks\u00e5 anv\u00e4ndas i industrisektorn (fabriker, kontor) i produktiv kylning, tv\u00e4tt, sk\u00f6ljprocesser och alla andra icke-livsmedelsprocesser samt f\u00f6r brandsl\u00e4ckningssystem som anv\u00e4nder ackumulatortankar.<\/p>\n<\/div>\n<\/div>\n<p>[\/vc_column_text][\/vc_column][\/vc_row][vc_row][vc_column][vc_separator][vc_column_text css=&#8221;.vc_custom_1633694878839{margin-bottom: 15px !important;}&#8221;]<strong><span lang=\"sv\">REKOMMENDERADE PRODUKTER<\/span>:<br \/>\n<\/strong>[\/vc_column_text][vc_empty_space height=&#8221;10px&#8221;][\/vc_column][vc_column][vc_masonry_grid post_type=&#8221;ids&#8221; element_width=&#8221;3&#8243; grid_id=&#8221;vc_gid:1633694799106-5d480764-03ac-5&#8243; include=&#8221;4620&#8243; el_class=&#8221;text-size-p&#8221;][\/vc_column][\/vc_row]<\/p>\n","protected":false},"excerpt":{"rendered":"<p>Atlantis Tank det perfekta verktyget f\u00f6r att skapa stor volyms tankar till ett extremt l\u00e5gt pris.<\/p>\n","protected":false},"author":1,"featured_media":61110,"parent":67003,"menu_order":1,"comment_status":"closed","ping_status":"closed","template":"","meta":[],"acf":[],"aioseo_notices":[],"_links":{"self":[{"href":"https:\/\/www.daliform.com\/sv\/wp-json\/wp\/v2\/pages\/67727"}],"collection":[{"href":"https:\/\/www.daliform.com\/sv\/wp-json\/wp\/v2\/pages"}],"about":[{"href":"https:\/\/www.daliform.com\/sv\/wp-json\/wp\/v2\/types\/page"}],"author":[{"embeddable":true,"href":"https:\/\/www.daliform.com\/sv\/wp-json\/wp\/v2\/users\/1"}],"replies":[{"embeddable":true,"href":"https:\/\/www.daliform.com\/sv\/wp-json\/wp\/v2\/comments?post=67727"}],"version-history":[{"count":0,"href":"https:\/\/www.daliform.com\/sv\/wp-json\/wp\/v2\/pages\/67727\/revisions"}],"up":[{"embeddable":true,"href":"https:\/\/www.daliform.com\/sv\/wp-json\/wp\/v2\/pages\/67003"}],"wp:featuredmedia":[{"embeddable":true,"href":"https:\/\/www.daliform.com\/sv\/wp-json\/wp\/v2\/media\/61110"}],"wp:attachment":[{"href":"https:\/\/www.daliform.com\/sv\/wp-json\/wp\/v2\/media?parent=67727"}],"curies":[{"name":"wp","href":"https:\/\/api.w.org\/{rel}","templated":true}]}}